{"id":126658,"date":"2025-07-30T19:59:41","date_gmt":"2025-07-30T17:59:41","guid":{"rendered":"https:\/\/www.budream.com\/shop\/dutch-passion-power-plant-reg-10-semillas\/"},"modified":"2025-12-22T11:39:11","modified_gmt":"2025-12-22T09:39:11","slug":"dutch-passion-power-plant-reg-10-semillas","status":"publish","type":"product","link":"https:\/\/www.budream.com\/es\/shop\/dutch-passion-power-plant-reg-10-semillas\/","title":{"rendered":"DUTCH PASSION &#8211; POWER PLANT REG | 10 SEMILLAS"},"content":{"rendered":"<div style=\"text-align: justify\">Power Plant es, junto con White Widow, una de las variedades m\u00e1s famosas de Dutch Passion. Introducida en 1997, ha crecido r\u00e1pidamente hasta convertirse en una de esas variedades imprescindibles. La gen\u00e9tica de esta cepa procede de Sud\u00e1frica, es muy estable y tiene un enorme potencial. Nuestra Power Plant original nunca ha sido hibridada, s\u00f3lo ha sido cruzada y s\u00f3lo est\u00e1 disponible en Dutch Passion. Un cl\u00e1sico original de Dutch Passion.<\/div>\n<p><\/p>\n<h2><strong>Caracter\u00edsticas Power Plant Reg Dutch Passion:<\/strong><\/h2>\n<ul style=\"list-style-type: disc\">\n<li><strong>G\u00e9nero:<\/strong> H\u00edbrido Regular XXL<\/li>\n<li><strong>Genotipo:<\/strong> H\u00edbrido mayoritariamente Sativa<\/li>\n<li><strong>Gen\u00e9tica:<\/strong> Original sudafricana Power Plant<\/li>\n<li><strong>D\u00edas:<\/strong> 56<\/li>\n<\/ul>\n<p><\/p>\n<div style=\"text-align: justify\"><span style=\"font-size: 11pt\"><em><strong>ADVERTENCIA:<\/strong> Las semillas de c\u00e1\u00f1amo est\u00e1n excluidas de la noci\u00f3n legal de Cannabis, lo que significa que no deben considerarse una sustancia estupefaciente (L. 412 de 1974, art. 1, p\u00e1rrafo 1, lett. B; Convenci\u00f3n \u00danica sobre Estupefacientes de Nueva York de 1961 y tabla II del Decreto Ministerial 27\/7\/1992). En Italia, el cultivo del c\u00e1\u00f1amo est\u00e1 prohibido (art\u00edculos 28 y 73 del Decreto Presidencial 309\/90) a menos que se obtenga una autorizaci\u00f3n especial (art\u00edculo 17 del Decreto Presidencial 309\/90). A falta de autorizaci\u00f3n, las semillas s\u00f3lo pueden utilizarse para otros fines (zoot\u00e9cnicos, recolecci\u00f3n, etc.). Las semillas se venden con la reserva de que no sean utilizadas por terceros en conflicto con la ley.<\/em><\/span><\/div>\n<p><\/p>\n<div><\/div>\n","protected":false},"excerpt":{"rendered":"<p>Power Plant es, junto con White Widow, una de las variedades m\u00e1s famosas de Dutch Passion. Introducida en 1997, ha<\/p>\n","protected":false},"featured_media":126654,"comment_status":"open","ping_status":"closed","template":"","meta":[],"product_brand":[],"product_cat":[7953],"product_tag":[],"class_list":{"0":"post-126658","1":"product","2":"type-product","3":"status-publish","4":"has-post-thumbnail","6":"product_cat-seedshop-es","8":"first","9":"instock","10":"sale","11":"taxable","12":"shipping-taxable","13":"purchasable","14":"product-type-simple"},"_links":{"self":[{"href":"https:\/\/www.budream.com\/es\/wp-json\/wp\/v2\/product\/126658","targetHints":{"allow":["GET"]}}],"collection":[{"href":"https:\/\/www.budream.com\/es\/wp-json\/wp\/v2\/product"}],"about":[{"href":"https:\/\/www.budream.com\/es\/wp-json\/wp\/v2\/types\/product"}],"replies":[{"embeddable":true,"href":"https:\/\/www.budream.com\/es\/wp-json\/wp\/v2\/comments?post=126658"}],"version-history":[{"count":0,"href":"https:\/\/www.budream.com\/es\/wp-json\/wp\/v2\/product\/126658\/revisions"}],"wp:featuredmedia":[{"embeddable":true,"href":"https:\/\/www.budream.com\/es\/wp-json\/wp\/v2\/media\/126654"}],"wp:attachment":[{"href":"https:\/\/www.budream.com\/es\/wp-json\/wp\/v2\/media?parent=126658"}],"wp:term":[{"taxonomy":"product_brand","embeddable":true,"href":"https:\/\/www.budream.com\/es\/wp-json\/wp\/v2\/product_brand?post=126658"},{"taxonomy":"product_cat","embeddable":true,"href":"https:\/\/www.budream.com\/es\/wp-json\/wp\/v2\/product_cat?post=126658"},{"taxonomy":"product_tag","embeddable":true,"href":"https:\/\/www.budream.com\/es\/wp-json\/wp\/v2\/product_tag?post=126658"}],"curies":[{"name":"wp","href":"https:\/\/api.w.org\/{rel}","templated":true}]}}