{"id":126668,"date":"2025-07-30T20:00:13","date_gmt":"2025-07-30T18:00:13","guid":{"rendered":"https:\/\/www.budream.com\/shop\/dutch-passion-mazar-reg-10-semillas\/"},"modified":"2026-02-19T12:59:51","modified_gmt":"2026-02-19T10:59:51","slug":"dutch-passion-mazar-reg-10-semillas","status":"publish","type":"product","link":"https:\/\/www.budream.com\/es\/shop\/dutch-passion-mazar-reg-10-semillas\/","title":{"rendered":"DUTCH PASSION &#8211; MAZAR REG | 10 SEMILLAS"},"content":{"rendered":"<p>Nuestra Mazar original es un gran cl\u00e1sico de los a\u00f1os 80, desarrollada a partir de una Skunk #1 especial cruzada con una Afghan de alta calidad. En 1997 esta mezcla gen\u00e9tica se mejor\u00f3 a\u00fan m\u00e1s, y hasta el d\u00eda de hoy Mazar sigue siendo una de nuestras cepas m\u00e1s vendidas y populares.<\/p>\n<h2><strong>Caracter\u00edsticas Mazar Reg Dutch Passion:<\/strong><\/h2>\n<ul style=\"list-style-type: disc\">\n<li><strong>G\u00e9nero:<\/strong> H\u00edbrido Regular XL<\/li>\n<li><strong>Genotipo:<\/strong> H\u00edbrido Indica dominante<\/li>\n<li><strong>Gen\u00e9tica:<\/strong> Skunk#1 X Afghani<\/li>\n<li><strong>D\u00edas:<\/strong> 56<\/li>\n<\/ul>\n<p><span style=\"font-size: 11pt\"><em><strong>ADVERTENCIA:<\/strong> Las semillas de c\u00e1\u00f1amo est\u00e1n excluidas de la noci\u00f3n legal de Cannabis, lo que significa que no deben considerarse una sustancia estupefaciente (L. 412 de 1974, Art. 1, p\u00e1rrafo 1, lett. B; Convenci\u00f3n \u00danica sobre Estupefacientes de Nueva York de 1961 y tabla II del Decreto Ministerial 27\/7\/1992). En Italia, el cultivo del c\u00e1\u00f1amo est\u00e1 prohibido (art\u00edculos 28 y 73 del Decreto Presidencial 309\/90) a menos que se obtenga una autorizaci\u00f3n especial (art\u00edculo 17 del Decreto Presidencial 309\/90). A falta de autorizaci\u00f3n, las semillas s\u00f3lo pueden utilizarse para otros fines (zoot\u00e9cnicos, recolecci\u00f3n, etc.). Las semillas se venden con la reserva de que no sean utilizadas por terceros en conflicto con la ley.<\/em><\/span><\/p>\n<div><\/div>\n","protected":false},"excerpt":{"rendered":"<p>Nuestra Mazar original es un gran cl\u00e1sico de los a\u00f1os 80, desarrollada a partir de una Skunk #1 especial cruzada<\/p>\n","protected":false},"featured_media":126664,"comment_status":"open","ping_status":"closed","template":"","meta":[],"product_brand":[],"product_cat":[7953],"product_tag":[],"class_list":{"0":"post-126668","1":"product","2":"type-product","3":"status-publish","4":"has-post-thumbnail","6":"product_cat-seedshop-es","8":"first","9":"instock","10":"sale","11":"taxable","12":"shipping-taxable","13":"purchasable","14":"product-type-simple"},"_links":{"self":[{"href":"https:\/\/www.budream.com\/es\/wp-json\/wp\/v2\/product\/126668","targetHints":{"allow":["GET"]}}],"collection":[{"href":"https:\/\/www.budream.com\/es\/wp-json\/wp\/v2\/product"}],"about":[{"href":"https:\/\/www.budream.com\/es\/wp-json\/wp\/v2\/types\/product"}],"replies":[{"embeddable":true,"href":"https:\/\/www.budream.com\/es\/wp-json\/wp\/v2\/comments?post=126668"}],"version-history":[{"count":0,"href":"https:\/\/www.budream.com\/es\/wp-json\/wp\/v2\/product\/126668\/revisions"}],"wp:featuredmedia":[{"embeddable":true,"href":"https:\/\/www.budream.com\/es\/wp-json\/wp\/v2\/media\/126664"}],"wp:attachment":[{"href":"https:\/\/www.budream.com\/es\/wp-json\/wp\/v2\/media?parent=126668"}],"wp:term":[{"taxonomy":"product_brand","embeddable":true,"href":"https:\/\/www.budream.com\/es\/wp-json\/wp\/v2\/product_brand?post=126668"},{"taxonomy":"product_cat","embeddable":true,"href":"https:\/\/www.budream.com\/es\/wp-json\/wp\/v2\/product_cat?post=126668"},{"taxonomy":"product_tag","embeddable":true,"href":"https:\/\/www.budream.com\/es\/wp-json\/wp\/v2\/product_tag?post=126668"}],"curies":[{"name":"wp","href":"https:\/\/api.w.org\/{rel}","templated":true}]}}