{"id":126678,"date":"2025-07-30T20:00:43","date_gmt":"2025-07-30T18:00:43","guid":{"rendered":"https:\/\/www.budream.com\/shop\/dutch-passion-white-widow-reg-10-semillas\/"},"modified":"2026-03-27T10:01:39","modified_gmt":"2026-03-27T08:01:39","slug":"dutch-passion-white-widow-reg-10-semillas","status":"publish","type":"product","link":"https:\/\/www.budream.com\/es\/shop\/dutch-passion-white-widow-reg-10-semillas\/","title":{"rendered":"DUTCH PASSION &#8211; WHITE WIDOW REG | 10 SEMILLAS"},"content":{"rendered":"<div style=\"text-align: justify\">Nuestra White Widow original se cre\u00f3 cruzando cepas brasile\u00f1as e indias. Si buscas la White Widow original de los a\u00f1os 80 y 90, has llegado al lugar adecuado. Creemos que nuestra versi\u00f3n es la m\u00e1s aut\u00e9ntica disponible en el mercado. A nuestros clientes les encanta la White Widow original de Dutch Passion.<\/div>\n<p><\/p>\n<h2><strong>Caracter\u00edsticas White Widow Reg Dutch Passion:<\/strong><\/h2>\n<ul style=\"list-style-type: disc\">\n<li><strong>G\u00e9nero:<\/strong> Regular XL<\/li>\n<li><strong>Genotipo:<\/strong> H\u00edbrido Indica-dominante<\/li>\n<li><strong>Gen\u00e9tica: <\/strong>White Widow F1 cl\u00e1sica<\/li>\n<li><strong>D\u00edas:<\/strong> 56<\/li>\n<\/ul>\n<p><\/p>\n<div style=\"text-align: justify\"><span style=\"font-size: 11pt\"><em><strong>ATENCI\u00d3N:<\/strong> Las semillas de c\u00e1\u00f1amo est\u00e1n excluidas de la noci\u00f3n legal de Cannabis, lo que significa que no deben considerarse una sustancia estupefaciente (Ley 412 de 1974, Art. 1, p\u00e1rrafo 1, lett. B; Convenci\u00f3n \u00danica sobre Estupefacientes de Nueva York de 1961 y tabla II del Decreto Ministerial 27\/7\/1992). En Italia, el cultivo del c\u00e1\u00f1amo est\u00e1 prohibido (art\u00edculos 28 y 73 del Decreto Presidencial 309\/90) a menos que se obtenga una autorizaci\u00f3n especial (art\u00edculo 17 del Decreto Presidencial 309\/90). A falta de autorizaci\u00f3n, las semillas s\u00f3lo pueden utilizarse para otros fines (zoot\u00e9cnicos, recolecci\u00f3n, etc.). Las semillas se venden con la reserva de que no sean utilizadas por terceros en conflicto con la ley.<\/em><\/span><\/div>\n<p><\/p>\n<div><\/div>\n","protected":false},"excerpt":{"rendered":"<p>Nuestra White Widow original se cre\u00f3 cruzando cepas brasile\u00f1as e indias. Si buscas la White Widow original de los a\u00f1os<\/p>\n","protected":false},"featured_media":126674,"comment_status":"open","ping_status":"closed","template":"","meta":[],"product_brand":[],"product_cat":[7953],"product_tag":[],"class_list":{"0":"post-126678","1":"product","2":"type-product","3":"status-publish","4":"has-post-thumbnail","6":"product_cat-seedshop-es","8":"first","9":"instock","10":"sale","11":"taxable","12":"shipping-taxable","13":"purchasable","14":"product-type-simple"},"_links":{"self":[{"href":"https:\/\/www.budream.com\/es\/wp-json\/wp\/v2\/product\/126678","targetHints":{"allow":["GET"]}}],"collection":[{"href":"https:\/\/www.budream.com\/es\/wp-json\/wp\/v2\/product"}],"about":[{"href":"https:\/\/www.budream.com\/es\/wp-json\/wp\/v2\/types\/product"}],"replies":[{"embeddable":true,"href":"https:\/\/www.budream.com\/es\/wp-json\/wp\/v2\/comments?post=126678"}],"version-history":[{"count":0,"href":"https:\/\/www.budream.com\/es\/wp-json\/wp\/v2\/product\/126678\/revisions"}],"wp:featuredmedia":[{"embeddable":true,"href":"https:\/\/www.budream.com\/es\/wp-json\/wp\/v2\/media\/126674"}],"wp:attachment":[{"href":"https:\/\/www.budream.com\/es\/wp-json\/wp\/v2\/media?parent=126678"}],"wp:term":[{"taxonomy":"product_brand","embeddable":true,"href":"https:\/\/www.budream.com\/es\/wp-json\/wp\/v2\/product_brand?post=126678"},{"taxonomy":"product_cat","embeddable":true,"href":"https:\/\/www.budream.com\/es\/wp-json\/wp\/v2\/product_cat?post=126678"},{"taxonomy":"product_tag","embeddable":true,"href":"https:\/\/www.budream.com\/es\/wp-json\/wp\/v2\/product_tag?post=126678"}],"curies":[{"name":"wp","href":"https:\/\/api.w.org\/{rel}","templated":true}]}}