{"id":126688,"date":"2025-07-30T20:02:46","date_gmt":"2025-07-30T18:02:46","guid":{"rendered":"https:\/\/www.budream.com\/shop\/humo-secreto-hash-shaker-s\/"},"modified":"2026-03-11T12:35:18","modified_gmt":"2026-03-11T10:35:18","slug":"humo-secreto-hash-shaker-s","status":"publish","type":"product","link":"https:\/\/www.budream.com\/es\/shop\/humo-secreto-hash-shaker-s\/","title":{"rendered":"HUMO SECRETO &#8211; HASH SHAKER | S"},"content":{"rendered":"<p>Los extractores de humo secreto se utilizan para producir manualmente polen y tamizar en seco: basta con colocar las inflorescencias o el recorte en el agitador de hach\u00eds, agitar durante unos minutos y recoger el resultado del fondo del extractor.<br \/>Se recomienda colocar el extractor y el material en el congelador durante unos minutos antes de la extracci\u00f3n: esto facilitar\u00e1 la separaci\u00f3n de los tricomas del material.<br \/><span style=\"text-decoration: underline\"><br \/><\/span><\/p>\n<h2><span style=\"text-decoration: underline\">Caracter\u00edsticas extractor de polen manual y tamiz en seco:<\/span><\/h2>\n<ul>\n<li>Luz de malla: 160 micras<\/li>\n<li>Longitud: 12 cm<\/li>\n<li>Di\u00e1metro: 7,5 cm<\/li>\n<\/ul>\n","protected":false},"excerpt":{"rendered":"<p>Los extractores de humo secreto se utilizan para producir manualmente polen y tamizar en seco: basta con colocar las inflorescencias<\/p>\n","protected":false},"featured_media":126684,"comment_status":"open","ping_status":"closed","template":"","meta":[],"product_brand":[],"product_cat":[7948],"product_tag":[],"class_list":{"0":"post-126688","1":"product","2":"type-product","3":"status-publish","4":"has-post-thumbnail","6":"product_cat-headshop-es","8":"first","9":"instock","10":"taxable","11":"shipping-taxable","12":"purchasable","13":"product-type-simple"},"_links":{"self":[{"href":"https:\/\/www.budream.com\/es\/wp-json\/wp\/v2\/product\/126688","targetHints":{"allow":["GET"]}}],"collection":[{"href":"https:\/\/www.budream.com\/es\/wp-json\/wp\/v2\/product"}],"about":[{"href":"https:\/\/www.budream.com\/es\/wp-json\/wp\/v2\/types\/product"}],"replies":[{"embeddable":true,"href":"https:\/\/www.budream.com\/es\/wp-json\/wp\/v2\/comments?post=126688"}],"version-history":[{"count":0,"href":"https:\/\/www.budream.com\/es\/wp-json\/wp\/v2\/product\/126688\/revisions"}],"wp:featuredmedia":[{"embeddable":true,"href":"https:\/\/www.budream.com\/es\/wp-json\/wp\/v2\/media\/126684"}],"wp:attachment":[{"href":"https:\/\/www.budream.com\/es\/wp-json\/wp\/v2\/media?parent=126688"}],"wp:term":[{"taxonomy":"product_brand","embeddable":true,"href":"https:\/\/www.budream.com\/es\/wp-json\/wp\/v2\/product_brand?post=126688"},{"taxonomy":"product_cat","embeddable":true,"href":"https:\/\/www.budream.com\/es\/wp-json\/wp\/v2\/product_cat?post=126688"},{"taxonomy":"product_tag","embeddable":true,"href":"https:\/\/www.budream.com\/es\/wp-json\/wp\/v2\/product_tag?post=126688"}],"curies":[{"name":"wp","href":"https:\/\/api.w.org\/{rel}","templated":true}]}}