{"id":126763,"date":"2025-07-30T20:05:36","date_gmt":"2025-07-30T18:05:36","guid":{"rendered":"https:\/\/www.budream.com\/shop\/boveda-62-oxo-pop-container-06l-40pz-da-8gr\/"},"modified":"2026-01-07T17:21:53","modified_gmt":"2026-01-07T15:21:53","slug":"boveda-62-oxo-pop-container-06l-40pz-da-8gr","status":"publish","type":"product","link":"https:\/\/www.budream.com\/es\/shop\/boveda-62-oxo-pop-container-06l-40pz-da-8gr\/","title":{"rendered":"BOVEDA 62% &#8211; OXO POP CONTENEDOR | 0,6L &#8211; 40pcs DE 8gr"},"content":{"rendered":"<p><strong>BOVEDA OXO POP CONTENEDOR<\/strong> expositor de <strong>0,5L<\/strong> que contiene 40 paquetes de 8g de BOVEDA 62%.<br \/>El mecanismo de pulsador crea un cierre herm\u00e9tico con un solo toque.<br \/>Permite almacenar los productos Boveda en condiciones \u00f3ptimas antes de su venta.<\/p>\n<p><strong>BOVEDA 62% mantiene una humedad relativa<\/strong> (HR<strong>) estable<\/strong> en los productos almacenados. Esta tecnolog\u00eda, que ha revolucionado el almacenamiento de puros, alimentos, m\u00fasica y productos electr\u00f3nicos, est\u00e1 ahora disponible para el almacenamiento de hierbas fitoterap\u00e9uticas y medicinales. <\/p>\n<p>Los paquetes patentados de Boveda dentro del contenedor mantienen estable la humedad relativa y, si es necesario, a\u00f1aden o absorben humedad para mantener el contenido constante al 62% (+\/- 1%).<\/p>\n<p>Boveda permite almacenar las esencias durante mucho tiempo sin que cambien sus propiedades y evitando la formaci\u00f3n de moho.<\/p>\n<p>El contenido correcto de humedad maximiza el color, el sabor, el aroma y la eficacia, adem\u00e1s de estabilizar el peso de sus hierbas fitoterap\u00e9uticas y medicinales.<\/p>\n<h2><strong>\u00bfQu\u00e9 contiene Boveda 62%?<\/strong><\/h2>\n<div>Dentro de cada Boveda hay una membrana de \u00ab\u00f3smosis inversa\u00bb permeable al vapor de agua. Dentro de esa membrana hay una soluci\u00f3n saturada especialmente preparada de agua pura y sal natural. Si es necesario, Boveda libera o absorbe vapor de agua purificada a trav\u00e9s de la membrana para mantener un nivel predeterminado de (HR).<\/p>\n<\/div>\n<h2><strong>Caracter\u00edsticas principales Boveda 62%:<\/strong><\/h2>\n<div>\n<ul style=\"list-style-type: disc\">\n<li>Mantiene<strong>una humedad relativa constante del 62%<\/strong> (+\/- 1%) mediante la absorci\u00f3n y liberaci\u00f3n del valor del agua;<\/li>\n<li><strong>Previene la formaci\u00f3n de moho peligroso<\/strong>;<\/li>\n<li><strong>Dura aproximadamente 2\/4 meses<\/strong> desde el momento en que se coloca en el recipiente;<\/li>\n<li>No requiere mantenimiento ni rellenado; Debe sustituirse cuando se pone r\u00edgido.<\/li>\n<\/ul>\n<p><strong>Cantidad<\/strong><br \/>El sobre que contiene <strong>8 gramos<\/strong> garantiza el nivel de humedad de <strong>hasta 30 gramos<\/strong><strong> de producto<\/strong> <strong>.<\/p>\n<p>Contiene<\/strong><br \/>Oxo Pop Container Boveda 62% &#8211; 40 unidades de 8 gramos<\/p>\n<p><strong>Nota<\/strong>: No mezcle diferentes niveles de Boveda RH dentro del mismo contenedor y no utilice Boveda en el mismo contenedor con otros productos de humidificaci\u00f3n. Luchar\u00e1n entre s\u00ed y reducir\u00e1n la eficacia de las bolsas Boveda.<\/div>\n","protected":false},"excerpt":{"rendered":"<p>BOVEDA OXO POP CONTENEDOR expositor de 0,5L que contiene 40 paquetes de 8g de BOVEDA 62%.El mecanismo de pulsador crea<\/p>\n","protected":false},"featured_media":124929,"comment_status":"open","ping_status":"closed","template":"","meta":[],"product_brand":[],"product_cat":[7948],"product_tag":[],"class_list":{"0":"post-126763","1":"product","2":"type-product","3":"status-publish","4":"has-post-thumbnail","6":"product_cat-headshop-es","8":"first","9":"instock","10":"taxable","11":"shipping-taxable","12":"purchasable","13":"product-type-simple"},"_links":{"self":[{"href":"https:\/\/www.budream.com\/es\/wp-json\/wp\/v2\/product\/126763","targetHints":{"allow":["GET"]}}],"collection":[{"href":"https:\/\/www.budream.com\/es\/wp-json\/wp\/v2\/product"}],"about":[{"href":"https:\/\/www.budream.com\/es\/wp-json\/wp\/v2\/types\/product"}],"replies":[{"embeddable":true,"href":"https:\/\/www.budream.com\/es\/wp-json\/wp\/v2\/comments?post=126763"}],"version-history":[{"count":0,"href":"https:\/\/www.budream.com\/es\/wp-json\/wp\/v2\/product\/126763\/revisions"}],"wp:featuredmedia":[{"embeddable":true,"href":"https:\/\/www.budream.com\/es\/wp-json\/wp\/v2\/media\/124929"}],"wp:attachment":[{"href":"https:\/\/www.budream.com\/es\/wp-json\/wp\/v2\/media?parent=126763"}],"wp:term":[{"taxonomy":"product_brand","embeddable":true,"href":"https:\/\/www.budream.com\/es\/wp-json\/wp\/v2\/product_brand?post=126763"},{"taxonomy":"product_cat","embeddable":true,"href":"https:\/\/www.budream.com\/es\/wp-json\/wp\/v2\/product_cat?post=126763"},{"taxonomy":"product_tag","embeddable":true,"href":"https:\/\/www.budream.com\/es\/wp-json\/wp\/v2\/product_tag?post=126763"}],"curies":[{"name":"wp","href":"https:\/\/api.w.org\/{rel}","templated":true}]}}