{"id":126798,"date":"2025-07-30T20:07:00","date_gmt":"2025-07-30T18:07:00","guid":{"rendered":"https:\/\/www.budream.com\/shop\/royal-queen-seeds-triturador-de-muelle-de-metal-62mm\/"},"modified":"2026-03-18T13:39:23","modified_gmt":"2026-03-18T11:39:23","slug":"royal-queen-seeds-triturador-de-muelle-de-metal-62mm","status":"publish","type":"product","link":"https:\/\/www.budream.com\/es\/shop\/royal-queen-seeds-triturador-de-muelle-de-metal-62mm\/","title":{"rendered":"ROYAL QUEEN SEEDS &#8211; TRITURADOR DE MUELLE DE METAL | 62mm"},"content":{"rendered":"<p>Grinder de 4 piezas con tamiz y tapa transparente, con un carrete que facilita y acelera la molienda.<\/p>\n<p>La parte inferior de la c\u00e1mara de molienda est\u00e1 equipada con una fina malla que permite el paso de las partes m\u00e1s valiosas de tus cogollos, recogidas en la c\u00e1mara inferior.<\/p>\n<p>Di\u00e1metro: 62 mm<br \/>Altura: 62 mm<\/p>\n<h2><\/h2>\n<p><a href=\"http:\/\/www.dutch-passion.nl\/it\/\" target=\"_blank\" rel=\"noopener noreferrer nofollow\"><br \/><\/a><\/p>\n<div><\/div>\n","protected":false},"excerpt":{"rendered":"<p>Grinder de 4 piezas con tamiz y tapa transparente, con un carrete que facilita y acelera la molienda. La parte<\/p>\n","protected":false},"featured_media":126789,"comment_status":"open","ping_status":"closed","template":"","meta":[],"product_brand":[],"product_cat":[1173],"product_tag":[],"class_list":{"0":"post-126798","1":"product","2":"type-product","3":"status-publish","4":"has-post-thumbnail","6":"product_cat-headshop","8":"first","9":"instock","10":"taxable","11":"shipping-taxable","12":"purchasable","13":"product-type-simple"},"_links":{"self":[{"href":"https:\/\/www.budream.com\/es\/wp-json\/wp\/v2\/product\/126798","targetHints":{"allow":["GET"]}}],"collection":[{"href":"https:\/\/www.budream.com\/es\/wp-json\/wp\/v2\/product"}],"about":[{"href":"https:\/\/www.budream.com\/es\/wp-json\/wp\/v2\/types\/product"}],"replies":[{"embeddable":true,"href":"https:\/\/www.budream.com\/es\/wp-json\/wp\/v2\/comments?post=126798"}],"version-history":[{"count":0,"href":"https:\/\/www.budream.com\/es\/wp-json\/wp\/v2\/product\/126798\/revisions"}],"wp:featuredmedia":[{"embeddable":true,"href":"https:\/\/www.budream.com\/es\/wp-json\/wp\/v2\/media\/126789"}],"wp:attachment":[{"href":"https:\/\/www.budream.com\/es\/wp-json\/wp\/v2\/media?parent=126798"}],"wp:term":[{"taxonomy":"product_brand","embeddable":true,"href":"https:\/\/www.budream.com\/es\/wp-json\/wp\/v2\/product_brand?post=126798"},{"taxonomy":"product_cat","embeddable":true,"href":"https:\/\/www.budream.com\/es\/wp-json\/wp\/v2\/product_cat?post=126798"},{"taxonomy":"product_tag","embeddable":true,"href":"https:\/\/www.budream.com\/es\/wp-json\/wp\/v2\/product_tag?post=126798"}],"curies":[{"name":"wp","href":"https:\/\/api.w.org\/{rel}","templated":true}]}}