{"id":126928,"date":"2025-07-30T20:14:38","date_gmt":"2025-07-30T18:14:38","guid":{"rendered":"https:\/\/www.budream.com\/shop\/boundless-boligrafo-de-extracto-cf-710\/"},"modified":"2025-12-23T12:49:33","modified_gmt":"2025-12-23T10:49:33","slug":"boundless-boligrafo-de-extracto-cf-710","status":"publish","type":"product","link":"https:\/\/www.budream.com\/es\/shop\/boundless-boligrafo-de-extracto-cf-710\/","title":{"rendered":"BOUNDLESS &#8211; BOL\u00cdGRAFO DE EXTRACTO CF-710"},"content":{"rendered":"<p><strong>BOUNDLESS CF-710<\/strong> a\u00f1ade un pelda\u00f1o a la escalera del vapeo de extractos y concentrados como BHO, WAX y ACEITES.<br \/>El <strong>CF-710 <\/strong> es un bol\u00edgrafo de dise\u00f1o y silencioso que permite disfrutar de aceites y concentrados con una experiencia totalmente diferente y libre de llamas y electricidad. Est\u00e1 fabricado 100% en acero inoxidable y permite elegir entre bobinas de cer\u00e1mica o cuarzo.<\/p>\n<h2><span style=\"text-decoration: underline\">\u00bfCOMO FUNCIONA EL BOUNDLESS CF-710?<\/span><\/h2>\n<p>Al igual que los bol\u00edgrafos BHO comunes, el Boundless CF 710 se activa manteniendo pulsado el bot\u00f3n de encendido; la bobina comenzar\u00e1 a calentarse y <strong>alcanzar\u00e1 la temperatura en pocos segundos<\/strong>:<br \/>\u00a1Simplemente sumerja la punta de calentamiento (bobina) en un frasco de vidrio que contenga extracto y presione el bot\u00f3n mientras tira!<br \/>Como la bobina est\u00e1 alejada de la boquilla, el vapor tiene m\u00e1s tiempo para viajar dentro de la pluma y enfriarse antes de llegar al paladar; \u00a1este m\u00e9todo de vapeo en particular es <strong>ideal para los entusiastas del extracto<\/strong> o para aquellos a los que no les gusta toser!<br \/>El <strong>BOUNDLESS CF-710 <\/strong> est\u00e1 alimentado por una \u00fanica bater\u00eda interna 16500 LG 10A con una capacidad de 900 mAh que ofrece un excelente rendimiento: \u00a1hasta una hora de uso!<\/p>\n<h2><span style=\"text-decoration: underline\">Especificaciones t\u00e9cnicas del BOUNDLESS CF-710:<\/span><\/h2>\n<ul style=\"list-style-type: disc\">\n<li>t\u00e9cnica de vapeo nectar collector<\/li>\n<li>bater\u00eda de 900 mAh<\/li>\n<li>bobinas de cer\u00e1mica y cuarzo reemplazables<\/li>\n<li>listo para usar, sin tiempo de calentamiento<\/li>\n<li>fabricado en acero inoxidable<\/li>\n<li>sin necesidad de llama ni electricidad<\/li>\n<\/ul>\n","protected":false},"excerpt":{"rendered":"<p>BOUNDLESS CF-710 a\u00f1ade un pelda\u00f1o a la escalera del vapeo de extractos y concentrados como BHO, WAX y ACEITES.El CF-710<\/p>\n","protected":false},"featured_media":126914,"comment_status":"open","ping_status":"closed","template":"","meta":[],"product_brand":[],"product_cat":[7908],"product_tag":[],"class_list":{"0":"post-126928","1":"product","2":"type-product","3":"status-publish","4":"has-post-thumbnail","6":"product_cat-vaporizadores","8":"first","9":"instock","10":"taxable","11":"shipping-taxable","12":"purchasable","13":"product-type-simple"},"aioseo_notices":[],"_links":{"self":[{"href":"https:\/\/www.budream.com\/es\/wp-json\/wp\/v2\/product\/126928","targetHints":{"allow":["GET"]}}],"collection":[{"href":"https:\/\/www.budream.com\/es\/wp-json\/wp\/v2\/product"}],"about":[{"href":"https:\/\/www.budream.com\/es\/wp-json\/wp\/v2\/types\/product"}],"replies":[{"embeddable":true,"href":"https:\/\/www.budream.com\/es\/wp-json\/wp\/v2\/comments?post=126928"}],"version-history":[{"count":0,"href":"https:\/\/www.budream.com\/es\/wp-json\/wp\/v2\/product\/126928\/revisions"}],"wp:featuredmedia":[{"embeddable":true,"href":"https:\/\/www.budream.com\/es\/wp-json\/wp\/v2\/media\/126914"}],"wp:attachment":[{"href":"https:\/\/www.budream.com\/es\/wp-json\/wp\/v2\/media?parent=126928"}],"wp:term":[{"taxonomy":"product_brand","embeddable":true,"href":"https:\/\/www.budream.com\/es\/wp-json\/wp\/v2\/product_brand?post=126928"},{"taxonomy":"product_cat","embeddable":true,"href":"https:\/\/www.budream.com\/es\/wp-json\/wp\/v2\/product_cat?post=126928"},{"taxonomy":"product_tag","embeddable":true,"href":"https:\/\/www.budream.com\/es\/wp-json\/wp\/v2\/product_tag?post=126928"}],"curies":[{"name":"wp","href":"https:\/\/api.w.org\/{rel}","templated":true}]}}