{"id":126978,"date":"2025-07-30T20:17:48","date_gmt":"2025-07-30T18:17:48","guid":{"rendered":"https:\/\/www.budream.com\/shop\/extracto-de-ortiga-1l-naturen-contra-plagas-comunes\/"},"modified":"2026-01-26T13:10:55","modified_gmt":"2026-01-26T11:10:55","slug":"extracto-de-ortiga-1l-naturen-contra-plagas-comunes","status":"publish","type":"product","link":"https:\/\/www.budream.com\/es\/shop\/extracto-de-ortiga-1l-naturen-contra-plagas-comunes\/","title":{"rendered":"EXTRACTO DE ORTIGA 1L NATUREN CONTRA PLAGAS COMUNES"},"content":{"rendered":"<p>Preparado tradicional a base de ortiga, obtenido por fermentaci\u00f3n natural en agua de las hojas de la planta.<br \/>El producto encapsula las propiedades beneficiosas de los jugos celulares de la ortiga, haci\u00e9ndolos f\u00e1cilmente asimilables por las plantas a las que hay que ayudar a superar periodos de mayor consumo energ\u00e9tico debido al estr\u00e9s bi\u00f3tico y abi\u00f3tico.<br \/>estr\u00e9s bi\u00f3tico y abi\u00f3tico.<br \/>Utilizado como complemento de los abonos organominerales, tambi\u00e9n controla plagas como<br \/>Pulgones, Ortigas, Polillas, Carp\u00f3pteros, \u00c1caros, Alternaria (mancha negra), Moniliosis y estimula el crecimiento de las plantas.<br \/>Adecuado para todos los cultivos: hortalizas y plantas ornamentales. Para diluir y utilizar mediante riego alrededor de las plantas o pulverizado sobre el follaje.<\/p>\n<ul>\n<li>Sustancia b\u00e1sica conforme al Reglamento CE 1107\/2009<\/li>\n<li>Tiempo de carencia: 7 d\u00edas<\/li>\n<\/ul>\n<p>CONTROLA LAS PLAGAS AYUDA A LAS PLANTAS A SUPERAR EL ESTR\u00c9S PERMITIDO EN AGRICULTURA ECOL\u00d3GICA<\/p>\n","protected":false},"excerpt":{"rendered":"<p>Preparado tradicional a base de ortiga, obtenido por fermentaci\u00f3n natural en agua de las hojas de la planta.El producto encapsula<\/p>\n","protected":false},"featured_media":126974,"comment_status":"open","ping_status":"closed","template":"","meta":[],"product_brand":[],"product_cat":[7930],"product_tag":[],"class_list":{"0":"post-126978","1":"product","2":"type-product","3":"status-publish","4":"has-post-thumbnail","6":"product_cat-antiparasitarios-y-defensa","8":"first","9":"instock","10":"taxable","11":"shipping-taxable","12":"purchasable","13":"product-type-simple"},"_links":{"self":[{"href":"https:\/\/www.budream.com\/es\/wp-json\/wp\/v2\/product\/126978","targetHints":{"allow":["GET"]}}],"collection":[{"href":"https:\/\/www.budream.com\/es\/wp-json\/wp\/v2\/product"}],"about":[{"href":"https:\/\/www.budream.com\/es\/wp-json\/wp\/v2\/types\/product"}],"replies":[{"embeddable":true,"href":"https:\/\/www.budream.com\/es\/wp-json\/wp\/v2\/comments?post=126978"}],"version-history":[{"count":0,"href":"https:\/\/www.budream.com\/es\/wp-json\/wp\/v2\/product\/126978\/revisions"}],"wp:featuredmedia":[{"embeddable":true,"href":"https:\/\/www.budream.com\/es\/wp-json\/wp\/v2\/media\/126974"}],"wp:attachment":[{"href":"https:\/\/www.budream.com\/es\/wp-json\/wp\/v2\/media?parent=126978"}],"wp:term":[{"taxonomy":"product_brand","embeddable":true,"href":"https:\/\/www.budream.com\/es\/wp-json\/wp\/v2\/product_brand?post=126978"},{"taxonomy":"product_cat","embeddable":true,"href":"https:\/\/www.budream.com\/es\/wp-json\/wp\/v2\/product_cat?post=126978"},{"taxonomy":"product_tag","embeddable":true,"href":"https:\/\/www.budream.com\/es\/wp-json\/wp\/v2\/product_tag?post=126978"}],"curies":[{"name":"wp","href":"https:\/\/api.w.org\/{rel}","templated":true}]}}