{"id":126988,"date":"2025-07-30T20:18:25","date_gmt":"2025-07-30T18:18:25","guid":{"rendered":"https:\/\/www.budream.com\/shop\/homeoplant-remedio-homeopatico-para-estimular-el-metabiolismo-para-horticultura-750ml\/"},"modified":"2025-11-20T17:49:42","modified_gmt":"2025-11-20T15:49:42","slug":"homeoplant-remedio-homeopatico-para-estimular-el-metabiolismo-para-horticultura-750ml","status":"publish","type":"product","link":"https:\/\/www.budream.com\/es\/shop\/homeoplant-remedio-homeopatico-para-estimular-el-metabiolismo-para-horticultura-750ml\/","title":{"rendered":"HOMEOPLANT REMEDIO HOMEOP\u00c1TICO PARA ESTIMULAR EL METABIOLISMO PARA HORTICULTURA 750ML"},"content":{"rendered":"<p>Preparados homeop\u00e1ticos para reforzar las defensas de las plantas contra insectos y enfermedades y para el crecimiento de las plantas de jard\u00edn. <\/p>\n<p>Estos preparados no son fitof\u00e1rmacos ni fertilizantes en su forma cl\u00e1sica, sino que representan un m\u00e9todo funcional para equilibrar los procesos naturales de las plantas y una innovaci\u00f3n excepcional para la agricultura sostenible. Son seguros para las personas y los animales y no contaminan el medio ambiente.<\/p>\n<p>La l\u00ednea Flortis Homeoplant se cre\u00f3 tras varios a\u00f1os de estudio en colaboraci\u00f3n con una destacada universidad europea. Preparado homeop\u00e1tico a base de extractos vegetales y minerales espec\u00edficamente dise\u00f1ado para fortalecer las plantas de forma natural y aumentar su resistencia frente a diversas situaciones de estr\u00e9s, como fluctuaciones de temperatura, condiciones de crecimiento inadecuadas y falta de nutrientes.<\/p>\n<p>Aumenta el crecimiento, la floraci\u00f3n y el desarrollo de los frutos en condiciones de estr\u00e9s. <\/p>\n<p>Agitar bien el frasco, diluir 3 tapones llenos en 1 l de agua y pulverizar las plantas con una regadera. <br \/>Se recomienda realizar un primer tratamiento en el momento de la siembra o el trasplante y repetirlo durante el periodo vegetativo hasta un m\u00e1ximo de 3 tratamientos por cultivo.<\/p>\n<p>El producto tiene una larga eficacia, incluso en caso de fuertes lluvias. <br \/>El uso simult\u00e1neo de productos fitosanitarios puede invalidar la eficacia del producto.<\/p>\n<h3><\/h3>\n","protected":false},"excerpt":{"rendered":"<p>Preparados homeop\u00e1ticos para reforzar las defensas de las plantas contra insectos y enfermedades y para el crecimiento de las plantas<\/p>\n","protected":false},"featured_media":126984,"comment_status":"open","ping_status":"closed","template":"","meta":[],"product_brand":[],"product_cat":[7930],"product_tag":[],"class_list":{"0":"post-126988","1":"product","2":"type-product","3":"status-publish","4":"has-post-thumbnail","6":"product_cat-antiparasitarios-y-defensa","8":"first","9":"instock","10":"taxable","11":"shipping-taxable","12":"purchasable","13":"product-type-simple"},"_links":{"self":[{"href":"https:\/\/www.budream.com\/es\/wp-json\/wp\/v2\/product\/126988","targetHints":{"allow":["GET"]}}],"collection":[{"href":"https:\/\/www.budream.com\/es\/wp-json\/wp\/v2\/product"}],"about":[{"href":"https:\/\/www.budream.com\/es\/wp-json\/wp\/v2\/types\/product"}],"replies":[{"embeddable":true,"href":"https:\/\/www.budream.com\/es\/wp-json\/wp\/v2\/comments?post=126988"}],"version-history":[{"count":0,"href":"https:\/\/www.budream.com\/es\/wp-json\/wp\/v2\/product\/126988\/revisions"}],"wp:featuredmedia":[{"embeddable":true,"href":"https:\/\/www.budream.com\/es\/wp-json\/wp\/v2\/media\/126984"}],"wp:attachment":[{"href":"https:\/\/www.budream.com\/es\/wp-json\/wp\/v2\/media?parent=126988"}],"wp:term":[{"taxonomy":"product_brand","embeddable":true,"href":"https:\/\/www.budream.com\/es\/wp-json\/wp\/v2\/product_brand?post=126988"},{"taxonomy":"product_cat","embeddable":true,"href":"https:\/\/www.budream.com\/es\/wp-json\/wp\/v2\/product_cat?post=126988"},{"taxonomy":"product_tag","embeddable":true,"href":"https:\/\/www.budream.com\/es\/wp-json\/wp\/v2\/product_tag?post=126988"}],"curies":[{"name":"wp","href":"https:\/\/api.w.org\/{rel}","templated":true}]}}