{"id":127233,"date":"2025-07-30T20:31:31","date_gmt":"2025-07-30T18:31:31","guid":{"rendered":"https:\/\/www.budream.com\/shop\/macerado-de-ortiga-1l-presto-bio\/"},"modified":"2025-10-14T17:14:58","modified_gmt":"2025-10-14T15:14:58","slug":"macerado-de-ortiga-1l-presto-bio","status":"publish","type":"product","link":"https:\/\/www.budream.com\/es\/shop\/macerado-de-ortiga-1l-presto-bio\/","title":{"rendered":"MACERADO DE ORTIGA 1L PRESTO BIO"},"content":{"rendered":"<p>Puede utilizarse en hortalizas, peque\u00f1os frutos, flores, c\u00e9sped, vi\u00f1as.<br \/>Producto vegetal fermentado a base de ortiga.<br \/>Receta tradicional estabilizada.<\/p>\n<p>Favorece el establecimiento de las ra\u00edces tras el trasplante.<br \/>Ideal para la fotos\u00edntesis.<\/p>\n<p>Este preparado natural estabilizado PRESTOBIO<sup>&reg;,<\/sup> utilizable en agricultura ecol\u00f3gica, se utiliza como complemento de sus abonos organominerales habituales. Este producto vegetal fermentado se obtiene seg\u00fan m\u00e9todos tradicionales de fermentaci\u00f3n y filtraci\u00f3n a base de ortiga y agua.<\/p>\n<p><strong>Modo de empleo<\/strong><br \/>Hortalizas y peque\u00f1os frutos: pimientos, tomates, berenjenas, calabacines, jud\u00edas, guisantes, patatas, coles, br\u00e9coles, cebollas, chalotas, ajos, puerros, r\u00e1banos, remolachas, fresas, frambuesas, etc.<br \/>Flores: rosas, geranios, petunias&#8230;<br \/>C\u00e9spedes &#8211; Enredaderas.<\/p>\n<div class=\"fck\">\n<p><strong>Agitar antes de usar.<\/strong><\/p>\n<p><strong>Pulverizaci\u00f3n foliar (pulverizaci\u00f3n<\/strong> ): en plantones dos veces por semana, despu\u00e9s cada 2 semanas en hortalizas o flores.<br \/><strong>Riego<\/strong>: al pie de las plantas j\u00f3venes, 2 veces con un intervalo de 7 d\u00edas.<\/p>\n<p><strong>Dosificaci\u00f3n :<\/strong> <br \/>pulverizaci\u00f3n (rociado) : 100 ml por 5 litros de agua<br \/>mojado : 250 ml por 5 litros de agua<\/p>\n<p>Peso neto : 1000 g<br \/>Volumen neto : 1 litro<\/p>\n<p><strong>Informaci\u00f3n para el consumidor : <\/strong>no utilizar el producto puro, sin diluir.<br \/>Respetar las dosis prescritas.<br \/>Periodo m\u00ednimo entre 2 tratamientos : 7 d\u00edas<br \/>Cada cultivo tratado con el producto puede cosecharse 2 d\u00edas despu\u00e9s del tratamiento.<br \/>Pulverizar (spray) sobre el follaje cuidando que las gotas sean muy finas, por la tarde lejos del pico de calor.<\/p>\n<\/div>\n<div class=\"rea\"><\/div>\n","protected":false},"excerpt":{"rendered":"<p>Puede utilizarse en hortalizas, peque\u00f1os frutos, flores, c\u00e9sped, vi\u00f1as.Producto vegetal fermentado a base de ortiga.Receta tradicional estabilizada. Favorece el establecimiento<\/p>\n","protected":false},"featured_media":127229,"comment_status":"open","ping_status":"closed","template":"","meta":[],"product_brand":[],"product_cat":[7930],"product_tag":[],"class_list":{"0":"post-127233","1":"product","2":"type-product","3":"status-publish","4":"has-post-thumbnail","6":"product_cat-antiparasitarios-y-defensa","8":"first","9":"outofstock","10":"taxable","11":"shipping-taxable","12":"purchasable","13":"product-type-simple"},"aioseo_notices":[],"_links":{"self":[{"href":"https:\/\/www.budream.com\/es\/wp-json\/wp\/v2\/product\/127233","targetHints":{"allow":["GET"]}}],"collection":[{"href":"https:\/\/www.budream.com\/es\/wp-json\/wp\/v2\/product"}],"about":[{"href":"https:\/\/www.budream.com\/es\/wp-json\/wp\/v2\/types\/product"}],"replies":[{"embeddable":true,"href":"https:\/\/www.budream.com\/es\/wp-json\/wp\/v2\/comments?post=127233"}],"version-history":[{"count":0,"href":"https:\/\/www.budream.com\/es\/wp-json\/wp\/v2\/product\/127233\/revisions"}],"wp:featuredmedia":[{"embeddable":true,"href":"https:\/\/www.budream.com\/es\/wp-json\/wp\/v2\/media\/127229"}],"wp:attachment":[{"href":"https:\/\/www.budream.com\/es\/wp-json\/wp\/v2\/media?parent=127233"}],"wp:term":[{"taxonomy":"product_brand","embeddable":true,"href":"https:\/\/www.budream.com\/es\/wp-json\/wp\/v2\/product_brand?post=127233"},{"taxonomy":"product_cat","embeddable":true,"href":"https:\/\/www.budream.com\/es\/wp-json\/wp\/v2\/product_cat?post=127233"},{"taxonomy":"product_tag","embeddable":true,"href":"https:\/\/www.budream.com\/es\/wp-json\/wp\/v2\/product_tag?post=127233"}],"curies":[{"name":"wp","href":"https:\/\/api.w.org\/{rel}","templated":true}]}}