{"id":127243,"date":"2025-07-30T20:32:00","date_gmt":"2025-07-30T18:32:00","guid":{"rendered":"https:\/\/www.budream.com\/shop\/tratamiento-de-enfermedades-fungicas-para-frutas-y-hortalizas-pequenas-750ml-con-pulverizador\/"},"modified":"2026-03-25T13:03:05","modified_gmt":"2026-03-25T11:03:05","slug":"tratamiento-de-enfermedades-fungicas-para-frutas-y-hortalizas-pequenas-750ml-con-pulverizador","status":"publish","type":"product","link":"https:\/\/www.budream.com\/es\/shop\/tratamiento-de-enfermedades-fungicas-para-frutas-y-hortalizas-pequenas-750ml-con-pulverizador\/","title":{"rendered":"TRATAMIENTO DE ENFERMEDADES F\u00daNGICAS PARA FRUTAS Y HORTALIZAS PEQUE\u00d1AS 750ML CON PULVERIZADOR"},"content":{"rendered":"<p><strong>Acci\u00f3n preventiva y curativa contra el o\u00eddio y el mildiu<br \/><\/strong><\/p>\n<p>Las sustancias b\u00e1sicas son sustancias activas presentes de forma natural en el medio ambiente. Pueden ser de origen alimentario, vegetal, animal o mineral.<\/p>\n<div class=\"fck\">\n<p><strong>BICARBONATO S\u00d3DICO Y LECITINA<\/strong><br \/>El bicarbonato s\u00f3dico es conocido por sus numerosas virtudes. Puede utilizarse en el hogar para limpiar las hojas de las plantas (elimina eficazmente el polvo, la grasa y los dep\u00f3sitos causados por la contaminaci\u00f3n).<br \/>Si se aplica ante la aparici\u00f3n de los primeros s\u00edntomas, detiene el desarrollo de enfermedades f\u00fangicas que pueden atacar a las plantas, y tambi\u00e9n prolonga la vida \u00fatil de frutas y verduras tras la cosecha.<br \/>La lecitina es un l\u00edpido que se encuentra en la yema de huevo y en algunas plantas, como la soja o el girasol. Tambi\u00e9n tiene propiedades antif\u00fangicas.<br \/>La combinaci\u00f3n de bicarbonato y lecitina protege las plantas de jard\u00edn, los frutos peque\u00f1os (frambuesas, grosellas, etc.) y los \u00e1rboles frutales de las enfermedades (o\u00eddio, mildiu) que atacan las hojas y estropean las frutas y hortalizas.<\/p>\n<p><strong>LISTO PARA SU USO<\/strong><\/p>\n<p><strong>Recomendaciones de uso<\/strong><br \/>Aplicar en ausencia de viento y a temperaturas moderadas. No aplicar en los 5 d\u00edas anteriores a la cosecha. Aplicar un m\u00e1ximo de 8 veces al a\u00f1o, con intervalos m\u00ednimos de 10 d\u00edas entre aplicaciones. Lavar bien las frutas u hortalizas antes de consumirlas.<\/p>\n<p>Volumen neto: 750 ml<\/p>\n<p><strong>Composici\u00f3n:<\/strong> Bicarbonato s\u00f3dico (n\u00ba CAS 144-55-8): 10 g\/l<br \/>Lecitina (n\u00ba CAS 8002-43-5): 1,5 g\/l<\/p>\n<p>Sustancia base aprobada en virtud del Reglamento (CE) n\u00ba 1107\/2009 y los Reglamentos de Ejecuci\u00f3n (UE) n\u00ba 1116\/2015 y n\u00ba 2069\/2015. El uso de bicarbonato de sodio est\u00e1 autorizado en las condiciones espec\u00edficas establecidas en el informe de examen SANTE\/10667\/2015. El uso de lecitinas est\u00e1 autorizado en las condiciones espec\u00edficas establecidas en el informe de examen SANCO\/12798\/2014.<\/p>\n<\/div>\n<div class=\"rea\"><\/div>\n","protected":false},"excerpt":{"rendered":"<p>Acci\u00f3n preventiva y curativa contra el o\u00eddio y el mildiu Las sustancias b\u00e1sicas son sustancias activas presentes de forma natural<\/p>\n","protected":false},"featured_media":127239,"comment_status":"open","ping_status":"closed","template":"","meta":[],"product_brand":[],"product_cat":[3095],"product_tag":[],"class_list":{"0":"post-127243","1":"product","2":"type-product","3":"status-publish","4":"has-post-thumbnail","6":"product_cat-antiparassitari-e-difesa","8":"first","9":"instock","10":"taxable","11":"shipping-taxable","12":"purchasable","13":"product-type-simple"},"aioseo_notices":[],"_links":{"self":[{"href":"https:\/\/www.budream.com\/es\/wp-json\/wp\/v2\/product\/127243","targetHints":{"allow":["GET"]}}],"collection":[{"href":"https:\/\/www.budream.com\/es\/wp-json\/wp\/v2\/product"}],"about":[{"href":"https:\/\/www.budream.com\/es\/wp-json\/wp\/v2\/types\/product"}],"replies":[{"embeddable":true,"href":"https:\/\/www.budream.com\/es\/wp-json\/wp\/v2\/comments?post=127243"}],"version-history":[{"count":0,"href":"https:\/\/www.budream.com\/es\/wp-json\/wp\/v2\/product\/127243\/revisions"}],"wp:featuredmedia":[{"embeddable":true,"href":"https:\/\/www.budream.com\/es\/wp-json\/wp\/v2\/media\/127239"}],"wp:attachment":[{"href":"https:\/\/www.budream.com\/es\/wp-json\/wp\/v2\/media?parent=127243"}],"wp:term":[{"taxonomy":"product_brand","embeddable":true,"href":"https:\/\/www.budream.com\/es\/wp-json\/wp\/v2\/product_brand?post=127243"},{"taxonomy":"product_cat","embeddable":true,"href":"https:\/\/www.budream.com\/es\/wp-json\/wp\/v2\/product_cat?post=127243"},{"taxonomy":"product_tag","embeddable":true,"href":"https:\/\/www.budream.com\/es\/wp-json\/wp\/v2\/product_tag?post=127243"}],"curies":[{"name":"wp","href":"https:\/\/api.w.org\/{rel}","templated":true}]}}