{"id":127308,"date":"2025-07-30T20:37:55","date_gmt":"2025-07-30T18:37:55","guid":{"rendered":"https:\/\/www.budream.com\/shop\/insecticida-de-amplio-espectro-piretro-jardin-ppo-500ml-listo-para-usar\/"},"modified":"2026-03-19T13:54:04","modified_gmt":"2026-03-19T11:54:04","slug":"insecticida-de-amplio-espectro-piretro-jardin-ppo-500ml-listo-para-usar","status":"publish","type":"product","link":"https:\/\/www.budream.com\/es\/shop\/insecticida-de-amplio-espectro-piretro-jardin-ppo-500ml-listo-para-usar\/","title":{"rendered":"INSECTICIDA DE AMPLIO ESPECTRO PIRETRO JARD\u00cdN PPO 500ML LISTO PARA USAR"},"content":{"rendered":"<p>Insecticida listo para usar contra pulgones, trips, escarabajos, aleurodes<br \/>Producto fitosanitario para plantas ornamentales reg. n\u00ba 10816\/PPO<\/p>\n<p>Insecticida de contacto a base de Piretro natural que protege plantas de flor (rosa, azalea, begonia, geranio, hortensia, adelfa), plantas verdes de interior (ficus, dracaena, filodendro, helecho) y plantas ornamentales en general de la acci\u00f3n da\u00f1ina de insectos como pulgones, aleurodidos (moscas blancas), moscas de sierra, trips, t\u00edngidos, ara\u00f1a roja, escarabajos y larvas de lepid\u00f3pteros defoliadores e infanter\u00eda.<\/p>\n<p>COMPOSICI\u00d3N (por 100 g) Piretrinas puras 0,075 g (= 0,75 g\/l), but\u00f3xido de piperonilo 0,564 g; Co-formulantes q.b. a g 100.<br \/>FORMULACI\u00d3N L\u00edquido listo para usar.<br \/>ENVASE Frasco de 500 ml con gatillo.<\/p>\n<div id=\"isChromeWebToolbarDiv\"><\/div>\n","protected":false},"excerpt":{"rendered":"<p>Insecticida listo para usar contra pulgones, trips, escarabajos, aleurodesProducto fitosanitario para plantas ornamentales reg. n\u00ba 10816\/PPO Insecticida de contacto a<\/p>\n","protected":false},"featured_media":127304,"comment_status":"open","ping_status":"closed","template":"","meta":[],"product_brand":[],"product_cat":[7930],"product_tag":[],"class_list":{"0":"post-127308","1":"product","2":"type-product","3":"status-publish","4":"has-post-thumbnail","6":"product_cat-antiparasitarios-y-defensa","8":"first","9":"instock","10":"taxable","11":"shipping-taxable","12":"purchasable","13":"product-type-simple"},"aioseo_notices":[],"_links":{"self":[{"href":"https:\/\/www.budream.com\/es\/wp-json\/wp\/v2\/product\/127308","targetHints":{"allow":["GET"]}}],"collection":[{"href":"https:\/\/www.budream.com\/es\/wp-json\/wp\/v2\/product"}],"about":[{"href":"https:\/\/www.budream.com\/es\/wp-json\/wp\/v2\/types\/product"}],"replies":[{"embeddable":true,"href":"https:\/\/www.budream.com\/es\/wp-json\/wp\/v2\/comments?post=127308"}],"version-history":[{"count":0,"href":"https:\/\/www.budream.com\/es\/wp-json\/wp\/v2\/product\/127308\/revisions"}],"wp:featuredmedia":[{"embeddable":true,"href":"https:\/\/www.budream.com\/es\/wp-json\/wp\/v2\/media\/127304"}],"wp:attachment":[{"href":"https:\/\/www.budream.com\/es\/wp-json\/wp\/v2\/media?parent=127308"}],"wp:term":[{"taxonomy":"product_brand","embeddable":true,"href":"https:\/\/www.budream.com\/es\/wp-json\/wp\/v2\/product_brand?post=127308"},{"taxonomy":"product_cat","embeddable":true,"href":"https:\/\/www.budream.com\/es\/wp-json\/wp\/v2\/product_cat?post=127308"},{"taxonomy":"product_tag","embeddable":true,"href":"https:\/\/www.budream.com\/es\/wp-json\/wp\/v2\/product_tag?post=127308"}],"curies":[{"name":"wp","href":"https:\/\/api.w.org\/{rel}","templated":true}]}}