{"id":127348,"date":"2025-07-30T20:41:05","date_gmt":"2025-07-30T18:41:05","guid":{"rendered":"https:\/\/www.budream.com\/shop\/boundless-vaporizador-portatil-tera-v3\/"},"modified":"2025-12-23T12:53:00","modified_gmt":"2025-12-23T10:53:00","slug":"boundless-vaporizador-portatil-tera-v3","status":"publish","type":"product","link":"https:\/\/www.budream.com\/es\/shop\/boundless-vaporizador-portatil-tera-v3\/","title":{"rendered":"BOUNDLESS &#8211; VAPORIZADOR PORT\u00c1TIL TERA V3"},"content":{"rendered":"<p class=\"p1\">Boundless <strong>Tera <\/strong> es el nuevo vaporizador totalmente de convecci\u00f3n de BOUNDLESS, con <strong>dos bater\u00edas<\/strong> de litio <strong>18650<\/strong> reemplazables, control total de la temperatura, elementos magn\u00e9ticos f\u00e1ciles de limpiar y \u00a1un revolucionario sistema de convecci\u00f3n!<br \/>Con un dise\u00f1o compacto y una construcci\u00f3n duradera, <strong>el Boundless Tera es <\/strong> perfecto para aquellos que usan el vaporizador todo el d\u00eda y no quieren renunciar a la calidad de la tecnolog\u00eda de vaporizaci\u00f3n por convecci\u00f3n.<\/p>\n<h2 class=\"p1\"><strong><span style=\"text-decoration: underline\">Caracter\u00edsticas principales Boundless Tera V3<\/span>:<\/strong><\/h2>\n<ul style=\"list-style-type: disc\">\n<li>Un vaporizador de convecci\u00f3n 100% port\u00e1til, compacto, ergon\u00f3mico y potente.<\/li>\n<li class=\"p1\">Las dos bater\u00edas de litio 18650 de 2500 mAh garantizan una gran potencia y durabilidad desde la primera hasta la \u00faltima sesi\u00f3n;<\/li>\n<li class=\"p1\">La c\u00e1mara de vaporizaci\u00f3n de acero inoxidable es muy espaciosa, al m\u00e1s puro estilo BOUNDLESS, y permite una vaporizaci\u00f3n perfecta, por convecci\u00f3n y transferencia de calor radiativa, desde la primera hasta la \u00faltima calada.<\/li>\n<li class=\"p1\">La boquilla de vidrio de recambio, el adaptador para bongs y filtros de agua y la almohadilla de acero inoxidable para extractos y concentrados lo hacen perfecto para cualquier ocasi\u00f3n.<\/li>\n<\/ul>\n<p><\/p>\n<h2 class=\"p1\"><strong><span style=\"text-decoration: underline\">Especificaciones t\u00e9cnicas Boundless Tera V3<\/span>:<\/strong><\/h2>\n<ul style=\"list-style-type: disc\">\n<li>Vapores: Hierbas secas y concentrados<\/li>\n<li>Niveles de temperatura: 60&deg; &#8211; 230&deg; C<\/li>\n<li>Velocidad de calentamiento: 30 segundos<\/li>\n<li>Sistema de calentamiento: Convecci\u00f3n<\/li>\n<li>Material de la c\u00e1mara de combusti\u00f3n: Acero inoxidable<\/li>\n<li>Capacidad de la bater\u00eda: entre 1 y 2 horas<\/li>\n<li>Tiempo de carga: entre 2 y 3 horas<\/li>\n<li>Cargadores compatibles: USB y cargador<\/li>\n<li>Dimensiones: 5,7 x 10,7 cm<\/li>\n<li>Peso: 279 g<\/li>\n<\/ul>\n<p><span style=\"text-decoration: underline\"><strong><span style=\"font-size: 12pt\">INCLUIDO EN LA CAJA<\/span>:<\/strong><\/span><\/p>\n<ul style=\"list-style-type: disc\">\n<li>vaporizador Boundless Tera V3<\/li>\n<li>manual de instrucciones<\/li>\n<li>cable USB<\/li>\n<li>2 pilas 18650<\/li>\n<li>boquilla de pl\u00e1stico<\/li>\n<li>boquilla de vidrio<\/li>\n<li>almohadilla de extracci\u00f3n<\/li>\n<li>dabber<\/li>\n<li>cepillo de limpieza<\/li>\n<li>redes de recambio<\/li>\n<\/ul>\n","protected":false},"excerpt":{"rendered":"<p>Boundless Tera es el nuevo vaporizador totalmente de convecci\u00f3n de BOUNDLESS, con dos bater\u00edas de litio 18650 reemplazables, control total<\/p>\n","protected":false},"featured_media":127334,"comment_status":"open","ping_status":"closed","template":"","meta":[],"product_brand":[],"product_cat":[7908],"product_tag":[],"class_list":{"0":"post-127348","1":"product","2":"type-product","3":"status-publish","4":"has-post-thumbnail","6":"product_cat-vaporizadores","8":"first","9":"outofstock","10":"sale","11":"taxable","12":"shipping-taxable","13":"purchasable","14":"product-type-simple"},"aioseo_notices":[],"_links":{"self":[{"href":"https:\/\/www.budream.com\/es\/wp-json\/wp\/v2\/product\/127348","targetHints":{"allow":["GET"]}}],"collection":[{"href":"https:\/\/www.budream.com\/es\/wp-json\/wp\/v2\/product"}],"about":[{"href":"https:\/\/www.budream.com\/es\/wp-json\/wp\/v2\/types\/product"}],"replies":[{"embeddable":true,"href":"https:\/\/www.budream.com\/es\/wp-json\/wp\/v2\/comments?post=127348"}],"version-history":[{"count":0,"href":"https:\/\/www.budream.com\/es\/wp-json\/wp\/v2\/product\/127348\/revisions"}],"wp:featuredmedia":[{"embeddable":true,"href":"https:\/\/www.budream.com\/es\/wp-json\/wp\/v2\/media\/127334"}],"wp:attachment":[{"href":"https:\/\/www.budream.com\/es\/wp-json\/wp\/v2\/media?parent=127348"}],"wp:term":[{"taxonomy":"product_brand","embeddable":true,"href":"https:\/\/www.budream.com\/es\/wp-json\/wp\/v2\/product_brand?post=127348"},{"taxonomy":"product_cat","embeddable":true,"href":"https:\/\/www.budream.com\/es\/wp-json\/wp\/v2\/product_cat?post=127348"},{"taxonomy":"product_tag","embeddable":true,"href":"https:\/\/www.budream.com\/es\/wp-json\/wp\/v2\/product_tag?post=127348"}],"curies":[{"name":"wp","href":"https:\/\/api.w.org\/{rel}","templated":true}]}}