{"id":127393,"date":"2025-07-30T20:44:57","date_gmt":"2025-07-30T18:44:57","guid":{"rendered":"https:\/\/www.budream.com\/shop\/davinci-boquilla-plana-serie-miqro\/"},"modified":"2025-12-23T21:22:54","modified_gmt":"2025-12-23T19:22:54","slug":"davinci-boquilla-plana-serie-miqro","status":"publish","type":"product","link":"https:\/\/www.budream.com\/es\/shop\/davinci-boquilla-plana-serie-miqro\/","title":{"rendered":"DAVINCI &#8211; BOQUILLA PLANA SERIE MIQRO"},"content":{"rendered":"<p>Fabricada 100% en cer\u00e1mica de circonio, esta boquilla permite disfrutar del sabor m\u00e1s puro en cada sesi\u00f3n.<br \/>La boquilla plana se mantiene m\u00e1s limpia y hace que el vaporizador sea m\u00e1s c\u00f3modo de transportar.<\/p>\n<h2><span style=\"text-decoration: underline\">DAVINCI &#8211; boquilla plana serie miqro:<\/span><\/h2>\n<ul style=\"list-style-type: disc\">\n<li>boquilla plana para MIQRO y MIQRO-C<\/li>\n<li>100% circonio<\/li>\n<li>tap\u00f3n de silicona NO incluido<\/li>\n<\/ul>\n","protected":false},"excerpt":{"rendered":"<p>Fabricada 100% en cer\u00e1mica de circonio, esta boquilla permite disfrutar del sabor m\u00e1s puro en cada sesi\u00f3n.La boquilla plana se<\/p>\n","protected":false},"featured_media":127389,"comment_status":"open","ping_status":"closed","template":"","meta":[],"product_brand":[],"product_cat":[7908],"product_tag":[],"class_list":{"0":"post-127393","1":"product","2":"type-product","3":"status-publish","4":"has-post-thumbnail","6":"product_cat-vaporizadores","8":"first","9":"instock","10":"sale","11":"taxable","12":"shipping-taxable","13":"purchasable","14":"product-type-simple"},"aioseo_notices":[],"_links":{"self":[{"href":"https:\/\/www.budream.com\/es\/wp-json\/wp\/v2\/product\/127393","targetHints":{"allow":["GET"]}}],"collection":[{"href":"https:\/\/www.budream.com\/es\/wp-json\/wp\/v2\/product"}],"about":[{"href":"https:\/\/www.budream.com\/es\/wp-json\/wp\/v2\/types\/product"}],"replies":[{"embeddable":true,"href":"https:\/\/www.budream.com\/es\/wp-json\/wp\/v2\/comments?post=127393"}],"version-history":[{"count":0,"href":"https:\/\/www.budream.com\/es\/wp-json\/wp\/v2\/product\/127393\/revisions"}],"wp:featuredmedia":[{"embeddable":true,"href":"https:\/\/www.budream.com\/es\/wp-json\/wp\/v2\/media\/127389"}],"wp:attachment":[{"href":"https:\/\/www.budream.com\/es\/wp-json\/wp\/v2\/media?parent=127393"}],"wp:term":[{"taxonomy":"product_brand","embeddable":true,"href":"https:\/\/www.budream.com\/es\/wp-json\/wp\/v2\/product_brand?post=127393"},{"taxonomy":"product_cat","embeddable":true,"href":"https:\/\/www.budream.com\/es\/wp-json\/wp\/v2\/product_cat?post=127393"},{"taxonomy":"product_tag","embeddable":true,"href":"https:\/\/www.budream.com\/es\/wp-json\/wp\/v2\/product_tag?post=127393"}],"curies":[{"name":"wp","href":"https:\/\/api.w.org\/{rel}","templated":true}]}}