{"id":127453,"date":"2025-07-30T20:48:04","date_gmt":"2025-07-30T18:48:04","guid":{"rendered":"https:\/\/www.budream.com\/shop\/enecta-c300-aceite-de-canamo-con-cbd-10ml-300mg\/"},"modified":"2026-03-25T20:01:09","modified_gmt":"2026-03-25T18:01:09","slug":"enecta-c300-aceite-de-canamo-con-cbd-10ml-300mg","status":"publish","type":"product","link":"https:\/\/www.budream.com\/es\/shop\/enecta-c300-aceite-de-canamo-con-cbd-10ml-300mg\/","title":{"rendered":"ENECTA &#8211; C300 ACEITE DE C\u00c1\u00d1AMO CON CBD | 10ml 300mg"},"content":{"rendered":"<p>El aceite de CBD Enecta se produce y prueba en laboratorios especializados y certificados en cuanto a <strong>pureza y seguridad<\/strong>, bajo estrictas y rigurosas normas impuestas por la certificaci\u00f3n GMP (Good Manufacturing Practices), y est\u00e1 completamente libre de ingredientes sint\u00e9ticos.<\/p>\n<p><strong><i>Productos Enecta:<\/i><\/strong><\/p>\n<ul style=\"list-style-type: disc\">\n<li>no son medicinales<\/li>\n<li>se obtienen a partir de variedades de c\u00e1\u00f1amo inscritas en el Registro Com\u00fan Europeo y de conformidad con los dem\u00e1s requisitos de la l. 242\/2016<\/li>\n<li>est\u00e1n destinados a un uso cosm\u00e9tico no oral<\/li>\n<li><i>han sido debidamente notificados en el CPNP (Portal Europeo de Productos Cosm\u00e9ticos) (<\/i><a href=\"https:\/\/drive.google.com\/file\/d\/1ldmVRvnVI9yfp8kjdrScnWPyP7RFQ1WV\/view?usp=sharing\">n\u00famero de registro 2856959<\/a>)<\/li>\n<\/ul>\n<p><\/p>\n<h2><span style=\"text-decoration: underline\">ENECTA C300 ACEITE DE C\u00c1\u00d1AMO CON CBD<\/span>:<\/h2>\n<p>Aceite de semilla de c\u00e1\u00f1amo prensado en fr\u00edo, Cannabidiol, Terpenos, Vitamina E, otras mol\u00e9culas de C\u00e1\u00f1amo presentes de forma natural en el extracto.<\/p>\n<p>Cada botella contiene 10 ml de Extracto de Cannabis org\u00e1nico con <strong>3% de CBD<\/strong> (300 mg).<\/p>\n<p>Obtenido a partir de semillas de c\u00e1\u00f1amo sativa prensadas en fr\u00edo.<\/p>\n<p>C300 contiene ingredientes de la m\u00e1s alta calidad y pureza, cuyas propiedades act\u00faan sin\u00e9rgicamente para crear el efecto calmante.<br \/>Conservar en lugar fresco y seco.<\/p>\n<p><strong>Contiene 300 mg de CBD<\/strong>.<\/p>\n","protected":false},"excerpt":{"rendered":"<p>El aceite de CBD Enecta se produce y prueba en laboratorios especializados y certificados en cuanto a pureza y seguridad,<\/p>\n","protected":false},"featured_media":127449,"comment_status":"open","ping_status":"closed","template":"","meta":[],"product_brand":[],"product_cat":[7914],"product_tag":[],"class_list":{"0":"post-127453","1":"product","2":"type-product","3":"status-publish","4":"has-post-thumbnail","6":"product_cat-cosmeticos","8":"first","9":"instock","10":"taxable","11":"shipping-taxable","12":"purchasable","13":"product-type-simple"},"_links":{"self":[{"href":"https:\/\/www.budream.com\/es\/wp-json\/wp\/v2\/product\/127453","targetHints":{"allow":["GET"]}}],"collection":[{"href":"https:\/\/www.budream.com\/es\/wp-json\/wp\/v2\/product"}],"about":[{"href":"https:\/\/www.budream.com\/es\/wp-json\/wp\/v2\/types\/product"}],"replies":[{"embeddable":true,"href":"https:\/\/www.budream.com\/es\/wp-json\/wp\/v2\/comments?post=127453"}],"version-history":[{"count":0,"href":"https:\/\/www.budream.com\/es\/wp-json\/wp\/v2\/product\/127453\/revisions"}],"wp:featuredmedia":[{"embeddable":true,"href":"https:\/\/www.budream.com\/es\/wp-json\/wp\/v2\/media\/127449"}],"wp:attachment":[{"href":"https:\/\/www.budream.com\/es\/wp-json\/wp\/v2\/media?parent=127453"}],"wp:term":[{"taxonomy":"product_brand","embeddable":true,"href":"https:\/\/www.budream.com\/es\/wp-json\/wp\/v2\/product_brand?post=127453"},{"taxonomy":"product_cat","embeddable":true,"href":"https:\/\/www.budream.com\/es\/wp-json\/wp\/v2\/product_cat?post=127453"},{"taxonomy":"product_tag","embeddable":true,"href":"https:\/\/www.budream.com\/es\/wp-json\/wp\/v2\/product_tag?post=127453"}],"curies":[{"name":"wp","href":"https:\/\/api.w.org\/{rel}","templated":true}]}}