{"id":127528,"date":"2025-07-30T20:53:26","date_gmt":"2025-07-30T18:53:26","guid":{"rendered":"https:\/\/www.budream.com\/shop\/kanaplant-defensa-3-enfermedades-por-hongos-500ml\/"},"modified":"2026-02-18T17:45:26","modified_gmt":"2026-02-18T15:45:26","slug":"kanaplant-defensa-3-enfermedades-por-hongos-500ml","status":"publish","type":"product","link":"https:\/\/www.budream.com\/es\/shop\/kanaplant-defensa-3-enfermedades-por-hongos-500ml\/","title":{"rendered":"KANAPLANT &#8211; DEFENSA 3 ENFERMEDADES POR HONGOS | 500ml"},"content":{"rendered":"<h2><strong>Kanaplant Defence 1 es una soluci\u00f3n natural para la defensa de las plantas contra las enfermedades f\u00fangicas. Se basa en extracto de equisetum y aloe vera.<\/strong><\/h2>\n<p>Es un producto a base de extracto de gel de aloe vera (Aloe Barbadensis Miller), planta suculenta caracterizada por sus hojas lanceoladas de las que se extrae un gel rico en agua, amino\u00e1cidos, az\u00facares, vitaminas, alo\u00ednas y saponinas, y de cola de caballo (Equisetum arvense) o cola de caballo, planta medicinal conocida desde la antig\u00fcedad. Aplicado a las plantas, estimula la bios\u00edntesis de sustancias end\u00f3genas naturales de defensa (fitolalexinas) que fortifican los tejidos vegetales, haci\u00e9ndolos m\u00e1s resistentes al estr\u00e9s ambiental e inhibiendo el desarrollo de <strong>enfermedades f<\/strong> \u00fangicas causadas por hongos pat\u00f3genos como el o\u00eddio <strong>o mildi\u00fa blanco<\/strong>, la <strong>roya, el mildi\u00fa velloso<\/strong>.<\/p>\n<p>Tambi\u00e9n favorece el crecimiento de las plantas haci\u00e9ndolas m\u00e1s fuertes, m\u00e1s verdes, con m\u00e1s flores y frutos y las ayuda a defenderse contra el estr\u00e9s ambiental y las fluctuaciones de temperatura.<\/p>\n<p><strong>Modo de empleo:<\/strong><br \/>Agitar bien antes de usar y pulverizar la planta a una distancia de 40-50 cm, mojando uniformemente toda la superficie, incluido el env\u00e9s de las hojas. <strong>Acci\u00f3n<\/strong> <strong>preventiva<\/strong> <strong>:<\/strong> tratar cada 4-5 d\u00edas, desde la germinaci\u00f3n hasta la segunda semana de floraci\u00f3n. <strong>Acci\u00f3n curativa y protectora:<\/strong> tratar cuando aparezcan las infestaciones y, si es necesario, repetir la operaci\u00f3n cada 7-10 d\u00edas despu\u00e9s del primer tratamiento hasta la segunda semana de floraci\u00f3n. <\/p>\n<p><strong>Composici\u00f3n:<br \/><\/strong>Extracto de cola de caballo (Equisetum arvense) 0,5% v\/v y extracto de gel de aloe vera (Aloe Barbadensis Miller) % v\/v.<\/p>\n<p><strong>Presentaci\u00f3n:<\/strong><br \/>Frasco de 500 ml<\/p>\n<p><strong>PRODUCTO EN OFERTA HASTA FIN DE EXISTENCIAS<\/strong><\/p>\n<div id=\"isChromeWebToolbarDiv\"><\/div>\n","protected":false},"excerpt":{"rendered":"<p>Kanaplant Defence 1 es una soluci\u00f3n natural para la defensa de las plantas contra las enfermedades f\u00fangicas. Se basa en<\/p>\n","protected":false},"featured_media":127524,"comment_status":"open","ping_status":"closed","template":"","meta":[],"product_brand":[],"product_cat":[3095],"product_tag":[],"class_list":{"0":"post-127528","1":"product","2":"type-product","3":"status-publish","4":"has-post-thumbnail","6":"product_cat-antiparassitari-e-difesa","8":"first","9":"instock","10":"taxable","11":"shipping-taxable","12":"purchasable","13":"product-type-simple"},"aioseo_notices":[],"_links":{"self":[{"href":"https:\/\/www.budream.com\/es\/wp-json\/wp\/v2\/product\/127528","targetHints":{"allow":["GET"]}}],"collection":[{"href":"https:\/\/www.budream.com\/es\/wp-json\/wp\/v2\/product"}],"about":[{"href":"https:\/\/www.budream.com\/es\/wp-json\/wp\/v2\/types\/product"}],"replies":[{"embeddable":true,"href":"https:\/\/www.budream.com\/es\/wp-json\/wp\/v2\/comments?post=127528"}],"version-history":[{"count":0,"href":"https:\/\/www.budream.com\/es\/wp-json\/wp\/v2\/product\/127528\/revisions"}],"wp:featuredmedia":[{"embeddable":true,"href":"https:\/\/www.budream.com\/es\/wp-json\/wp\/v2\/media\/127524"}],"wp:attachment":[{"href":"https:\/\/www.budream.com\/es\/wp-json\/wp\/v2\/media?parent=127528"}],"wp:term":[{"taxonomy":"product_brand","embeddable":true,"href":"https:\/\/www.budream.com\/es\/wp-json\/wp\/v2\/product_brand?post=127528"},{"taxonomy":"product_cat","embeddable":true,"href":"https:\/\/www.budream.com\/es\/wp-json\/wp\/v2\/product_cat?post=127528"},{"taxonomy":"product_tag","embeddable":true,"href":"https:\/\/www.budream.com\/es\/wp-json\/wp\/v2\/product_tag?post=127528"}],"curies":[{"name":"wp","href":"https:\/\/api.w.org\/{rel}","templated":true}]}}