{"id":127568,"date":"2025-07-30T20:55:24","date_gmt":"2025-07-30T18:55:24","guid":{"rendered":"https:\/\/www.budream.com\/shop\/flortis-aceite-de-pino-naturae-500ml\/"},"modified":"2026-03-25T12:25:29","modified_gmt":"2026-03-25T10:25:29","slug":"flortis-aceite-de-pino-naturae-500ml","status":"publish","type":"product","link":"https:\/\/www.budream.com\/es\/shop\/flortis-aceite-de-pino-naturae-500ml\/","title":{"rendered":"FLORTIS &#8211; ACEITE DE PINO NATURAE | 500ml"},"content":{"rendered":"<h2><strong>El extracto Aloe Naturae de Flortis es un producto contra las cochinillas a base de aceite esencial de pino.<\/strong><\/h2>\n<p>Se obtiene de las agujas del <em>Pinus silvestris<\/em>, una planta perenne originaria de Europa y el norte de Asia. Aplicado sobre las plantas, contribuye a protegerlas frente a las <strong>cochinillas<\/strong> gracias a su acci\u00f3n antitranspirante. Tambi\u00e9n act\u00faa sobre los huevos puestos por los insectos, desvitaliz\u00e1ndolos. Es aplicable tanto en plantas ornamentales como hort\u00edcolas y de jard\u00edn y puede utilizarse en cualquier momento del ciclo productivo.<\/p>\n<p><strong>Modo de empleo:<\/strong><br \/>Agitar bien antes de usar y pulverizar la planta a una distancia de 40-50 cm, mojando uniformemente toda la superficie, incluido el env\u00e9s de las hojas. <strong>Acci\u00f3n<\/strong> <strong>preventiva<\/strong>: tratar cada 10-15 d\u00edas, desde el inicio de la floraci\u00f3n hasta antes de la recolecci\u00f3n de los frutos. <strong>Acci\u00f3n curativa y protectora:<\/strong> tratar cuando aparezcan las infestaciones y, si es necesario, repetir la operaci\u00f3n cada 7-10 d\u00edas despu\u00e9s del primer tratamiento.<\/p>\n<p><strong>Composici\u00f3n:<\/strong><br \/>Aceite esencial de pino 1% v\/v.<\/p>\n<p><strong>Envase:<\/strong><br \/>Frasco de 500 ml listo para su uso<\/p>\n<div id=\"isChromeWebToolbarDiv\"><\/div>\n","protected":false},"excerpt":{"rendered":"<p>El extracto Aloe Naturae de Flortis es un producto contra las cochinillas a base de aceite esencial de pino. Se<\/p>\n","protected":false},"featured_media":127564,"comment_status":"open","ping_status":"closed","template":"","meta":[],"product_brand":[],"product_cat":[7930],"product_tag":[],"class_list":{"0":"post-127568","1":"product","2":"type-product","3":"status-publish","4":"has-post-thumbnail","6":"product_cat-antiparasitarios-y-defensa","8":"first","9":"instock","10":"taxable","11":"shipping-taxable","12":"purchasable","13":"product-type-simple"},"aioseo_notices":[],"_links":{"self":[{"href":"https:\/\/www.budream.com\/es\/wp-json\/wp\/v2\/product\/127568","targetHints":{"allow":["GET"]}}],"collection":[{"href":"https:\/\/www.budream.com\/es\/wp-json\/wp\/v2\/product"}],"about":[{"href":"https:\/\/www.budream.com\/es\/wp-json\/wp\/v2\/types\/product"}],"replies":[{"embeddable":true,"href":"https:\/\/www.budream.com\/es\/wp-json\/wp\/v2\/comments?post=127568"}],"version-history":[{"count":0,"href":"https:\/\/www.budream.com\/es\/wp-json\/wp\/v2\/product\/127568\/revisions"}],"wp:featuredmedia":[{"embeddable":true,"href":"https:\/\/www.budream.com\/es\/wp-json\/wp\/v2\/media\/127564"}],"wp:attachment":[{"href":"https:\/\/www.budream.com\/es\/wp-json\/wp\/v2\/media?parent=127568"}],"wp:term":[{"taxonomy":"product_brand","embeddable":true,"href":"https:\/\/www.budream.com\/es\/wp-json\/wp\/v2\/product_brand?post=127568"},{"taxonomy":"product_cat","embeddable":true,"href":"https:\/\/www.budream.com\/es\/wp-json\/wp\/v2\/product_cat?post=127568"},{"taxonomy":"product_tag","embeddable":true,"href":"https:\/\/www.budream.com\/es\/wp-json\/wp\/v2\/product_tag?post=127568"}],"curies":[{"name":"wp","href":"https:\/\/api.w.org\/{rel}","templated":true}]}}