{"id":127583,"date":"2025-07-30T20:55:55","date_gmt":"2025-07-30T18:55:55","guid":{"rendered":"https:\/\/www.budream.com\/shop\/semillas-royal-queen-bandeja-de-madera-para-liar\/"},"modified":"2026-05-13T12:46:49","modified_gmt":"2026-05-13T10:46:49","slug":"semillas-royal-queen-bandeja-de-madera-para-liar","status":"publish","type":"product","link":"https:\/\/www.budream.com\/es\/shop\/semillas-royal-queen-bandeja-de-madera-para-liar\/","title":{"rendered":"SEMILLAS ROYAL QUEEN &#8211; BANDEJA DE MADERA PARA LIAR"},"content":{"rendered":"<p>\u00a1Utiliza s\u00f3lo accesorios naturales con la bandeja para liar RQS! Esta bonita bandeja est\u00e1 hecha a mano con madera maciza, sin barnices ni productos qu\u00edmicos. S\u00f3lo ha sido tratada con aceite vegetal natural, absolutamente seguro.<\/p>\n<p>Medidas 30 x 15 x 2cm<\/p>\n","protected":false},"excerpt":{"rendered":"<p>\u00a1Utiliza s\u00f3lo accesorios naturales con la bandeja para liar RQS! Esta bonita bandeja est\u00e1 hecha a mano con madera maciza,<\/p>\n","protected":false},"featured_media":127574,"comment_status":"open","ping_status":"closed","template":"","meta":[],"product_brand":[],"product_cat":[7948],"product_tag":[],"class_list":{"0":"post-127583","1":"product","2":"type-product","3":"status-publish","4":"has-post-thumbnail","6":"product_cat-headshop-es","8":"first","9":"instock","10":"taxable","11":"shipping-taxable","12":"purchasable","13":"product-type-simple"},"aioseo_notices":[],"_links":{"self":[{"href":"https:\/\/www.budream.com\/es\/wp-json\/wp\/v2\/product\/127583","targetHints":{"allow":["GET"]}}],"collection":[{"href":"https:\/\/www.budream.com\/es\/wp-json\/wp\/v2\/product"}],"about":[{"href":"https:\/\/www.budream.com\/es\/wp-json\/wp\/v2\/types\/product"}],"replies":[{"embeddable":true,"href":"https:\/\/www.budream.com\/es\/wp-json\/wp\/v2\/comments?post=127583"}],"version-history":[{"count":0,"href":"https:\/\/www.budream.com\/es\/wp-json\/wp\/v2\/product\/127583\/revisions"}],"wp:featuredmedia":[{"embeddable":true,"href":"https:\/\/www.budream.com\/es\/wp-json\/wp\/v2\/media\/127574"}],"wp:attachment":[{"href":"https:\/\/www.budream.com\/es\/wp-json\/wp\/v2\/media?parent=127583"}],"wp:term":[{"taxonomy":"product_brand","embeddable":true,"href":"https:\/\/www.budream.com\/es\/wp-json\/wp\/v2\/product_brand?post=127583"},{"taxonomy":"product_cat","embeddable":true,"href":"https:\/\/www.budream.com\/es\/wp-json\/wp\/v2\/product_cat?post=127583"},{"taxonomy":"product_tag","embeddable":true,"href":"https:\/\/www.budream.com\/es\/wp-json\/wp\/v2\/product_tag?post=127583"}],"curies":[{"name":"wp","href":"https:\/\/api.w.org\/{rel}","templated":true}]}}