{"id":127618,"date":"2025-07-30T20:56:27","date_gmt":"2025-07-30T18:56:27","guid":{"rendered":"https:\/\/www.budream.com\/shop\/royal-queen-seeds-bandeja-magnetica-de-bambu-para-liar\/"},"modified":"2026-05-13T12:48:04","modified_gmt":"2026-05-13T10:48:04","slug":"royal-queen-seeds-bandeja-magnetica-de-bambu-para-liar","status":"publish","type":"product","link":"https:\/\/www.budream.com\/es\/shop\/royal-queen-seeds-bandeja-magnetica-de-bambu-para-liar\/","title":{"rendered":"ROYAL QUEEN SEEDS &#8211; BANDEJA MAGN\u00c9TICA DE BAMB\u00da PARA LIAR"},"content":{"rendered":"<p>\u00a1L\u00eda con estilo con la bandeja magn\u00e9tica de bamb\u00fa para liar de RQS! Esta bandeja de bamb\u00fa tiene una tapa magn\u00e9tica y compartimentos para guardar accesorios y grinders. La bandeja de liar est\u00e1 decorada con el logotipo de Royal Queen Seeds. El logotipo tambi\u00e9n est\u00e1 presente en la tapa.<\/p>\n<p>La parte central de la bandeja se mantiene unida gracias a un potente im\u00e1n. Puede dividir la bandeja por la mitad, utilizando una parte como tapa, y volver a colocarla f\u00e1cilmente. La plataforma principal tiene esquinas redondeadas, mientras que la parte inferior cuenta con almohadillas de goma para evitar rayar las superficies. Los compartimentos ofrecen un amplio espacio para guardar accesorios como papel de fumar, encendedores y filtros.<\/p>\n","protected":false},"excerpt":{"rendered":"<p>\u00a1L\u00eda con estilo con la bandeja magn\u00e9tica de bamb\u00fa para liar de RQS! Esta bandeja de bamb\u00fa tiene una tapa<\/p>\n","protected":false},"featured_media":127589,"comment_status":"open","ping_status":"closed","template":"","meta":[],"product_brand":[],"product_cat":[7948],"product_tag":[],"class_list":{"0":"post-127618","1":"product","2":"type-product","3":"status-publish","4":"has-post-thumbnail","6":"product_cat-headshop-es","8":"first","9":"instock","10":"taxable","11":"shipping-taxable","12":"purchasable","13":"product-type-simple"},"aioseo_notices":[],"_links":{"self":[{"href":"https:\/\/www.budream.com\/es\/wp-json\/wp\/v2\/product\/127618","targetHints":{"allow":["GET"]}}],"collection":[{"href":"https:\/\/www.budream.com\/es\/wp-json\/wp\/v2\/product"}],"about":[{"href":"https:\/\/www.budream.com\/es\/wp-json\/wp\/v2\/types\/product"}],"replies":[{"embeddable":true,"href":"https:\/\/www.budream.com\/es\/wp-json\/wp\/v2\/comments?post=127618"}],"version-history":[{"count":0,"href":"https:\/\/www.budream.com\/es\/wp-json\/wp\/v2\/product\/127618\/revisions"}],"wp:featuredmedia":[{"embeddable":true,"href":"https:\/\/www.budream.com\/es\/wp-json\/wp\/v2\/media\/127589"}],"wp:attachment":[{"href":"https:\/\/www.budream.com\/es\/wp-json\/wp\/v2\/media?parent=127618"}],"wp:term":[{"taxonomy":"product_brand","embeddable":true,"href":"https:\/\/www.budream.com\/es\/wp-json\/wp\/v2\/product_brand?post=127618"},{"taxonomy":"product_cat","embeddable":true,"href":"https:\/\/www.budream.com\/es\/wp-json\/wp\/v2\/product_cat?post=127618"},{"taxonomy":"product_tag","embeddable":true,"href":"https:\/\/www.budream.com\/es\/wp-json\/wp\/v2\/product_tag?post=127618"}],"curies":[{"name":"wp","href":"https:\/\/api.w.org\/{rel}","templated":true}]}}