{"id":127798,"date":"2025-07-30T21:05:28","date_gmt":"2025-07-30T19:05:28","guid":{"rendered":"https:\/\/www.budream.com\/shop\/sweet-seeds-sweet-mix-auto-sws27-10-semillas\/"},"modified":"2026-03-26T18:54:45","modified_gmt":"2026-03-26T16:54:45","slug":"sweet-seeds-sweet-mix-auto-sws27-10-semillas","status":"publish","type":"product","link":"https:\/\/www.budream.com\/es\/shop\/sweet-seeds-sweet-mix-auto-sws27-10-semillas\/","title":{"rendered":"SWEET SEEDS &#8211; SWEET MIX AUTO\u00ae (SWS27) | 10 SEMILLAS"},"content":{"rendered":"<p>Datos t\u00e9cnicos:<\/p>\n<p>100% autofloreciente de tercera generaci\u00f3n<\/p>\n<p>Gen\u00e9tica: Sweet Mix Auto de Sweet Seeds es un surtido de 10 variedades diferentes de semillas feminizadas autoflorecientes<\/p>\n<p>d\u00edas: n.d.<\/p>\n","protected":false},"excerpt":{"rendered":"<p>Datos t\u00e9cnicos: 100% autofloreciente de tercera generaci\u00f3n Gen\u00e9tica: Sweet Mix Auto de Sweet Seeds es un surtido de 10 variedades<\/p>\n","protected":false},"featured_media":127789,"comment_status":"open","ping_status":"closed","template":"","meta":[],"product_brand":[],"product_cat":[7953],"product_tag":[],"class_list":{"0":"post-127798","1":"product","2":"type-product","3":"status-publish","4":"has-post-thumbnail","6":"product_cat-seedshop-es","8":"first","9":"instock","10":"sale","11":"taxable","12":"shipping-taxable","13":"purchasable","14":"product-type-simple"},"_links":{"self":[{"href":"https:\/\/www.budream.com\/es\/wp-json\/wp\/v2\/product\/127798","targetHints":{"allow":["GET"]}}],"collection":[{"href":"https:\/\/www.budream.com\/es\/wp-json\/wp\/v2\/product"}],"about":[{"href":"https:\/\/www.budream.com\/es\/wp-json\/wp\/v2\/types\/product"}],"replies":[{"embeddable":true,"href":"https:\/\/www.budream.com\/es\/wp-json\/wp\/v2\/comments?post=127798"}],"version-history":[{"count":0,"href":"https:\/\/www.budream.com\/es\/wp-json\/wp\/v2\/product\/127798\/revisions"}],"wp:featuredmedia":[{"embeddable":true,"href":"https:\/\/www.budream.com\/es\/wp-json\/wp\/v2\/media\/127789"}],"wp:attachment":[{"href":"https:\/\/www.budream.com\/es\/wp-json\/wp\/v2\/media?parent=127798"}],"wp:term":[{"taxonomy":"product_brand","embeddable":true,"href":"https:\/\/www.budream.com\/es\/wp-json\/wp\/v2\/product_brand?post=127798"},{"taxonomy":"product_cat","embeddable":true,"href":"https:\/\/www.budream.com\/es\/wp-json\/wp\/v2\/product_cat?post=127798"},{"taxonomy":"product_tag","embeddable":true,"href":"https:\/\/www.budream.com\/es\/wp-json\/wp\/v2\/product_tag?post=127798"}],"curies":[{"name":"wp","href":"https:\/\/api.w.org\/{rel}","templated":true}]}}