{"id":127808,"date":"2025-07-30T21:06:06","date_gmt":"2025-07-30T19:06:06","guid":{"rendered":"https:\/\/www.budream.com\/shop\/lampara-de-recambio-para-ozonizador-uvonair-uv-80h\/"},"modified":"2026-02-03T13:49:55","modified_gmt":"2026-02-03T11:49:55","slug":"lampara-de-recambio-para-ozonizador-uvonair-uv-80h","status":"publish","type":"product","link":"https:\/\/www.budream.com\/es\/shop\/lampara-de-recambio-para-ozonizador-uvonair-uv-80h\/","title":{"rendered":"LAMPARA DE RECAMBIO PARA OZONIZADOR UVONAIR UV-80H"},"content":{"rendered":"<p><span style=\"font-family: arial\"><span style=\"font-size: 12px\">L\u00e1mpara de recambio para UVONAIR UV-80H <\/span><\/span><br \/><span style=\"font-family: arial\"><span style=\"font-size: 12px\">Para obtener los m\u00e1ximos resultados, la l\u00e1mpara debe sustituirse cada a\u00f1o o cada 8000 horas de funcionamiento.<\/span><\/span><\/p>\n<p><span style=\"font-family: arial\"><span style=\"font-size: 12px\">ADVERTENCIAS: El ozono por encima de ciertas concentraciones puede ser perjudicial para los seres humanos y otros seres vivos, por lo que es necesario que estos productos sean instalados por personal cualificado y utilizados con sistemas de control adecuados.<\/span><\/span><br \/><span style=\"font-family: arial\"><span style=\"font-size: 12px\">No permanezca en un entorno en el que haya ozono, especialmente delante o cerca de la salida de <\/span><\/span><span style=\"font-family: arial;font-size: 12px\">los conductos de aire <\/span><span style=\"font-family: arial;font-size: 12px\">.<\/span><span style=\"font-family: arial\"><span style=\"font-size: 12px\"><br \/><\/span><\/span><span style=\"font-family: arial;font-size: 12px\">UVONAIR UV-80H es una herramienta de tratamiento de olores muy eficaz, sin embargo, no sustituye a los filtros de carb\u00f3n activo.<br \/>NO MIRE LA L\u00c1MPARA UV MIENTRAS EST\u00c9 FUNCIONANDO<\/span><span style=\"font-family: arial\"><span style=\"font-size: 12px\">.<\/span><\/span><span style=\"font-family: arial;font-size: 12px\"><br \/><\/span><span style=\"font-family: arial\"><span style=\"font-size: 12px\"><\/span><\/span> Mantenga<span style=\"font-family: arial\"><span style=\"font-size: 12px\">a los animales y a los ni\u00f1os alejados de los entornos que contengan ozono.<\/p>\n<p><\/span><\/span><\/p>\n","protected":false},"excerpt":{"rendered":"<p>L\u00e1mpara de recambio para UVONAIR UV-80H Para obtener los m\u00e1ximos resultados, la l\u00e1mpara debe sustituirse cada a\u00f1o o cada 8000<\/p>\n","protected":false},"featured_media":127804,"comment_status":"open","ping_status":"closed","template":"","meta":[],"product_brand":[],"product_cat":[7930],"product_tag":[],"class_list":{"0":"post-127808","1":"product","2":"type-product","3":"status-publish","4":"has-post-thumbnail","6":"product_cat-antiparasitarios-y-defensa","8":"first","9":"instock","10":"taxable","11":"shipping-taxable","12":"purchasable","13":"product-type-simple"},"_links":{"self":[{"href":"https:\/\/www.budream.com\/es\/wp-json\/wp\/v2\/product\/127808","targetHints":{"allow":["GET"]}}],"collection":[{"href":"https:\/\/www.budream.com\/es\/wp-json\/wp\/v2\/product"}],"about":[{"href":"https:\/\/www.budream.com\/es\/wp-json\/wp\/v2\/types\/product"}],"replies":[{"embeddable":true,"href":"https:\/\/www.budream.com\/es\/wp-json\/wp\/v2\/comments?post=127808"}],"version-history":[{"count":0,"href":"https:\/\/www.budream.com\/es\/wp-json\/wp\/v2\/product\/127808\/revisions"}],"wp:featuredmedia":[{"embeddable":true,"href":"https:\/\/www.budream.com\/es\/wp-json\/wp\/v2\/media\/127804"}],"wp:attachment":[{"href":"https:\/\/www.budream.com\/es\/wp-json\/wp\/v2\/media?parent=127808"}],"wp:term":[{"taxonomy":"product_brand","embeddable":true,"href":"https:\/\/www.budream.com\/es\/wp-json\/wp\/v2\/product_brand?post=127808"},{"taxonomy":"product_cat","embeddable":true,"href":"https:\/\/www.budream.com\/es\/wp-json\/wp\/v2\/product_cat?post=127808"},{"taxonomy":"product_tag","embeddable":true,"href":"https:\/\/www.budream.com\/es\/wp-json\/wp\/v2\/product_tag?post=127808"}],"curies":[{"name":"wp","href":"https:\/\/api.w.org\/{rel}","templated":true}]}}