{"id":127858,"date":"2025-07-30T21:07:56","date_gmt":"2025-07-30T19:07:56","guid":{"rendered":"https:\/\/www.budream.com\/shop\/mantequilla-magica-4pack-1-guante-3-filtros\/"},"modified":"2026-05-13T13:00:22","modified_gmt":"2026-05-13T11:00:22","slug":"mantequilla-magica-4pack-1-guante-3-filtros","status":"publish","type":"product","link":"https:\/\/www.budream.com\/es\/shop\/mantequilla-magica-4pack-1-guante-3-filtros\/","title":{"rendered":"MANTEQUILLA M\u00c1GICA &#8211; 4PACK | 1 GUANTE + 3 FILTROS"},"content":{"rendered":"<p><b>MagicalButter <\/b>4 Pack<b>! <\/b>Este kit de 4 unidades incluye 3 bolsas de filtro de micras diferentes, y el guante de silicona Love Glove.<\/p>\n<p><strong>Contenido:<\/strong><\/p>\n<p>3 bolsas de filtro de micras diferentes:<\/p>\n<ul style=\"list-style-type: disc\">\n<li>25 micras es un tama\u00f1o de poro super fino, ideal para kief o hach\u00eds<\/li>\n<li>73 micras es para un tinte m\u00e1s fino y mejor claridad<\/li>\n<li>220 es un tama\u00f1o de poro m\u00e1s grande, ideal para mantequilla o extractos m\u00e1s espesos<\/li>\n<li>1 guante de cocina de silicona LoveGlove<\/li>\n<\/ul>\n<p>Consejo profesional: para obtener mejores resultados, utiliza los filtros en orden de mayor a menor<\/p>\n","protected":false},"excerpt":{"rendered":"<p>MagicalButter 4 Pack! Este kit de 4 unidades incluye 3 bolsas de filtro de micras diferentes, y el guante de<\/p>\n","protected":false},"featured_media":127834,"comment_status":"open","ping_status":"closed","template":"","meta":[],"product_brand":[],"product_cat":[7948],"product_tag":[],"class_list":{"0":"post-127858","1":"product","2":"type-product","3":"status-publish","4":"has-post-thumbnail","6":"product_cat-headshop-es","8":"first","9":"instock","10":"taxable","11":"shipping-taxable","12":"purchasable","13":"product-type-simple"},"aioseo_notices":[],"_links":{"self":[{"href":"https:\/\/www.budream.com\/es\/wp-json\/wp\/v2\/product\/127858","targetHints":{"allow":["GET"]}}],"collection":[{"href":"https:\/\/www.budream.com\/es\/wp-json\/wp\/v2\/product"}],"about":[{"href":"https:\/\/www.budream.com\/es\/wp-json\/wp\/v2\/types\/product"}],"replies":[{"embeddable":true,"href":"https:\/\/www.budream.com\/es\/wp-json\/wp\/v2\/comments?post=127858"}],"version-history":[{"count":1,"href":"https:\/\/www.budream.com\/es\/wp-json\/wp\/v2\/product\/127858\/revisions"}],"predecessor-version":[{"id":269767,"href":"https:\/\/www.budream.com\/es\/wp-json\/wp\/v2\/product\/127858\/revisions\/269767"}],"wp:featuredmedia":[{"embeddable":true,"href":"https:\/\/www.budream.com\/es\/wp-json\/wp\/v2\/media\/127834"}],"wp:attachment":[{"href":"https:\/\/www.budream.com\/es\/wp-json\/wp\/v2\/media?parent=127858"}],"wp:term":[{"taxonomy":"product_brand","embeddable":true,"href":"https:\/\/www.budream.com\/es\/wp-json\/wp\/v2\/product_brand?post=127858"},{"taxonomy":"product_cat","embeddable":true,"href":"https:\/\/www.budream.com\/es\/wp-json\/wp\/v2\/product_cat?post=127858"},{"taxonomy":"product_tag","embeddable":true,"href":"https:\/\/www.budream.com\/es\/wp-json\/wp\/v2\/product_tag?post=127858"}],"curies":[{"name":"wp","href":"https:\/\/api.w.org\/{rel}","templated":true}]}}