{"id":127888,"date":"2025-07-30T21:08:28","date_gmt":"2025-07-30T19:08:28","guid":{"rendered":"https:\/\/www.budream.com\/shop\/storzbickel-volcano-hybrid-vaporizador\/"},"modified":"2026-04-09T08:24:06","modified_gmt":"2026-04-09T06:24:06","slug":"storzbickel-volcano-hybrid-vaporizador","status":"publish","type":"product","link":"https:\/\/www.budream.com\/es\/shop\/storzbickel-volcano-hybrid-vaporizador\/","title":{"rendered":"STORZ&amp;BICKEL &#8211; VOLCANO HYBRID | VAPORIZADOR"},"content":{"rendered":"<p>Volcano Hybrid es el nuevo vaporizador de sobremesa de Storz &amp; Bickel que ofrece nuevas prestaciones y la habitual calidad incuestionable que ha hecho famosa a la marca alemana en todo el mundo. La reinvenci\u00f3n de un icono.<\/p>\n<h2><span style=\"text-decoration: underline\">El Volcano Hybrid tiene muchas caracter\u00edsticas nuevas:<\/span><\/h2>\n<p>&#8211; Inhalaci\u00f3n a trav\u00e9s de la Unidad de Tubo o con el Frasco con Easy Valve;<br \/>&#8211; Proceso de calentamiento muy r\u00e1pido (1 &#8211; 2 minutos);<br \/>&#8211; Gran pantalla con mandos para el control de la temperatura;<br \/>&#8211; Control a trav\u00e9s de la aplicaci\u00f3n S&amp;B para Android e iOS;<br \/>&#8211; Los materiales de alta calidad y la mano de obra a la que est\u00e1 acostumbrado con STORZ &amp; BICKEL garantizan una larga vida \u00fatil Made in Germany;<\/p>\n<h3><span style=\"text-decoration: underline\">Tambi\u00e9n es totalmente nueva la APP de Storz&amp;Bickel, que ampl\u00eda las funciones del vaporizador:<br \/><\/span><\/h3>\n<ul style=\"list-style-type: disc\">\n<li>Control del proceso t\u00e9rmico;<\/li>\n<li>Personalizaci\u00f3n de los ajustes;<\/li>\n<li>Control de apagado autom\u00e1tico;<\/li>\n<li>Control de la vibraci\u00f3n;<\/li>\n<li>Configuraci\u00f3n del brillo de los LED;<\/li>\n<li>Configuraci\u00f3n del flujo de vapor;<\/li>\n<li>Almacenamiento de n\u00fameros de serie;<\/li>\n<\/ul>\n<p><strong>Disponible para Android e iOS.<\/strong><\/p>\n<h2><span style=\"text-decoration: underline\">Volcano Hybrid incluye en la caja:<\/span><\/h2>\n<ul style=\"list-style-type: disc\">\n<li class=\"long-description\">1 ud. Vaporizador VOLCANO HYBRID;<\/li>\n<li class=\"long-description\">1 ud. Cable de alimentaci\u00f3n;<\/li>\n<li class=\"long-description\">3 uds. Frasco EASY VALVE con boquilla;<\/li>\n<li class=\"long-description\">1 ud. Frasco EASY VALVE con adaptador;<\/li>\n<li class=\"long-description\">1 ud. Unidad de tubo para inhalaci\u00f3n directa<\/li>\n<li class=\"long-description\">1 ud. C\u00e1mara de vaporizaci\u00f3n (incl.: 1 ud. Anillo de tapa; 1 ud. Juego de filtros est\u00e1ndar (aprox. &Oslash; 30 mm), 1 ud. Almohadilla para gotas (aprox. &Oslash; 28 x 4 mm), 1 ud. Cepillo de limpieza);<\/li>\n<li class=\"long-description\">1 ud. Juego de filtros de aire;<\/li>\n<li class=\"long-description\">1 ud. molinillo de hierbas (&Oslash; 55 mm)<\/li>\n<li class=\"long-description\">1 ud. Instrucciones de uso;<\/li>\n<\/ul>\n","protected":false},"excerpt":{"rendered":"<p>Volcano Hybrid es el nuevo vaporizador de sobremesa de Storz &amp; Bickel que ofrece nuevas prestaciones y la habitual calidad<\/p>\n","protected":false},"featured_media":127864,"comment_status":"open","ping_status":"closed","template":"","meta":[],"product_brand":[],"product_cat":[7908],"product_tag":[],"class_list":{"0":"post-127888","1":"product","2":"type-product","3":"status-publish","4":"has-post-thumbnail","6":"product_cat-vaporizadores","8":"first","9":"instock","10":"sale","11":"taxable","12":"shipping-taxable","13":"purchasable","14":"product-type-simple"},"aioseo_notices":[],"_links":{"self":[{"href":"https:\/\/www.budream.com\/es\/wp-json\/wp\/v2\/product\/127888","targetHints":{"allow":["GET"]}}],"collection":[{"href":"https:\/\/www.budream.com\/es\/wp-json\/wp\/v2\/product"}],"about":[{"href":"https:\/\/www.budream.com\/es\/wp-json\/wp\/v2\/types\/product"}],"replies":[{"embeddable":true,"href":"https:\/\/www.budream.com\/es\/wp-json\/wp\/v2\/comments?post=127888"}],"version-history":[{"count":1,"href":"https:\/\/www.budream.com\/es\/wp-json\/wp\/v2\/product\/127888\/revisions"}],"predecessor-version":[{"id":262350,"href":"https:\/\/www.budream.com\/es\/wp-json\/wp\/v2\/product\/127888\/revisions\/262350"}],"wp:featuredmedia":[{"embeddable":true,"href":"https:\/\/www.budream.com\/es\/wp-json\/wp\/v2\/media\/127864"}],"wp:attachment":[{"href":"https:\/\/www.budream.com\/es\/wp-json\/wp\/v2\/media?parent=127888"}],"wp:term":[{"taxonomy":"product_brand","embeddable":true,"href":"https:\/\/www.budream.com\/es\/wp-json\/wp\/v2\/product_brand?post=127888"},{"taxonomy":"product_cat","embeddable":true,"href":"https:\/\/www.budream.com\/es\/wp-json\/wp\/v2\/product_cat?post=127888"},{"taxonomy":"product_tag","embeddable":true,"href":"https:\/\/www.budream.com\/es\/wp-json\/wp\/v2\/product_tag?post=127888"}],"curies":[{"name":"wp","href":"https:\/\/api.w.org\/{rel}","templated":true}]}}