{"id":128033,"date":"2025-07-30T21:13:01","date_gmt":"2025-07-30T19:13:01","guid":{"rendered":"https:\/\/www.budream.com\/shop\/flowermate-nano-vaporizador-v5\/"},"modified":"2026-04-20T14:18:02","modified_gmt":"2026-04-20T12:18:02","slug":"flowermate-nano-vaporizador-v5","status":"publish","type":"product","link":"https:\/\/www.budream.com\/es\/shop\/flowermate-nano-vaporizador-v5\/","title":{"rendered":"FLOWERMATE &#8211; NANO VAPORIZADOR V5"},"content":{"rendered":"<p>Evoluci\u00f3n del Flowermate V5.0pro, el <strong>V5 Nano<\/strong> es la \u00faltima visi\u00f3n de la aromaterapia port\u00e1til de Flowermate. Equipado con una bater\u00eda extra\u00edble 18650, el Nano pone al usuario en control directo de la longevidad del dispositivo.<\/p>\n<p>El tama\u00f1o de la unidad lo hace ultradiscreto y f\u00e1cil de ocultar, y el tiempo de calentamiento ultrarr\u00e1pido (30 segundos) acelera las sesiones fuera de casa.<\/p>\n<p>Otras caracter\u00edsticas clave incluyen una boquilla de <strong>borosilicato<\/strong> que se puede desmontar y ocultar en el dispositivo, una c\u00e1mara grande para sesiones individuales o en grupo y una v\u00eda de aire totalmente aislada para garantizar una calada limpia y de sabor puro.<\/p>\n<p><\/p>\n<h2><span style=\"text-decoration: underline\">Caracter\u00edsticas del nano vaporizador Flowermate V5<\/span>:<\/h2>\n<ul style=\"list-style-type: disc\">\n<li>Temperatura ajustable;<\/li>\n<li>Bater\u00eda 18650 extra\u00edble y reemplazable;<\/li>\n<li>Boquilla de vidrio de borosilicato;<\/li>\n<li>Calentamiento r\u00e1pido;<\/li>\n<li>Dise\u00f1o discreto;<\/li>\n<\/ul>\n<p> <strong> <span style=\"text-decoration: underline\"><span style=\"font-size: 12pt\">Incluido en el paquete<\/span>:<\/span><\/strong><\/p>\n<ul style=\"list-style-type: disc\">\n<li>Flowermate V5 nano;<\/li>\n<li>Boquilla de borosilicato;<\/li>\n<li>Cargador de pared USB\/mini USB;<\/li>\n<li>Embudo para rellenar;<\/li>\n<li>Cepillo de limpieza y dabber;<\/li>\n<li>Manual de usuario (en ingl\u00e9s);<\/li>\n<li>Contenedor vegetal;<\/li>\n<li>Recipiente para aceites (cera, bho, colofonia);<\/li>\n<li>Guante protector;<\/li>\n<\/ul>\n","protected":false},"excerpt":{"rendered":"<p>Evoluci\u00f3n del Flowermate V5.0pro, el V5 Nano es la \u00faltima visi\u00f3n de la aromaterapia port\u00e1til de Flowermate. Equipado con una<\/p>\n","protected":false},"featured_media":128014,"comment_status":"open","ping_status":"closed","template":"","meta":[],"product_brand":[],"product_cat":[7908],"product_tag":[],"class_list":{"0":"post-128033","1":"product","2":"type-product","3":"status-publish","4":"has-post-thumbnail","6":"product_cat-vaporizadores","8":"first","9":"instock","10":"sale","11":"taxable","12":"shipping-taxable","13":"purchasable","14":"product-type-simple"},"aioseo_notices":[],"_links":{"self":[{"href":"https:\/\/www.budream.com\/es\/wp-json\/wp\/v2\/product\/128033","targetHints":{"allow":["GET"]}}],"collection":[{"href":"https:\/\/www.budream.com\/es\/wp-json\/wp\/v2\/product"}],"about":[{"href":"https:\/\/www.budream.com\/es\/wp-json\/wp\/v2\/types\/product"}],"replies":[{"embeddable":true,"href":"https:\/\/www.budream.com\/es\/wp-json\/wp\/v2\/comments?post=128033"}],"version-history":[{"count":0,"href":"https:\/\/www.budream.com\/es\/wp-json\/wp\/v2\/product\/128033\/revisions"}],"wp:featuredmedia":[{"embeddable":true,"href":"https:\/\/www.budream.com\/es\/wp-json\/wp\/v2\/media\/128014"}],"wp:attachment":[{"href":"https:\/\/www.budream.com\/es\/wp-json\/wp\/v2\/media?parent=128033"}],"wp:term":[{"taxonomy":"product_brand","embeddable":true,"href":"https:\/\/www.budream.com\/es\/wp-json\/wp\/v2\/product_brand?post=128033"},{"taxonomy":"product_cat","embeddable":true,"href":"https:\/\/www.budream.com\/es\/wp-json\/wp\/v2\/product_cat?post=128033"},{"taxonomy":"product_tag","embeddable":true,"href":"https:\/\/www.budream.com\/es\/wp-json\/wp\/v2\/product_tag?post=128033"}],"curies":[{"name":"wp","href":"https:\/\/api.w.org\/{rel}","templated":true}]}}