{"id":128238,"date":"2025-07-30T21:22:21","date_gmt":"2025-07-30T19:22:21","guid":{"rendered":"https:\/\/www.budream.com\/shop\/hemp-nanotech-biobong-buster-detergent-1kg\/"},"modified":"2026-02-13T16:10:18","modified_gmt":"2026-02-13T14:10:18","slug":"hemp-nanotech-biobong-buster-detergent-1kg","status":"publish","type":"product","link":"https:\/\/www.budream.com\/es\/shop\/hemp-nanotech-biobong-buster-detergent-1kg\/","title":{"rendered":"HEMP NANOTECH &#8211; BIOBONG BUSTER DETERGENT | 1kg"},"content":{"rendered":"<p>BioBong Buster es el limpiador en polvo para limpiar Bongs y Hookahs incrustados o secos que no requiere agitaci\u00f3n ni acci\u00f3n mec\u00e1nica. El limpiador se compone de sal mineral modificada con ox\u00edgeno naciente. Un producto biol\u00f3gico hecho modificando sales naturales de sodio tratadas con ultrasonidos y per\u00f3xido de hidr\u00f3geno, la sal se \u00abllena\u00bb de ox\u00edgeno. La sal reci\u00e9n formada es muy estable a temperatura ambiente, pero est\u00e1 preparada para liberar ox\u00edgeno por encima de los 60C&deg;. Cuando la sal alcanza los 60 grados (por ejemplo, en agua muy caliente), el ox\u00edgeno que contiene sale en\u00e9rgicamente, creando una reacci\u00f3n de oxidaci\u00f3n-reducci\u00f3n contra los dep\u00f3sitos de carbono, los residuos de resina solidificados y el aceite.<\/p>\n<p>Se trata de una soluci\u00f3n radical que permite una limpieza profunda y homog\u00e9nea de todas las superficies, incluso las m\u00e1s dif\u00edciles de limpiar, con excelentes resultados de limpieza incluso en grietas y cavidades diminutas. El Ph neutro es la mejor garant\u00eda de que el producto no es corrosivo y, por lo tanto, dejar\u00e1 las superficies brillantes y relucientes de limpieza.<\/p>\n<h2><span style=\"text-decoration: underline\">Instrucciones de uso de Bio bong buster:<\/span><\/h2>\n<ul style=\"list-style-type: disc\">\n<li>1. Calentar una olla con agua, cualquier tipo de olla no se da\u00f1ar\u00e1, de hecho el BioBong Buster tendr\u00e1 una funci\u00f3n esterilizadora;<\/li>\n<li>2. Cuando el agua empiece a humear a unos 70-80 c&deg; poner unos 30g de BioBong Buster en el bong o cualquier otro instrumento a lavar y sumergirlo en el agua;<\/li>\n<li>3. Espere unos 5 &#8211; 10 minutos;<\/li>\n<li>4. Enjuague con agua tibia o caliente<\/li>\n<\/ul>\n<p>Este m\u00e9todo evita ensuciar el lugar donde se limpian los instrumentos, la cocina, el fregadero y la olla se limpiar\u00e1n f\u00e1cilmente con un solo aclarado y la suciedad se ir\u00e1 por el desag\u00fce.<\/p>\n","protected":false},"excerpt":{"rendered":"<p>BioBong Buster es el limpiador en polvo para limpiar Bongs y Hookahs incrustados o secos que no requiere agitaci\u00f3n ni<\/p>\n","protected":false},"featured_media":128234,"comment_status":"open","ping_status":"closed","template":"","meta":[],"product_brand":[],"product_cat":[7948],"product_tag":[],"class_list":{"0":"post-128238","1":"product","2":"type-product","3":"status-publish","4":"has-post-thumbnail","6":"product_cat-headshop-es","8":"first","9":"instock","10":"taxable","11":"shipping-taxable","12":"purchasable","13":"product-type-simple"},"aioseo_notices":[],"_links":{"self":[{"href":"https:\/\/www.budream.com\/es\/wp-json\/wp\/v2\/product\/128238","targetHints":{"allow":["GET"]}}],"collection":[{"href":"https:\/\/www.budream.com\/es\/wp-json\/wp\/v2\/product"}],"about":[{"href":"https:\/\/www.budream.com\/es\/wp-json\/wp\/v2\/types\/product"}],"replies":[{"embeddable":true,"href":"https:\/\/www.budream.com\/es\/wp-json\/wp\/v2\/comments?post=128238"}],"version-history":[{"count":0,"href":"https:\/\/www.budream.com\/es\/wp-json\/wp\/v2\/product\/128238\/revisions"}],"wp:featuredmedia":[{"embeddable":true,"href":"https:\/\/www.budream.com\/es\/wp-json\/wp\/v2\/media\/128234"}],"wp:attachment":[{"href":"https:\/\/www.budream.com\/es\/wp-json\/wp\/v2\/media?parent=128238"}],"wp:term":[{"taxonomy":"product_brand","embeddable":true,"href":"https:\/\/www.budream.com\/es\/wp-json\/wp\/v2\/product_brand?post=128238"},{"taxonomy":"product_cat","embeddable":true,"href":"https:\/\/www.budream.com\/es\/wp-json\/wp\/v2\/product_cat?post=128238"},{"taxonomy":"product_tag","embeddable":true,"href":"https:\/\/www.budream.com\/es\/wp-json\/wp\/v2\/product_tag?post=128238"}],"curies":[{"name":"wp","href":"https:\/\/api.w.org\/{rel}","templated":true}]}}