{"id":128348,"date":"2025-07-30T21:28:00","date_gmt":"2025-07-30T19:28:00","guid":{"rendered":"https:\/\/www.budream.com\/shop\/flortis-aceite-de-neem-concentrado-250ml\/"},"modified":"2026-03-18T14:29:00","modified_gmt":"2026-03-18T12:29:00","slug":"flortis-aceite-de-neem-concentrado-250ml","status":"publish","type":"product","link":"https:\/\/www.budream.com\/es\/shop\/flortis-aceite-de-neem-concentrado-250ml\/","title":{"rendered":"FLORTIS &#8211; ACEITE DE NEEM CONCENTRADO | 250ml"},"content":{"rendered":"<p>Aceite de Neem para plantas, <strong>100% natural y biodegradable<\/strong>, prensado en fr\u00edo, soluble en agua.<\/p>\n<p>Aplicado a las plantas mejora su salud general, aumentando su resistencia natural a plagas y enfermedades. Es ecol\u00f3gico y seguro para el medio ambiente. No es t\u00f3xico para mam\u00edferos, aves y animales acu\u00e1ticos.<\/p>\n<h2 class=\"titles\"><strong>Modo de empleo:<\/strong><\/h2>\n<p>Mezclar 5-15 ml de Aceite de Neem en un litro de agua, aproximadamente 7-12 ml por m2. La dosis debe ajustarse en funci\u00f3n del tama\u00f1o de las plantas, la necesidad de las mismas y el volumen de agua necesario para rociar toda la planta. Puede aplicarse en cualquier fase de desarrollo de la planta. Se recomienda que transcurran al menos 48 horas tras el tratamiento antes de consumir las plantas tratadas.<strong><br \/><\/strong><\/p>\n<div class=\"section row\">\n<div class=\"column twelve bgLightColor b-radius-10\">\n<div class=\"padding20 white\">\n<p><strong>El envase de 250 ml es adecuado para tratar hasta 3500 m2 y hasta 50 litros de soluci\u00f3n.<\/p>\n<p><\/strong><\/p>\n<p><strong>COMPOSICI\u00d3N: <\/strong>Aceite de Neem 100% puro.<strong><br \/>FORMULAZIONE: <\/strong>L\u00edquido para diluir.<strong><br \/>ENVASE: <\/strong>Tarro de 250ml.<\/p>\n<\/div>\n<\/div>\n<\/div>\n","protected":false},"excerpt":{"rendered":"<p>Aceite de Neem para plantas, 100% natural y biodegradable, prensado en fr\u00edo, soluble en agua. Aplicado a las plantas mejora<\/p>\n","protected":false},"featured_media":128329,"comment_status":"open","ping_status":"closed","template":"","meta":[],"product_brand":[],"product_cat":[7930],"product_tag":[],"class_list":{"0":"post-128348","1":"product","2":"type-product","3":"status-publish","4":"has-post-thumbnail","6":"product_cat-antiparasitarios-y-defensa","8":"first","9":"instock","10":"taxable","11":"shipping-taxable","12":"purchasable","13":"product-type-simple"},"_links":{"self":[{"href":"https:\/\/www.budream.com\/es\/wp-json\/wp\/v2\/product\/128348","targetHints":{"allow":["GET"]}}],"collection":[{"href":"https:\/\/www.budream.com\/es\/wp-json\/wp\/v2\/product"}],"about":[{"href":"https:\/\/www.budream.com\/es\/wp-json\/wp\/v2\/types\/product"}],"replies":[{"embeddable":true,"href":"https:\/\/www.budream.com\/es\/wp-json\/wp\/v2\/comments?post=128348"}],"version-history":[{"count":0,"href":"https:\/\/www.budream.com\/es\/wp-json\/wp\/v2\/product\/128348\/revisions"}],"wp:featuredmedia":[{"embeddable":true,"href":"https:\/\/www.budream.com\/es\/wp-json\/wp\/v2\/media\/128329"}],"wp:attachment":[{"href":"https:\/\/www.budream.com\/es\/wp-json\/wp\/v2\/media?parent=128348"}],"wp:term":[{"taxonomy":"product_brand","embeddable":true,"href":"https:\/\/www.budream.com\/es\/wp-json\/wp\/v2\/product_brand?post=128348"},{"taxonomy":"product_cat","embeddable":true,"href":"https:\/\/www.budream.com\/es\/wp-json\/wp\/v2\/product_cat?post=128348"},{"taxonomy":"product_tag","embeddable":true,"href":"https:\/\/www.budream.com\/es\/wp-json\/wp\/v2\/product_tag?post=128348"}],"curies":[{"name":"wp","href":"https:\/\/api.w.org\/{rel}","templated":true}]}}