{"id":128363,"date":"2025-07-30T21:28:31","date_gmt":"2025-07-30T19:28:31","guid":{"rendered":"https:\/\/www.budream.com\/shop\/enecta-leche-corporal-con-cannabidiol-200mg-cbd-200ml\/"},"modified":"2026-01-20T14:25:51","modified_gmt":"2026-01-20T12:25:51","slug":"enecta-leche-corporal-con-cannabidiol-200mg-cbd-200ml","status":"publish","type":"product","link":"https:\/\/www.budream.com\/es\/shop\/enecta-leche-corporal-con-cannabidiol-200mg-cbd-200ml\/","title":{"rendered":"ENECTA &#8211; LECHE CORPORAL CON CANNABIDIOL | 200mg CBD | 200ml"},"content":{"rendered":"<h2 class=\"p1\"><strong>Piel joven y luminosa con la leche corporal de cannabidiol Enecta<\/strong><\/h2>\n<p class=\"p1\">Leche hidratante rica en CBD para proteger todo tipo de pieles, incluso las m\u00e1s delicadas. Rica en aceites naturales, entre ellos el aceite de semillas de c\u00e1\u00f1amo, especialmente nutritivo. <strong>La acci\u00f3n antioxidante de los cristales de CBD mantiene la piel del cuerpo joven y radiante.<\/p>\n<p><\/strong><\/p>\n<p class=\"p1\"><strong>TAMBI\u00c9N EN LA FORMULACI\u00d3N<\/strong><\/p>\n<ul style=\"list-style-type: disc\">\n<li class=\"p2\"><strong>aceite de almendras dulces y manteca de karit\u00e9:<\/strong> restauran la barrera cut\u00e1nea reconstituyendo los l\u00edpidos del estrato c\u00f3rneo con acci\u00f3n hidratante y elastizante.<\/li>\n<li class=\"p2\"><strong>vitamina E natural:<\/strong> mezcla de tocoferoles antioxidantes derivados del aceite de girasol, rico en escualeno natural.<\/li>\n<\/ul>\n<p class=\"p1\"><span class=\"s1\"><br \/><span style=\"font-size: 8pt\"><strong>INGREDIENTES: <\/strong><\/span><\/span><span style=\"font-size: 8pt\"><em>Aqua [Agua], aceite de Prunus amygdalus dulcis (almendra dulce), estearato de etilhexilo, caprilato de propilheptilo, manteca de Butyrospermum parkii (karit\u00e9), poligliceril-3 metilglucosa distearato, aceite de semillas de Ricinus communis (ricino), estearato de glicerilo, alcohol cetear\u00edlico, aceite de semillas de Cannabis sativa, cannabidiol, cera de Copernicia cerifera (carnauba), Tocoferol<span class=\"s2\">, <\/span>1,2-hexanodiol, Caprilil glicol, Aceite de ricino hidrogenado, Goma de acacia senegal, Aceite de semillas de Helianthus annuus (girasol), Goma xantana, Diacetato de glutamato tetras\u00f3dico, Parfum [Fragancia], Salicilato de bencilo, Linalol, Hexil cinamal, Alfa-isometil ionona, Tropolona, Geraniol, Escualeno*, Citronelol, Beta-sitosterol. *de aceite de girasol.<\/em><\/span><\/p>\n<p class=\"p1\"><strong> <\/strong><\/p><\/p>\n","protected":false},"excerpt":{"rendered":"<p>Piel joven y luminosa con la leche corporal de cannabidiol Enecta Leche hidratante rica en CBD para proteger todo tipo<\/p>\n","protected":false},"featured_media":128354,"comment_status":"open","ping_status":"closed","template":"","meta":[],"product_brand":[],"product_cat":[7914],"product_tag":[],"class_list":{"0":"post-128363","1":"product","2":"type-product","3":"status-publish","4":"has-post-thumbnail","6":"product_cat-cosmeticos","8":"first","9":"instock","10":"taxable","11":"shipping-taxable","12":"purchasable","13":"product-type-simple"},"_links":{"self":[{"href":"https:\/\/www.budream.com\/es\/wp-json\/wp\/v2\/product\/128363","targetHints":{"allow":["GET"]}}],"collection":[{"href":"https:\/\/www.budream.com\/es\/wp-json\/wp\/v2\/product"}],"about":[{"href":"https:\/\/www.budream.com\/es\/wp-json\/wp\/v2\/types\/product"}],"replies":[{"embeddable":true,"href":"https:\/\/www.budream.com\/es\/wp-json\/wp\/v2\/comments?post=128363"}],"version-history":[{"count":0,"href":"https:\/\/www.budream.com\/es\/wp-json\/wp\/v2\/product\/128363\/revisions"}],"wp:featuredmedia":[{"embeddable":true,"href":"https:\/\/www.budream.com\/es\/wp-json\/wp\/v2\/media\/128354"}],"wp:attachment":[{"href":"https:\/\/www.budream.com\/es\/wp-json\/wp\/v2\/media?parent=128363"}],"wp:term":[{"taxonomy":"product_brand","embeddable":true,"href":"https:\/\/www.budream.com\/es\/wp-json\/wp\/v2\/product_brand?post=128363"},{"taxonomy":"product_cat","embeddable":true,"href":"https:\/\/www.budream.com\/es\/wp-json\/wp\/v2\/product_cat?post=128363"},{"taxonomy":"product_tag","embeddable":true,"href":"https:\/\/www.budream.com\/es\/wp-json\/wp\/v2\/product_tag?post=128363"}],"curies":[{"name":"wp","href":"https:\/\/api.w.org\/{rel}","templated":true}]}}