{"id":128373,"date":"2025-07-30T21:28:58","date_gmt":"2025-07-30T19:28:58","guid":{"rendered":"https:\/\/www.budream.com\/shop\/enecta-crema-hidratante-con-cannabidiol-350mg-cbd-50ml\/"},"modified":"2025-12-16T17:56:19","modified_gmt":"2025-12-16T15:56:19","slug":"enecta-crema-hidratante-con-cannabidiol-350mg-cbd-50ml","status":"publish","type":"product","link":"https:\/\/www.budream.com\/es\/shop\/enecta-crema-hidratante-con-cannabidiol-350mg-cbd-50ml\/","title":{"rendered":"ENECTA &#8211; CREMA HIDRATANTE CON CANNABIDIOL | 350mg CBD | 50ml"},"content":{"rendered":"<h2 class=\"p1\">Hidrataci\u00f3n duradera con la crema hidratante con cannabidiol de Enecta<\/h2>\n<p class=\"p1\">Su f\u00f3rmula \u00fanica, con aceite de semillas de c\u00e1\u00f1amo y CBD, fortifica la epidermis e hidrata la piel en profundidad.<\/p>\n<p class=\"p1\"><strong><br \/><\/strong><strong>EN LA F\u00d3RMULA, ADEM\u00c1S:<\/p>\n<p><\/strong>&#8211; <strong>\u00e1cido hialur\u00f3nico de origen vegetal:<\/strong> <span class=\"s1\">hidratante y lifting<br \/><\/span>&#8211; <strong>extracto de remolacha:<\/strong> estimula la producci\u00f3n end\u00f3gena de \u00e1cido hialur\u00f3nico<br \/>&#8211; <strong>fructooligosac\u00e1ridos:<\/strong> az\u00facares extra\u00eddos de la fruta, altamente hidratantes<br \/>&#8211; <strong>vitamina E<\/strong> natural <strong>:<\/strong> mezcla de tocoferoles antioxidantes derivados del aceite de girasol, ricos en escualeno natural.<\/p>\n<p class=\"p1\"><span class=\"s1\"><br \/><span style=\"font-size: 8pt\"><strong>INGREDIENTES: <\/strong><\/span><\/span><span style=\"font-size: 8pt\"><em>Aqua [Agua], Caprylic\/capric triglyceride, Coconut alkanes, Cetearyl alcohol, Glyceryl stearate citrate, Glyceryl stearate, Cannabis sativa seed oil, Cannabidiol, Sodium hyaluronate, Fructooligosaccharides, Beta vulgaris (Beet) root extract, Tocopherol, 1,2-Hexanediol, Coco caprylate\/Caprate, Caprylyl glycol, estearoil lactilato s\u00f3dico, lauroil glutamato s\u00f3dico, goma de Acacia senegal, goma de Xantha n, aceite de semillas de Helianthus annuus (girasol), diacetato de glutamato tetras\u00f3dico, lactato pot\u00e1sico, \u00e1cido l\u00e1ctico, Parfum [Fragancia], salicilato de bencilo, linalol, hexil cinamal, tropolona, ionona alfa-isometilo, escualeno*, geraniol, beta-sitosterol. *Aceite de semillas de girasol.<\/em><\/span><\/p>\n<p class=\"p1\"><strong> <\/strong><\/p><\/p>\n","protected":false},"excerpt":{"rendered":"<p>Hidrataci\u00f3n duradera con la crema hidratante con cannabidiol de Enecta Su f\u00f3rmula \u00fanica, con aceite de semillas de c\u00e1\u00f1amo y<\/p>\n","protected":false},"featured_media":128369,"comment_status":"open","ping_status":"closed","template":"","meta":[],"product_brand":[],"product_cat":[7914],"product_tag":[],"class_list":{"0":"post-128373","1":"product","2":"type-product","3":"status-publish","4":"has-post-thumbnail","6":"product_cat-cosmeticos","8":"first","9":"instock","10":"taxable","11":"shipping-taxable","12":"purchasable","13":"product-type-simple"},"_links":{"self":[{"href":"https:\/\/www.budream.com\/es\/wp-json\/wp\/v2\/product\/128373","targetHints":{"allow":["GET"]}}],"collection":[{"href":"https:\/\/www.budream.com\/es\/wp-json\/wp\/v2\/product"}],"about":[{"href":"https:\/\/www.budream.com\/es\/wp-json\/wp\/v2\/types\/product"}],"replies":[{"embeddable":true,"href":"https:\/\/www.budream.com\/es\/wp-json\/wp\/v2\/comments?post=128373"}],"version-history":[{"count":0,"href":"https:\/\/www.budream.com\/es\/wp-json\/wp\/v2\/product\/128373\/revisions"}],"wp:featuredmedia":[{"embeddable":true,"href":"https:\/\/www.budream.com\/es\/wp-json\/wp\/v2\/media\/128369"}],"wp:attachment":[{"href":"https:\/\/www.budream.com\/es\/wp-json\/wp\/v2\/media?parent=128373"}],"wp:term":[{"taxonomy":"product_brand","embeddable":true,"href":"https:\/\/www.budream.com\/es\/wp-json\/wp\/v2\/product_brand?post=128373"},{"taxonomy":"product_cat","embeddable":true,"href":"https:\/\/www.budream.com\/es\/wp-json\/wp\/v2\/product_cat?post=128373"},{"taxonomy":"product_tag","embeddable":true,"href":"https:\/\/www.budream.com\/es\/wp-json\/wp\/v2\/product_tag?post=128373"}],"curies":[{"name":"wp","href":"https:\/\/api.w.org\/{rel}","templated":true}]}}