{"id":128383,"date":"2025-07-30T21:29:24","date_gmt":"2025-07-30T19:29:24","guid":{"rendered":"https:\/\/www.budream.com\/shop\/enecta-crema-antiarrugas-con-cannabidiol-700mg-cbd-50ml\/"},"modified":"2026-04-16T13:38:06","modified_gmt":"2026-04-16T11:38:06","slug":"enecta-crema-antiarrugas-con-cannabidiol-700mg-cbd-50ml","status":"publish","type":"product","link":"https:\/\/www.budream.com\/es\/shop\/enecta-crema-antiarrugas-con-cannabidiol-700mg-cbd-50ml\/","title":{"rendered":"ENECTA &#8211; CREMA ANTIARRUGAS CON CANNABIDIOL | 700mg CBD | 50ml"},"content":{"rendered":"<h2 class=\"p1\"><strong>Protecci\u00f3n diaria para una piel m\u00e1s joven con la crema antiarrugas con cannabidiol de Enecta<\/strong><\/h2>\n<p class=\"p1\">Previene y reduce los signos del envejecimiento gracias a un complejo de antioxidantes, entre los que se encuentran el CBD y la Vitamina C. Para una piel m\u00e1s joven y radiante.<\/p>\n<p class=\"p1\"><strong>TAMBI\u00c9N EN LA FORMULACI\u00d3N<br \/><\/strong><\/p>\n<ul style=\"list-style-type: disc\">\n<li class=\"p1\"><strong><span class=\"s1\">vitamina C heterificada <\/span><\/strong>: antioxidante, estimula la producci\u00f3n de nuevo col\u00e1geno estimulando los fibroblastos, inhibe la formaci\u00f3n de manchas marrones.<\/li>\n<li class=\"p1\"><strong>aceite de jojoba<\/strong>: similar al sebo, mantiene la hidrataci\u00f3n de la piel y la protege frente a los factores medioambientales (bacterias, sol, viento, productos qu\u00edmicos del aire). Rico en vitamina E y vitaminas del complejo B, as\u00ed como en minerales como el zinc, el cobre y el yodo, revitaliza y regenera, alivia la piel irritada, la fortalece y reafirma y previene las arrugas.<\/li>\n<li class=\"p1\"><strong>Aceite de coco:<\/strong> tiene propiedades nutritivas y seborreguladoras. Se utiliza en f\u00f3rmulas antiedad y para pieles secas y sensibles, por su capacidad para devolver la suavidad a la epidermis.<\/li>\n<li class=\"p1\"><strong>vitamina E<\/strong> natural<strong>:<\/strong> mezcla de tocoferoles antioxidantes derivados del aceite de girasol, rico en escualeno natural.<\/li>\n<\/ul>\n<p class=\"p1\"><span class=\"s1\"><br \/><span style=\"font-size: 8pt\"><strong>INGREDIENTES: <\/strong><\/span><\/span><span style=\"font-size: 8pt\"><em>Aqua [Agua], Caprylic\/capric triglyceride, Coconut alkanes, Cetearyl alcohol, Glyceryl stearate citrate, Glyceryl stearate, Cannabis sativa seed oil, Cannabidiol, Sodium hyaluronate, Fructooligosaccharides, Beta vulgaris (Beet) root extract, Tocopherol, 1,2-Hexanediol, Coco caprylate\/Caprate, Caprylyl glycol, estearoil lactilato de sodio, lauroil glutamato de sodio, goma de Acacia senegal, goma de Xantha n, aceite de semillas de Helianthus annuus (girasol), diacetato de glutamato tetras\u00f3dico, lactato de potasio, \u00e1cido l\u00e1ctico, Parfum [Fragancia], salicilato de bencilo, linalol, hexil cinamal, tropolona, ionona alfa-isometilo, escualeno*, geraniol, beta-sitosterol. *De aceite de girasol.<\/em><\/span><\/p>\n<p class=\"p1\"><strong> <\/strong><\/p><\/p>\n","protected":false},"excerpt":{"rendered":"<p>Protecci\u00f3n diaria para una piel m\u00e1s joven con la crema antiarrugas con cannabidiol de Enecta Previene y reduce los signos<\/p>\n","protected":false},"featured_media":128379,"comment_status":"open","ping_status":"closed","template":"","meta":[],"product_brand":[],"product_cat":[7914],"product_tag":[],"class_list":{"0":"post-128383","1":"product","2":"type-product","3":"status-publish","4":"has-post-thumbnail","6":"product_cat-cosmeticos","8":"first","9":"outofstock","10":"taxable","11":"shipping-taxable","12":"purchasable","13":"product-type-simple"},"_links":{"self":[{"href":"https:\/\/www.budream.com\/es\/wp-json\/wp\/v2\/product\/128383","targetHints":{"allow":["GET"]}}],"collection":[{"href":"https:\/\/www.budream.com\/es\/wp-json\/wp\/v2\/product"}],"about":[{"href":"https:\/\/www.budream.com\/es\/wp-json\/wp\/v2\/types\/product"}],"replies":[{"embeddable":true,"href":"https:\/\/www.budream.com\/es\/wp-json\/wp\/v2\/comments?post=128383"}],"version-history":[{"count":1,"href":"https:\/\/www.budream.com\/es\/wp-json\/wp\/v2\/product\/128383\/revisions"}],"predecessor-version":[{"id":263154,"href":"https:\/\/www.budream.com\/es\/wp-json\/wp\/v2\/product\/128383\/revisions\/263154"}],"wp:featuredmedia":[{"embeddable":true,"href":"https:\/\/www.budream.com\/es\/wp-json\/wp\/v2\/media\/128379"}],"wp:attachment":[{"href":"https:\/\/www.budream.com\/es\/wp-json\/wp\/v2\/media?parent=128383"}],"wp:term":[{"taxonomy":"product_brand","embeddable":true,"href":"https:\/\/www.budream.com\/es\/wp-json\/wp\/v2\/product_brand?post=128383"},{"taxonomy":"product_cat","embeddable":true,"href":"https:\/\/www.budream.com\/es\/wp-json\/wp\/v2\/product_cat?post=128383"},{"taxonomy":"product_tag","embeddable":true,"href":"https:\/\/www.budream.com\/es\/wp-json\/wp\/v2\/product_tag?post=128383"}],"curies":[{"name":"wp","href":"https:\/\/api.w.org\/{rel}","templated":true}]}}