{"id":128393,"date":"2025-07-30T21:29:53","date_gmt":"2025-07-30T19:29:53","guid":{"rendered":"https:\/\/www.budream.com\/shop\/enecta-limpiador-de-cuello-con-cannabidiol-200mg-cbd-200ml\/"},"modified":"2026-01-20T14:26:50","modified_gmt":"2026-01-20T12:26:50","slug":"enecta-limpiador-de-cuello-con-cannabidiol-200mg-cbd-200ml","status":"publish","type":"product","link":"https:\/\/www.budream.com\/es\/shop\/enecta-limpiador-de-cuello-con-cannabidiol-200mg-cbd-200ml\/","title":{"rendered":"ENECTA &#8211; LIMPIADOR DE CUELLO CON CANNABIDIOL | 200mg CBD | 200ml"},"content":{"rendered":"<h2 class=\"p1\">Elimina las impurezas, respetando el PH <strong>con el limpiador de cara, cuello con cannabidiol de Enecta<\/strong><\/h2>\n<p class=\"p1\">Una formulaci\u00f3n dise\u00f1ada para adaptarse a todo tipo de pieles, incluso las m\u00e1s sensibles o con tendencia acneica, con poder antioxidante y antiinflamatorio, gracias a la presencia de 200 mg de CBD y aceite de semillas de c\u00e1\u00f1amo, cuyas composiciones, similares a las presentes de forma natural en la piel, son capaces de estimular la renovaci\u00f3n celular, reequilibrando la piel.<\/p>\n<p><strong>TAMBI\u00c9N EN LA FORMULACI\u00d3N:<br \/><\/strong><\/p>\n<ul style=\"list-style-type: disc\">\n<li><strong>aloe:<\/strong> calmante, mineralizante, hidratante<\/li>\n<li><strong><span class=\"s1\">hamamelis: <\/span><\/strong>astringente, vasoprotector, purificante<\/li>\n<li><strong>salvia:<\/strong> bacteriost\u00e1tica, seborreguladora, equilibrante epid\u00e9rmica<\/li>\n<li><strong>vitamina E natural:<\/strong> mezcla de tocoferoles antioxidantes derivados del aceite de girasol, rica en escualeno natural<\/li>\n<li><strong>limpiadores suaves de origen natural:<\/strong> respetan la piel sin alterar su pH fisiol\u00f3gico<\/li>\n<\/ul>\n<p class=\"p1\"><span class=\"s1\"><br \/><span style=\"font-size: 8pt\"><strong>INGREDIENTES: <\/strong><\/span><\/span><span style=\"font-size: 8pt\"><em>Aqua [Agua], Copol\u00edmero de acrilatos, Sorbitol, Beta\u00edna, Glicerina, Cocoyl glicinato s\u00f3dico, Trietanolamina, Aceite de Prunus amygdalus dulcis (Almendra dulce), PCA s\u00f3dico, Aceite de semillas de Cannabis sativa, Zumo de hojas de Aloe barbadensis, Extracto de hojas de Salvia officinalis (Salvia), Extracto de hojas de Hamamelis virginia na (Hamamelis), Cannabidiol, Coco-beta\u00edna, 1,2-Hexanodiol, Caprilil glicol, Tocoferol, Parfum [Fragancia], Diacetato de glutamato tetras\u00f3dico, \u00c1cido c\u00edtrico, Salicilato de bencilo, Linalol, Aceite de semilla de Helianthus annuus (Girasol), He xil cinamal, Tropolona, Benzoato de sodio, <span class=\"s1\"> Alfa-isometil<\/span>ionona, Sorbato de potasio, Escualeno*, Beta-sitosterol. *de aceite de semilla de girasol.<\/em><\/span><\/p>\n<p class=\"p1\"><strong> <\/strong><\/p><\/p>\n","protected":false},"excerpt":{"rendered":"<p>Elimina las impurezas, respetando el PH con el limpiador de cara, cuello con cannabidiol de Enecta Una formulaci\u00f3n dise\u00f1ada para<\/p>\n","protected":false},"featured_media":128389,"comment_status":"open","ping_status":"closed","template":"","meta":[],"product_brand":[],"product_cat":[7914],"product_tag":[],"class_list":{"0":"post-128393","1":"product","2":"type-product","3":"status-publish","4":"has-post-thumbnail","6":"product_cat-cosmeticos","8":"first","9":"instock","10":"taxable","11":"shipping-taxable","12":"purchasable","13":"product-type-simple"},"_links":{"self":[{"href":"https:\/\/www.budream.com\/es\/wp-json\/wp\/v2\/product\/128393","targetHints":{"allow":["GET"]}}],"collection":[{"href":"https:\/\/www.budream.com\/es\/wp-json\/wp\/v2\/product"}],"about":[{"href":"https:\/\/www.budream.com\/es\/wp-json\/wp\/v2\/types\/product"}],"replies":[{"embeddable":true,"href":"https:\/\/www.budream.com\/es\/wp-json\/wp\/v2\/comments?post=128393"}],"version-history":[{"count":0,"href":"https:\/\/www.budream.com\/es\/wp-json\/wp\/v2\/product\/128393\/revisions"}],"wp:featuredmedia":[{"embeddable":true,"href":"https:\/\/www.budream.com\/es\/wp-json\/wp\/v2\/media\/128389"}],"wp:attachment":[{"href":"https:\/\/www.budream.com\/es\/wp-json\/wp\/v2\/media?parent=128393"}],"wp:term":[{"taxonomy":"product_brand","embeddable":true,"href":"https:\/\/www.budream.com\/es\/wp-json\/wp\/v2\/product_brand?post=128393"},{"taxonomy":"product_cat","embeddable":true,"href":"https:\/\/www.budream.com\/es\/wp-json\/wp\/v2\/product_cat?post=128393"},{"taxonomy":"product_tag","embeddable":true,"href":"https:\/\/www.budream.com\/es\/wp-json\/wp\/v2\/product_tag?post=128393"}],"curies":[{"name":"wp","href":"https:\/\/api.w.org\/{rel}","templated":true}]}}