{"id":128433,"date":"2025-07-30T21:32:33","date_gmt":"2025-07-30T19:32:33","guid":{"rendered":"https:\/\/www.budream.com\/shop\/uvonair-ozonizador-de-sala-3000-hasta-90m%c2%b3\/"},"modified":"2026-02-03T13:51:03","modified_gmt":"2026-02-03T11:51:03","slug":"uvonair-ozonizador-de-sala-3000-hasta-90m%c2%b3","status":"publish","type":"product","link":"https:\/\/www.budream.com\/es\/shop\/uvonair-ozonizador-de-sala-3000-hasta-90m%c2%b3\/","title":{"rendered":"UVONAIR &#8211; OZONIZADOR DE SALA 3000 | HASTA 90m\u00b3"},"content":{"rendered":"<p><span style=\"color: #ff0000\"><strong>INFORMACI\u00d3N IMPORTANTE SOBRE EL OZONO Y EL CORONAVIRUS COVID-19<\/strong><\/span><br \/>Si se utiliza de forma responsable, se ha demostrado que el ozono mata el 99,99% de los virus y bacterias nocivos (como el SARS) y puede ser \u00fatil en la lucha contra el Coronavirus COVID-19.<\/p>\n<p>UVONAIR generador profesional de ozono por conductos adecuado para eliminar todos los olores org\u00e1nicos desagradables en la corriente de aire. El aire forzado a trav\u00e9s del sistema UVONAIR es purificado y luego expulsado.<\/p>\n<p>UVONAIR&reg; 1000, 3000, 5000 son \u00daNICAMENTE PARA USO INDUSTRIAL * y deben ser utilizados por profesionales en zonas controladas donde no haya personas f\u00edsicamente presentes durante <u>largos<\/u> periodos de tiempo.<\/p>\n<p><strong><u>El uso previsto de este producto es para<\/u>:<\/strong><br \/>&#8211; Control de olores y humos en el sector de la hosteler\u00eda.<br \/>&#8211; Control de olores y humos en la industria de reacondicionamiento de veh\u00edculos.<br \/>&#8211; Y otros usos industriales donde las personas generalmente no ocupan el espacio.<\/p>\n<p>El ozono en concentraciones superiores a 0,05 ppm puede ser perjudicial para la salud humana.<\/p>\n<p><strong>UVONAIR&reg; UV Y CORONA<\/strong><\/p>\n<p>Los sistemas Uvonair&reg; In-Duct &#8211; UV80H, CD800, CD1000-1, CD1000-2 y CD1200 est\u00e1n dise\u00f1ados para ser utilizados EXCLUSIVAMENTE PARA USO INDUSTRIAL* como parte f\u00edsicamente integrada de un sistema central de calefacci\u00f3n \/ aire acondicionado o SISTEMA DE VENTILACI\u00d3N. Una vez instalados, en l\u00ednea con el sistema HVAC existente, todas las concentraciones de ozono se agotan de forma segura sin dejar concentraciones residuales de ozono nocivas en la habitaci\u00f3n.<\/p>\n<p>* NO PARA USO DOMESTICO. SOLO PARA USO COMERCIAL<\/p>\n<p>Los generadores de ozono Uvonair&reg; han sido probados<strong>y testados durante m\u00e1s de 20 a\u00f1os<\/strong><br \/>Los generadores de ozono Uvonair&reg; est\u00e1n: <strong>Respaldados por la garant\u00eda<\/strong><br \/>Los generadores de ozono Uvonair&reg; est\u00e1n: <strong>Aprobados por la norma de seguridad UL<\/strong><br \/><strong><\/p>\n<p>ESPECIFICACIONES T\u00c9CNICAS<\/strong><\/p>\n<ul style=\"list-style-type: disc\">\n<li><strong>Descripci\u00f3n:<\/strong> Ozonizador de c\u00e1mara UVONAIR 3000 ft&sup3; con l\u00e1mpara UV de 11<\/li>\n<li><strong>Producci\u00f3n de ozono (mg\/hora):<\/strong> 29<\/li>\n<li><strong>Caudal de aire (CFM):<\/strong> 1.0<\/li>\n<li><strong>Voltaje \/ Amperios \/ Vatios: 220<\/strong> V<\/li>\n<li><strong>fusibles:<\/strong> n\/a<\/li>\n<li><strong>Bombilla Uvonair 3000:<\/strong> 14 vatios<\/li>\n<li><strong>Vida \u00fatil de la bombilla UV:<\/strong> 9.000 horas de uso en condiciones \u00f3ptimas<\/li>\n<\/ul>\n<p><strong><br \/>CARACTER\u00cdSTICAS<\/strong><\/p>\n<ul style=\"list-style-type: disc\">\n<li><strong>Carcasa de policarbonato con protecci\u00f3n UV para una m\u00e1xima durabilidad<\/strong><\/li>\n<li>Ideal para salas <strong>de 90 m&sup3;<\/strong><\/li>\n<li>Funciona con menos de una bombilla de 100 vatios<\/li>\n<li>Funciona en zonas con alta <strong>HUMEDAD<\/strong><\/li>\n<li>Funciona en una amplia gama de <strong>TEMPERATURAS<\/strong><\/li>\n<li>F\u00e1cilmente <strong>TRANSPORTABLE<\/strong><\/li>\n<li><strong>ECOL\u00d3GICO \u00a1No genera<\/strong> residuos peligrosos!<\/li>\n<li>Garant\u00eda total de un a\u00f1o<\/li>\n<li>No requiere mantenimiento<\/li>\n<\/ul>\n<p><strong>INSTALACI\u00d3N<\/strong><\/p>\n<ul style=\"list-style-type: disc\">\n<li>Coloque el eliminador de olores Uvonair&reg; en un estante alto de la habitaci\u00f3n. El ozono es m\u00e1s pesado que el aire.<\/li>\n<li>Mantenga ambos extremos libres de obstrucciones.<\/li>\n<li>Siga las instrucciones del fabricante con respecto al uso de cables de extensi\u00f3n y temporizadores.<\/li>\n<li>Tenga cuidado de mantener secas todas las conexiones el\u00e9ctricas.<\/li>\n<\/ul>\n<p><strong>INSTRUCCIONES DE USO<\/strong><\/p>\n<ul style=\"list-style-type: disc\">\n<li>El modelo de Uvonair&reg; debe seleccionarse en funci\u00f3n del tama\u00f1o de la habitaci\u00f3n.<\/li>\n<li>Si utiliza una unidad mayor que la recomendada, utilice un temporizador para ajustar el tiempo de funcionamiento en consecuencia.<\/li>\n<li>Desenchufe la unidad antes de repararla.<\/li>\n<\/ul>\n<p><strong>NOTA:<\/strong>\u00a1La mayor\u00eda de los ozonizadores del mercado <u>no<\/u> han <u>sido<\/u> probados seg\u00fan las normas UL! \u00bfEst\u00e1 seguro de que su olor ha sido eliminado? Aseg\u00farese con UVONAIR&reg; \u00a1La \u00fanica elecci\u00f3n en ELIMINADORES DE OLORES INDUSTRIALES de calidad! No s\u00f3lo enmascara los olores, <strong>\u00a1LOS DESTRUYE <\/strong>!Los eliminadores de olores <strong>Uvonair&reg;<\/strong> generan ozono, \u00a1uno de los agentes oxidantes m\u00e1s eficaces de la naturaleza! El ozono altera de forma segura la estructura molecular de los microorganismos agresores para eliminar los olores. El modelo <strong>Uvonair&reg; UV Room<\/strong> es un sistema econ\u00f3mico que produce ozono utilizando bombillas ultravioletas especiales.<\/p>\n","protected":false},"excerpt":{"rendered":"<p>INFORMACI\u00d3N IMPORTANTE SOBRE EL OZONO Y EL CORONAVIRUS COVID-19Si se utiliza de forma responsable, se ha demostrado que el ozono<\/p>\n","protected":false},"featured_media":128429,"comment_status":"open","ping_status":"closed","template":"","meta":[],"product_brand":[],"product_cat":[7930],"product_tag":[],"class_list":{"0":"post-128433","1":"product","2":"type-product","3":"status-publish","4":"has-post-thumbnail","6":"product_cat-antiparasitarios-y-defensa","8":"first","9":"instock","10":"taxable","11":"shipping-taxable","12":"purchasable","13":"product-type-simple"},"aioseo_notices":[],"_links":{"self":[{"href":"https:\/\/www.budream.com\/es\/wp-json\/wp\/v2\/product\/128433","targetHints":{"allow":["GET"]}}],"collection":[{"href":"https:\/\/www.budream.com\/es\/wp-json\/wp\/v2\/product"}],"about":[{"href":"https:\/\/www.budream.com\/es\/wp-json\/wp\/v2\/types\/product"}],"replies":[{"embeddable":true,"href":"https:\/\/www.budream.com\/es\/wp-json\/wp\/v2\/comments?post=128433"}],"version-history":[{"count":0,"href":"https:\/\/www.budream.com\/es\/wp-json\/wp\/v2\/product\/128433\/revisions"}],"wp:featuredmedia":[{"embeddable":true,"href":"https:\/\/www.budream.com\/es\/wp-json\/wp\/v2\/media\/128429"}],"wp:attachment":[{"href":"https:\/\/www.budream.com\/es\/wp-json\/wp\/v2\/media?parent=128433"}],"wp:term":[{"taxonomy":"product_brand","embeddable":true,"href":"https:\/\/www.budream.com\/es\/wp-json\/wp\/v2\/product_brand?post=128433"},{"taxonomy":"product_cat","embeddable":true,"href":"https:\/\/www.budream.com\/es\/wp-json\/wp\/v2\/product_cat?post=128433"},{"taxonomy":"product_tag","embeddable":true,"href":"https:\/\/www.budream.com\/es\/wp-json\/wp\/v2\/product_tag?post=128433"}],"curies":[{"name":"wp","href":"https:\/\/api.w.org\/{rel}","templated":true}]}}