{"id":128553,"date":"2025-07-30T21:38:46","date_gmt":"2025-07-30T19:38:46","guid":{"rendered":"https:\/\/www.budream.com\/shop\/bioki-jabon-de-potasio-b-bicarbonato-350gr\/"},"modified":"2026-03-09T12:57:18","modified_gmt":"2026-03-09T10:57:18","slug":"bioki-jabon-de-potasio-b-bicarbonato-350gr","status":"publish","type":"product","link":"https:\/\/www.budream.com\/es\/shop\/bioki-jabon-de-potasio-b-bicarbonato-350gr\/","title":{"rendered":"BIOKI &#8211; JAB\u00d3N DE POTASIO B (BICARBONATO) | 350gr"},"content":{"rendered":"<p>l Jab\u00f3n Suave B se produce mediante un proceso de saponificaci\u00f3n en fr\u00edo activado con <strong>bicarbonato<\/strong>. Est\u00e1 indicado por su decisiva acci\u00f3n lavadora\/higienizante para prevenir y eliminar la loque y la podredumbre, mejorar la actividad clorof\u00edlica, crear un entorno inadecuado para el desarrollo de enfermedades f\u00fangicas, reforzar las paredes celulares y los tejidos vegetales, eliminar los residuos org\u00e1nicos dejados por los insectos y potenciar las defensas naturales end\u00f3genas.<\/p>\n<p>Puede utilizarse en fruticultura (melocot\u00f3n, albaricoque, ciruela, cereza, vid, limones y c\u00edtricos en general), horticultura (lechuga, espinaca, apio, hinojo, albahaca, tomate, pimiento, berenjena, fresa, etc.) y jardiner\u00eda (setos, plantas florales y ornamentales).<br \/>y plantas ornamentales).<\/p>\n<p><strong>DOSIS DE USO<\/strong> (cantidad por 10 litros de agua):<br \/>Tratamientos de invierno 120 -150 g;<br \/>Tratamientos de primavera-verano: 80-120 g;<br \/>Fase preventiva: 1 tratamiento cada 15 d\u00edas.<br \/>Fase curativa: 1 tratamiento cada 3-4 d\u00edas hasta la desaparici\u00f3n de los s\u00edntomas.<\/p>\n<p>ENVASE Lata de 350 g.<\/p>\n","protected":false},"excerpt":{"rendered":"<p>l Jab\u00f3n Suave B se produce mediante un proceso de saponificaci\u00f3n en fr\u00edo activado con bicarbonato. Est\u00e1 indicado por su<\/p>\n","protected":false},"featured_media":128549,"comment_status":"open","ping_status":"closed","template":"","meta":[],"product_brand":[],"product_cat":[7930],"product_tag":[],"class_list":{"0":"post-128553","1":"product","2":"type-product","3":"status-publish","4":"has-post-thumbnail","6":"product_cat-antiparasitarios-y-defensa","8":"first","9":"instock","10":"taxable","11":"shipping-taxable","12":"purchasable","13":"product-type-simple"},"aioseo_notices":[],"_links":{"self":[{"href":"https:\/\/www.budream.com\/es\/wp-json\/wp\/v2\/product\/128553","targetHints":{"allow":["GET"]}}],"collection":[{"href":"https:\/\/www.budream.com\/es\/wp-json\/wp\/v2\/product"}],"about":[{"href":"https:\/\/www.budream.com\/es\/wp-json\/wp\/v2\/types\/product"}],"replies":[{"embeddable":true,"href":"https:\/\/www.budream.com\/es\/wp-json\/wp\/v2\/comments?post=128553"}],"version-history":[{"count":0,"href":"https:\/\/www.budream.com\/es\/wp-json\/wp\/v2\/product\/128553\/revisions"}],"wp:featuredmedia":[{"embeddable":true,"href":"https:\/\/www.budream.com\/es\/wp-json\/wp\/v2\/media\/128549"}],"wp:attachment":[{"href":"https:\/\/www.budream.com\/es\/wp-json\/wp\/v2\/media?parent=128553"}],"wp:term":[{"taxonomy":"product_brand","embeddable":true,"href":"https:\/\/www.budream.com\/es\/wp-json\/wp\/v2\/product_brand?post=128553"},{"taxonomy":"product_cat","embeddable":true,"href":"https:\/\/www.budream.com\/es\/wp-json\/wp\/v2\/product_cat?post=128553"},{"taxonomy":"product_tag","embeddable":true,"href":"https:\/\/www.budream.com\/es\/wp-json\/wp\/v2\/product_tag?post=128553"}],"curies":[{"name":"wp","href":"https:\/\/api.w.org\/{rel}","templated":true}]}}