{"id":128558,"date":"2025-07-30T21:39:12","date_gmt":"2025-07-30T19:39:12","guid":{"rendered":"https:\/\/www.budream.com\/shop\/hemp-nanotech-biobong-limpiador-natural-de-cachimbas-250ml\/"},"modified":"2026-03-04T16:32:32","modified_gmt":"2026-03-04T14:32:32","slug":"hemp-nanotech-biobong-limpiador-natural-de-cachimbas-250ml","status":"publish","type":"product","link":"https:\/\/www.budream.com\/es\/shop\/hemp-nanotech-biobong-limpiador-natural-de-cachimbas-250ml\/","title":{"rendered":"HEMP NANOTECH &#8211; BIOBONG LIMPIADOR NATURAL DE CACHIMBAS | 250ML"},"content":{"rendered":"<p>Innovadora tecnolog\u00eda de fluidos basada en un concentrado de extractos de plantas en una base acuosa con pH neutro, adecuado para desaceitar, desengrasar y limpiar de la contaminaci\u00f3n causada por humos, grasas, aceites ect. Producto org\u00e1nico con notables efectos limpiadores, reduce fuertemente los olores y la contaminaci\u00f3n, tiene capacidad REDOX sobre muchas sustancias org\u00e1nicas y reduce fuertemente la carga bacteriana.<\/p>\n<p>Es f\u00e1cil de usar y se puede reutilizar muchas veces sin perder su capacidad de limpieza; tambi\u00e9n &#8216;come&#8217; olores y es f\u00e1cil de enjuagar con agua fr\u00eda.<\/p>\n<h2><span style=\"text-decoration: underline\">Bio bong natural instrucciones de uso:<\/span><\/h2>\n<ul style=\"list-style-type: disc\">\n<li>1. Verter BioBong Natural en un recipiente con 1\/3 de agua;<\/li>\n<li>2. Sumerge las partes sucias del bong en la soluci\u00f3n de agua y BioBong Natural en cada sesi\u00f3n de fumada;<\/li>\n<li>3. 3. En la siguiente sesi\u00f3n de fumado enjuague las partes del bong, teniendo cuidado de recuperar el BioBong Natural para la siguiente sesi\u00f3n de lavado.<\/li>\n<li>4. Se garantiza que el l\u00edquido se evapora y es siempre inodoro.<\/li>\n<\/ul>\n","protected":false},"excerpt":{"rendered":"<p>Innovadora tecnolog\u00eda de fluidos basada en un concentrado de extractos de plantas en una base acuosa con pH neutro, adecuado<\/p>\n","protected":false},"featured_media":128244,"comment_status":"open","ping_status":"closed","template":"","meta":[],"product_brand":[],"product_cat":[7948],"product_tag":[],"class_list":{"0":"post-128558","1":"product","2":"type-product","3":"status-publish","4":"has-post-thumbnail","6":"product_cat-headshop-es","8":"first","9":"instock","10":"taxable","11":"shipping-taxable","12":"purchasable","13":"product-type-simple"},"_links":{"self":[{"href":"https:\/\/www.budream.com\/es\/wp-json\/wp\/v2\/product\/128558","targetHints":{"allow":["GET"]}}],"collection":[{"href":"https:\/\/www.budream.com\/es\/wp-json\/wp\/v2\/product"}],"about":[{"href":"https:\/\/www.budream.com\/es\/wp-json\/wp\/v2\/types\/product"}],"replies":[{"embeddable":true,"href":"https:\/\/www.budream.com\/es\/wp-json\/wp\/v2\/comments?post=128558"}],"version-history":[{"count":0,"href":"https:\/\/www.budream.com\/es\/wp-json\/wp\/v2\/product\/128558\/revisions"}],"wp:featuredmedia":[{"embeddable":true,"href":"https:\/\/www.budream.com\/es\/wp-json\/wp\/v2\/media\/128244"}],"wp:attachment":[{"href":"https:\/\/www.budream.com\/es\/wp-json\/wp\/v2\/media?parent=128558"}],"wp:term":[{"taxonomy":"product_brand","embeddable":true,"href":"https:\/\/www.budream.com\/es\/wp-json\/wp\/v2\/product_brand?post=128558"},{"taxonomy":"product_cat","embeddable":true,"href":"https:\/\/www.budream.com\/es\/wp-json\/wp\/v2\/product_cat?post=128558"},{"taxonomy":"product_tag","embeddable":true,"href":"https:\/\/www.budream.com\/es\/wp-json\/wp\/v2\/product_tag?post=128558"}],"curies":[{"name":"wp","href":"https:\/\/api.w.org\/{rel}","templated":true}]}}