{"id":128573,"date":"2025-07-30T21:39:52","date_gmt":"2025-07-30T19:39:52","guid":{"rendered":"https:\/\/www.budream.com\/shop\/super-sativa-seed-club-auto-creeper-fem-8-semillas-disponible-hasta-fin-de-existencias\/"},"modified":"2025-11-27T13:20:12","modified_gmt":"2025-11-27T11:20:12","slug":"super-sativa-seed-club-auto-creeper-fem-8-semillas-disponible-hasta-fin-de-existencias","status":"publish","type":"product","link":"https:\/\/www.budream.com\/es\/shop\/super-sativa-seed-club-auto-creeper-fem-8-semillas-disponible-hasta-fin-de-existencias\/","title":{"rendered":"SUPER SATIVA SEED CLUB &#8211; AUTO CREEPER FEM | 8 SEMILLAS Disponible hasta fin de existencias"},"content":{"rendered":"<p><br style=\"font-size: 12.222222328186px\" \/><span style=\"font-size: 12.222222328186px\">Composici\u00f3n: (Creeper x Williams Wonder) x Creeper<br \/><\/span><br style=\"font-size: 12.222222328186px\" \/><br style=\"font-size: 12.222222328186px\" \/><span style=\"font-size: 12.222222328186px\">Genotipo: H\u00edbrido autofloreciente feminizado predominantemente Sativa<\/span><br style=\"font-size: 12.222222328186px\" \/><br style=\"font-size: 12.222222328186px\" \/><br style=\"font-size: 12.222222328186px\" \/><span style=\"font-size: 12.222222328186px\">D\u00cdAS: 84-91<\/span><br style=\"font-size: 12.222222328186px\" \/><br \/><br style=\"font-size: 12.222222328186px\" \/><span style=\"font-size: 12.222222328186px\"><a href=\"http:\/\/drunderground.com\/en\/\" target=\"_blank\" rel=\"noopener noreferrer\">para mas info pincha aqui<\/a><br \/><\/span><\/p>\n","protected":false},"excerpt":{"rendered":"<p>Composici\u00f3n: (Creeper x Williams Wonder) x CreeperGenotipo: H\u00edbrido autofloreciente feminizado predominantemente SativaD\u00cdAS: 84-91para mas info pincha aqui<\/p>\n","protected":false},"featured_media":128564,"comment_status":"open","ping_status":"closed","template":"","meta":[],"product_brand":[],"product_cat":[7953],"product_tag":[],"class_list":{"0":"post-128573","1":"product","2":"type-product","3":"status-publish","4":"has-post-thumbnail","6":"product_cat-seedshop-es","8":"first","9":"instock","10":"sale","11":"taxable","12":"shipping-taxable","13":"purchasable","14":"product-type-simple"},"_links":{"self":[{"href":"https:\/\/www.budream.com\/es\/wp-json\/wp\/v2\/product\/128573","targetHints":{"allow":["GET"]}}],"collection":[{"href":"https:\/\/www.budream.com\/es\/wp-json\/wp\/v2\/product"}],"about":[{"href":"https:\/\/www.budream.com\/es\/wp-json\/wp\/v2\/types\/product"}],"replies":[{"embeddable":true,"href":"https:\/\/www.budream.com\/es\/wp-json\/wp\/v2\/comments?post=128573"}],"version-history":[{"count":0,"href":"https:\/\/www.budream.com\/es\/wp-json\/wp\/v2\/product\/128573\/revisions"}],"wp:featuredmedia":[{"embeddable":true,"href":"https:\/\/www.budream.com\/es\/wp-json\/wp\/v2\/media\/128564"}],"wp:attachment":[{"href":"https:\/\/www.budream.com\/es\/wp-json\/wp\/v2\/media?parent=128573"}],"wp:term":[{"taxonomy":"product_brand","embeddable":true,"href":"https:\/\/www.budream.com\/es\/wp-json\/wp\/v2\/product_brand?post=128573"},{"taxonomy":"product_cat","embeddable":true,"href":"https:\/\/www.budream.com\/es\/wp-json\/wp\/v2\/product_cat?post=128573"},{"taxonomy":"product_tag","embeddable":true,"href":"https:\/\/www.budream.com\/es\/wp-json\/wp\/v2\/product_tag?post=128573"}],"curies":[{"name":"wp","href":"https:\/\/api.w.org\/{rel}","templated":true}]}}