{"id":128583,"date":"2025-07-30T21:40:29","date_gmt":"2025-07-30T19:40:29","guid":{"rendered":"https:\/\/www.budream.com\/shop\/super-sativa-seed-club-super-mad-sky-floater-fem-8-semillas-disponible-hasta-fin-de-existencias\/"},"modified":"2025-11-27T13:14:27","modified_gmt":"2025-11-27T11:14:27","slug":"super-sativa-seed-club-super-mad-sky-floater-fem-8-semillas-disponible-hasta-fin-de-existencias","status":"publish","type":"product","link":"https:\/\/www.budream.com\/es\/shop\/super-sativa-seed-club-super-mad-sky-floater-fem-8-semillas-disponible-hasta-fin-de-existencias\/","title":{"rendered":"SUPER SATIVA SEED CLUB &#8211; SUPER MAD SKY FLOATER FEM | 8 SEMILLAS Disponible hasta fin de existencias"},"content":{"rendered":"<div class=\"FFpbKc\">\n<div class=\"ZTPlmc\">\n<div class=\"FFpbKc\">\n<div class=\"ZTPlmc\">\n<div class=\"FFpbKc\"><span class=\"JLqJ4b ChMk0b\" data-language-for-alternatives=\"it\" data-language-to-translate-into=\"en\" data-phrase-index=\"0\">Strawberry Chemdawg OG es un h\u00edbrido que combina las caracter\u00edsticas de una Sativa con las de una Indica<\/span> <span class=\"JLqJ4b ChMk0b\" data-language-for-alternatives=\"it\" data-language-to-translate-into=\"en\" data-phrase-index=\"1\">. Esta variedad es la mezcla perfecta de 2 l\u00edneas gen\u00e9ticas de EE.<\/span> <span class=\"JLqJ4b ChMk0b\" data-language-for-alternatives=\"it\" data-language-to-translate-into=\"en\" data-phrase-index=\"3\">UU. \u00a1Nos enamoramos de este cruce y esperamos que pruebes lo mismo!<\/p>\n<p><\/span><\/div>\n<\/div>\n<\/div>\n<\/div>\n<\/div>\n<h2><strong>Caracter\u00edsticas Strawberry Chemdawg OG Fem:<\/strong><\/h2>\n<ul style=\"list-style-type: disc\">\n<li><strong>G\u00e9nero:<\/strong> H\u00edbrido Feminizado<\/li>\n<li><strong>Genotipo:<\/strong> H\u00edbrido 50% Sativa 50% Indica<\/li>\n<li><strong>Gen\u00e9tica:<\/strong> Chemdawg x Strawberry OG<\/li>\n<li><strong>D\u00edas:<\/strong> 49-56 d\u00edas<\/li>\n<\/ul>\n<p><span style=\"font-size: 12.222222328186px\"><br \/><span style=\"font-size: 11pt\"><em><strong>ADVERTENCIA:<\/strong> Las semillas de c\u00e1\u00f1amo est\u00e1n excluidas de la noci\u00f3n legal de Cannabis, lo que significa que no deben considerarse una sustancia estupefaciente (L. 412 de 1974, Art. 1, p\u00e1rrafo 1, lett. B; Convenci\u00f3n \u00danica sobre Estupefacientes de Nueva York de 1961 y tabla II del Decreto Ministerial 27\/7\/1992). En Italia, el cultivo del c\u00e1\u00f1amo est\u00e1 prohibido (art\u00edculos 28 y 73 del Decreto Presidencial 309\/90) a menos que se obtenga una autorizaci\u00f3n especial (art\u00edculo 17 del Decreto Presidencial 309\/90). A falta de autorizaci\u00f3n, las semillas s\u00f3lo pueden utilizarse para otros fines (zoot\u00e9cnicos, recolecci\u00f3n, etc.). Las semillas se venden con la reserva de que no ser\u00e1n utilizadas por terceros en conflicto con la ley.<\/em><\/span><br \/><\/span><\/p>\n","protected":false},"excerpt":{"rendered":"<p>Strawberry Chemdawg OG es un h\u00edbrido que combina las caracter\u00edsticas de una Sativa con las de una Indica . Esta<\/p>\n","protected":false},"featured_media":128579,"comment_status":"open","ping_status":"closed","template":"","meta":[],"product_brand":[],"product_cat":[7953],"product_tag":[],"class_list":{"0":"post-128583","1":"product","2":"type-product","3":"status-publish","4":"has-post-thumbnail","6":"product_cat-seedshop-es","8":"first","9":"instock","10":"sale","11":"taxable","12":"shipping-taxable","13":"purchasable","14":"product-type-simple"},"_links":{"self":[{"href":"https:\/\/www.budream.com\/es\/wp-json\/wp\/v2\/product\/128583","targetHints":{"allow":["GET"]}}],"collection":[{"href":"https:\/\/www.budream.com\/es\/wp-json\/wp\/v2\/product"}],"about":[{"href":"https:\/\/www.budream.com\/es\/wp-json\/wp\/v2\/types\/product"}],"replies":[{"embeddable":true,"href":"https:\/\/www.budream.com\/es\/wp-json\/wp\/v2\/comments?post=128583"}],"version-history":[{"count":0,"href":"https:\/\/www.budream.com\/es\/wp-json\/wp\/v2\/product\/128583\/revisions"}],"wp:featuredmedia":[{"embeddable":true,"href":"https:\/\/www.budream.com\/es\/wp-json\/wp\/v2\/media\/128579"}],"wp:attachment":[{"href":"https:\/\/www.budream.com\/es\/wp-json\/wp\/v2\/media?parent=128583"}],"wp:term":[{"taxonomy":"product_brand","embeddable":true,"href":"https:\/\/www.budream.com\/es\/wp-json\/wp\/v2\/product_brand?post=128583"},{"taxonomy":"product_cat","embeddable":true,"href":"https:\/\/www.budream.com\/es\/wp-json\/wp\/v2\/product_cat?post=128583"},{"taxonomy":"product_tag","embeddable":true,"href":"https:\/\/www.budream.com\/es\/wp-json\/wp\/v2\/product_tag?post=128583"}],"curies":[{"name":"wp","href":"https:\/\/api.w.org\/{rel}","templated":true}]}}