{"id":128593,"date":"2025-07-30T21:40:59","date_gmt":"2025-07-30T19:40:59","guid":{"rendered":"https:\/\/www.budream.com\/shop\/flortis-aceite-de-neem-spray-500ml\/"},"modified":"2026-03-24T13:38:41","modified_gmt":"2026-03-24T11:38:41","slug":"flortis-aceite-de-neem-spray-500ml","status":"publish","type":"product","link":"https:\/\/www.budream.com\/es\/shop\/flortis-aceite-de-neem-spray-500ml\/","title":{"rendered":"FLORTIS &#8211; ACEITE DE NEEM SPRAY | 500ml"},"content":{"rendered":"<h2><strong>Aceite de neem para plantas m\u00e1s sanas y pr\u00f3speras<\/strong><\/h2>\n<p>Aceite de Neem Flortis para plantas, 100% natural y biodegradable, prensado en fr\u00edo, soluble en agua.<\/p>\n<p>El aceite de neem tiene una acci\u00f3n m\u00e1s mec\u00e1nica que qu\u00edmica, lo que hace que los tejidos de las plantas sean m\u00e1s dif\u00edciles de atacar por las plagas; tambi\u00e9n bloquea su nutrici\u00f3n y reproducci\u00f3n. Aplicado a las plantas, mejora su salud general, aumentando su resistencia natural a plagas y enfermedades.<\/p>\n<p>Es ecol\u00f3gico y seguro para el medio ambiente. No es t\u00f3xico para mam\u00edferos, aves y animales acu\u00e1ticos.<\/p>\n<p><strong>COMPOSICI\u00d3N<\/strong> 1,5% 90% aceite puro de Neem.<br \/><strong>FORMULACI\u00d3N<\/strong> L\u00edquido listo para usar.<br \/><strong>ENVASE<\/strong> Botella de 500 ml con gatillo.<\/p>\n<p><strong>USO:<\/strong> Pulverizar toda la planta. Puede aplicarse en cualquier fase de desarrollo de la planta. Se recomienda que transcurran al menos 48 horas despu\u00e9s del tratamiento antes de consumir las plantas tratadas.<\/p>\n","protected":false},"excerpt":{"rendered":"<p>Aceite de neem para plantas m\u00e1s sanas y pr\u00f3speras Aceite de Neem Flortis para plantas, 100% natural y biodegradable, prensado<\/p>\n","protected":false},"featured_media":128589,"comment_status":"open","ping_status":"closed","template":"","meta":[],"product_brand":[],"product_cat":[7930],"product_tag":[],"class_list":{"0":"post-128593","1":"product","2":"type-product","3":"status-publish","4":"has-post-thumbnail","6":"product_cat-antiparasitarios-y-defensa","8":"first","9":"instock","10":"taxable","11":"shipping-taxable","12":"purchasable","13":"product-type-simple"},"_links":{"self":[{"href":"https:\/\/www.budream.com\/es\/wp-json\/wp\/v2\/product\/128593","targetHints":{"allow":["GET"]}}],"collection":[{"href":"https:\/\/www.budream.com\/es\/wp-json\/wp\/v2\/product"}],"about":[{"href":"https:\/\/www.budream.com\/es\/wp-json\/wp\/v2\/types\/product"}],"replies":[{"embeddable":true,"href":"https:\/\/www.budream.com\/es\/wp-json\/wp\/v2\/comments?post=128593"}],"version-history":[{"count":0,"href":"https:\/\/www.budream.com\/es\/wp-json\/wp\/v2\/product\/128593\/revisions"}],"wp:featuredmedia":[{"embeddable":true,"href":"https:\/\/www.budream.com\/es\/wp-json\/wp\/v2\/media\/128589"}],"wp:attachment":[{"href":"https:\/\/www.budream.com\/es\/wp-json\/wp\/v2\/media?parent=128593"}],"wp:term":[{"taxonomy":"product_brand","embeddable":true,"href":"https:\/\/www.budream.com\/es\/wp-json\/wp\/v2\/product_brand?post=128593"},{"taxonomy":"product_cat","embeddable":true,"href":"https:\/\/www.budream.com\/es\/wp-json\/wp\/v2\/product_cat?post=128593"},{"taxonomy":"product_tag","embeddable":true,"href":"https:\/\/www.budream.com\/es\/wp-json\/wp\/v2\/product_tag?post=128593"}],"curies":[{"name":"wp","href":"https:\/\/api.w.org\/{rel}","templated":true}]}}