{"id":128803,"date":"2025-07-30T21:51:07","date_gmt":"2025-07-30T19:51:07","guid":{"rendered":"https:\/\/www.budream.com\/shop\/xvape-kit-xmax-qomo\/"},"modified":"2026-03-04T16:34:57","modified_gmt":"2026-03-04T14:34:57","slug":"xvape-kit-xmax-qomo","status":"publish","type":"product","link":"https:\/\/www.budream.com\/es\/shop\/xvape-kit-xmax-qomo\/","title":{"rendered":"XVAPE &#8211; KIT XMAX QOMO"},"content":{"rendered":"<p><strong>XMAX QOMO<\/strong> es un vaporizador electr\u00f3nico inteligente para uso exclusivo con concentrados. 3 ajustes de temperatura con funci\u00f3n de precalentamiento de 10s. El burbujeador ayuda a enfriar e hidratar el vapor, combinando comodidad y facilidad de uso con la mejor experiencia vaping.<\/p>\n<h2><strong>Especificaciones t\u00e9cnicas Xmax Quomo Kit<\/strong><\/h2>\n<ul style=\"list-style-type: disc\">\n<li>Capacidad de la bater\u00eda: 1350 mAh (pol\u00edmero de litio)<\/li>\n<li>Tensi\u00f3n\/corriente de carga: 5 V \/ 1 A.<\/li>\n<li>Tensi\u00f3n de trabajo: 3,3-4,2 V.<\/li>\n<li>Encendido \/ Apagado: pulsar el bot\u00f3n 3 veces consecutivas<\/li>\n<li>Cambio de temperatura: pulsar el bot\u00f3n 2 veces seguidas<\/li>\n<li>Calentamiento: pulsar el bot\u00f3n 1 vez<\/li>\n<li>Precalentamiento: 10S, la luz del burbujeador parpadea r\u00e1pidamente 10 veces en naranja<\/li>\n<li>Bater\u00eda baja: la luz del bot\u00f3n de encendido parpadea 10 veces r\u00e1pidamente<\/li>\n<li>Dimensiones: 50 * 29,6 * 127 mm<\/li>\n<li>Sesi\u00f3n: taza de cer\u00e1mica<\/li>\n<li>Protecci\u00f3n contra cortocircuitos: la luz del burbujeador parpadea r\u00e1pidamente 3 veces en rojo<\/li>\n<li>Ajustes de temperatura: 3 ajustes de temperatura<\/li>\n<\/ul>\n<h2><strong>Caracter\u00edsticas t\u00e9cnicas Xmax Quomo Kit<\/strong><\/h2>\n<ul style=\"list-style-type: disc\">\n<li>Dimensiones compactas.<\/li>\n<li>3 temperaturas opcionales.<\/li>\n<li>Precalentamiento autom\u00e1tico 10s.<\/li>\n<li>Bater\u00eda de 1350 mAh.<\/li>\n<li>Cable USB tipo C.<\/li>\n<li>Burbujeador de vidrio de dise\u00f1o exclusivo.<\/li>\n<li>C\u00e1mara de calentamiento totalmente cer\u00e1mica con dise\u00f1o de calentamiento \u00fanico.<\/li>\n<\/ul>\n<p><strong>El kit XMAX QOMO incluye<\/strong><\/p>\n<ul style=\"list-style-type: disc\">\n<li>Kit vaporizador XMAX QOMO.<\/li>\n<li>Cable cargador USB &#8211; C.<\/li>\n<li>Manual de usuario.<\/li>\n<li>Paquete de regalo<\/li>\n<\/ul>\n","protected":false},"excerpt":{"rendered":"<p>XMAX QOMO es un vaporizador electr\u00f3nico inteligente para uso exclusivo con concentrados. 3 ajustes de temperatura con funci\u00f3n de precalentamiento<\/p>\n","protected":false},"featured_media":128774,"comment_status":"open","ping_status":"closed","template":"","meta":[],"product_brand":[],"product_cat":[7908],"product_tag":[],"class_list":{"0":"post-128803","1":"product","2":"type-product","3":"status-publish","4":"has-post-thumbnail","6":"product_cat-vaporizadores","8":"first","9":"instock","10":"sale","11":"taxable","12":"shipping-taxable","13":"purchasable","14":"product-type-simple"},"_links":{"self":[{"href":"https:\/\/www.budream.com\/es\/wp-json\/wp\/v2\/product\/128803","targetHints":{"allow":["GET"]}}],"collection":[{"href":"https:\/\/www.budream.com\/es\/wp-json\/wp\/v2\/product"}],"about":[{"href":"https:\/\/www.budream.com\/es\/wp-json\/wp\/v2\/types\/product"}],"replies":[{"embeddable":true,"href":"https:\/\/www.budream.com\/es\/wp-json\/wp\/v2\/comments?post=128803"}],"version-history":[{"count":0,"href":"https:\/\/www.budream.com\/es\/wp-json\/wp\/v2\/product\/128803\/revisions"}],"wp:featuredmedia":[{"embeddable":true,"href":"https:\/\/www.budream.com\/es\/wp-json\/wp\/v2\/media\/128774"}],"wp:attachment":[{"href":"https:\/\/www.budream.com\/es\/wp-json\/wp\/v2\/media?parent=128803"}],"wp:term":[{"taxonomy":"product_brand","embeddable":true,"href":"https:\/\/www.budream.com\/es\/wp-json\/wp\/v2\/product_brand?post=128803"},{"taxonomy":"product_cat","embeddable":true,"href":"https:\/\/www.budream.com\/es\/wp-json\/wp\/v2\/product_cat?post=128803"},{"taxonomy":"product_tag","embeddable":true,"href":"https:\/\/www.budream.com\/es\/wp-json\/wp\/v2\/product_tag?post=128803"}],"curies":[{"name":"wp","href":"https:\/\/api.w.org\/{rel}","templated":true}]}}