{"id":128943,"date":"2025-07-30T22:00:42","date_gmt":"2025-07-30T20:00:42","guid":{"rendered":"https:\/\/www.budream.com\/shop\/terpene-essence-sativa-mezcla-de-terpenas-2ml\/"},"modified":"2026-01-20T14:13:48","modified_gmt":"2026-01-20T12:13:48","slug":"terpene-essence-sativa-mezcla-de-terpenas-2ml","status":"publish","type":"product","link":"https:\/\/www.budream.com\/es\/shop\/terpene-essence-sativa-mezcla-de-terpenas-2ml\/","title":{"rendered":"TERPENE ESSENCE &#8211; SATIVA MEZCLA DE TERPENAS | 2ml"},"content":{"rendered":"<p>\u00bfSue\u00f1a con dar a sus cosas m\u00e1s preciadas un aroma m\u00e1s intenso? \u00a1Afrutado, especiado, bals\u00e1mico, c\u00edtrico! <\/p>\n<p>Sativa Blend, Og Kush y Sweet Pineapple son las <strong>tres mezclas creadas por Terpene<\/strong> essence respetando la naturaleza de las plantas.<\/p>\n<p>Las mezclas de TERPENE ESSENCE est\u00e1n formuladas:<\/p>\n<ul style=\"list-style-type: disc\">\n<li><strong>Con terpenos 100% puros y naturales<\/strong><\/li>\n<li><strong>Sin el uso de disolventes.<\/strong><\/li>\n<li><strong>En formato spray<\/strong> para un uso F\u00c1CIL y una aplicaci\u00f3n uniforme.<\/li>\n<\/ul>\n<p><strong>\u00bfC\u00f3mo se utilizan?<\/strong><br \/>Simplemente pulverizar el producto directamente sobre los productos a aromatizar. Recomendamos una dosis de 5 pulverizaciones por cada 100 g de material a aromatizar, repitiendo la aplicaci\u00f3n cada 7 d\u00edas, durante un m\u00e1ximo de 8 semanas, hasta alcanzar la intensidad arom\u00e1tica deseada.<\/p>\n<p>Mezcla de terpenos con propiedades arom\u00e1ticas caracter\u00edsticas con notas terrosas y especiadas y matices bals\u00e1micos. Producto altamente concentrado.<\/p>\n<p>Destinado \u00fanicamente a uso t\u00e9cnico.<br \/>Evitar el contacto con los ojos y la piel.<\/p>\n<p><em>Ingredientes: Beta cariofileno, mirceno, limoneno, humuleno, alfa pineno, beta pineno, nerolidol, delta 3 careno, geraniol, terpinolenecariofileno.<\/em><\/p>\n","protected":false},"excerpt":{"rendered":"<p>\u00bfSue\u00f1a con dar a sus cosas m\u00e1s preciadas un aroma m\u00e1s intenso? \u00a1Afrutado, especiado, bals\u00e1mico, c\u00edtrico! Sativa Blend, Og Kush<\/p>\n","protected":false},"featured_media":128939,"comment_status":"open","ping_status":"closed","template":"","meta":[],"product_brand":[],"product_cat":[7914],"product_tag":[],"class_list":{"0":"post-128943","1":"product","2":"type-product","3":"status-publish","4":"has-post-thumbnail","6":"product_cat-cosmeticos","8":"first","9":"instock","10":"taxable","11":"shipping-taxable","12":"purchasable","13":"product-type-simple"},"_links":{"self":[{"href":"https:\/\/www.budream.com\/es\/wp-json\/wp\/v2\/product\/128943","targetHints":{"allow":["GET"]}}],"collection":[{"href":"https:\/\/www.budream.com\/es\/wp-json\/wp\/v2\/product"}],"about":[{"href":"https:\/\/www.budream.com\/es\/wp-json\/wp\/v2\/types\/product"}],"replies":[{"embeddable":true,"href":"https:\/\/www.budream.com\/es\/wp-json\/wp\/v2\/comments?post=128943"}],"version-history":[{"count":0,"href":"https:\/\/www.budream.com\/es\/wp-json\/wp\/v2\/product\/128943\/revisions"}],"wp:featuredmedia":[{"embeddable":true,"href":"https:\/\/www.budream.com\/es\/wp-json\/wp\/v2\/media\/128939"}],"wp:attachment":[{"href":"https:\/\/www.budream.com\/es\/wp-json\/wp\/v2\/media?parent=128943"}],"wp:term":[{"taxonomy":"product_brand","embeddable":true,"href":"https:\/\/www.budream.com\/es\/wp-json\/wp\/v2\/product_brand?post=128943"},{"taxonomy":"product_cat","embeddable":true,"href":"https:\/\/www.budream.com\/es\/wp-json\/wp\/v2\/product_cat?post=128943"},{"taxonomy":"product_tag","embeddable":true,"href":"https:\/\/www.budream.com\/es\/wp-json\/wp\/v2\/product_tag?post=128943"}],"curies":[{"name":"wp","href":"https:\/\/api.w.org\/{rel}","templated":true}]}}