{"id":128973,"date":"2025-07-30T22:02:14","date_gmt":"2025-07-30T20:02:14","guid":{"rendered":"https:\/\/www.budream.com\/shop\/rewell-crema-cbd-extreme-100ml-500mg-cbd\/"},"modified":"2026-02-19T13:59:19","modified_gmt":"2026-02-19T11:59:19","slug":"rewell-crema-cbd-extreme-100ml-500mg-cbd","status":"publish","type":"product","link":"https:\/\/www.budream.com\/es\/shop\/rewell-crema-cbd-extreme-100ml-500mg-cbd\/","title":{"rendered":"REWELL &#8211; CREMA CBD EXTREME | 100ml 500mg CBD"},"content":{"rendered":"<p>\u00a1Nuevo envase de tubo ecol\u00f3gico, 100% reciclable y derivado de plantas!<br \/>Cuando los m\u00fasculos est\u00e1n sometidos a una actividad f\u00edsica intensa, la crema CBD Extreme de Rewell es ideal para un alivio inmediato.<\/p>\n<p>Gracias a sus componentes naturales, es adecuada para ayudar a los m\u00fasculos durante el calentamiento para prevenir torceduras\/esguinces o despu\u00e9s del esfuerzo f\u00edsico para encontrar una sensaci\u00f3n de alivio. Relaja los tejidos y alivia el dolor muscular, reduciendo significativamente la inflamaci\u00f3n. Se absorbe r\u00e1pidamente y no es graso.<\/p>\n<p><\/p>\n<h2><strong>Modo de empleo:<br \/><\/strong><\/h2>\n<p>Aplicar el producto seg\u00fan necesidad y masajear hasta su absorci\u00f3n.<br \/>PRE: Masajear los m\u00fasculos durante el calentamiento, previene el riesgo de distensiones musculares y esguinces.<br \/>POST: Masajear despu\u00e9s del esfuerzo f\u00edsico, relaja los tejidos y alivia el dolor muscular.<br \/>Advertencias: PRODUCTO COSM\u00c9TICO. Uso externo. Evitar el contacto con los ojos. Mantener fuera del alcance de los ni\u00f1os.<\/p>\n<p><strong><br \/>Ingredientes:<br \/><\/strong><em>Agua, zumo de hoja de aloe barbadensis, aceite de semilla de helianthus annuus, alcohol cetear\u00edlico, glicerina, estearato de glicerilo se, aceite de glicina soja, extracto de flor de \u00e1rnica montana, extracto de resina de boswellia serrata, sulfato de glucosamina, alcohol benc\u00edlico, citrato de estearato de glicerilo, extracto de ra\u00edz de harpagophytum procumbens, acetato de tocoferilo, cannabidiol, mentol, goma xantana, parfum, dehidroacetato s\u00f3dico, lecitina, \u00e1cido l\u00e1ctico, diacetato de glutamato tetras\u00f3dico, caprilato de glicerilo, \u00e1cido dehidroac\u00e9tico, tocoferol, palmitato de ascorbilo, \u00e1cido c\u00edtrico, linalol, limoneno, citronelol.<\/em><strong><br \/><\/strong><\/p>\n","protected":false},"excerpt":{"rendered":"<p>\u00a1Nuevo envase de tubo ecol\u00f3gico, 100% reciclable y derivado de plantas!Cuando los m\u00fasculos est\u00e1n sometidos a una actividad f\u00edsica intensa,<\/p>\n","protected":false},"featured_media":128969,"comment_status":"open","ping_status":"closed","template":"","meta":[],"product_brand":[],"product_cat":[7914],"product_tag":[],"class_list":{"0":"post-128973","1":"product","2":"type-product","3":"status-publish","4":"has-post-thumbnail","6":"product_cat-cosmeticos","8":"first","9":"instock","10":"taxable","11":"shipping-taxable","12":"purchasable","13":"product-type-simple"},"aioseo_notices":[],"_links":{"self":[{"href":"https:\/\/www.budream.com\/es\/wp-json\/wp\/v2\/product\/128973","targetHints":{"allow":["GET"]}}],"collection":[{"href":"https:\/\/www.budream.com\/es\/wp-json\/wp\/v2\/product"}],"about":[{"href":"https:\/\/www.budream.com\/es\/wp-json\/wp\/v2\/types\/product"}],"replies":[{"embeddable":true,"href":"https:\/\/www.budream.com\/es\/wp-json\/wp\/v2\/comments?post=128973"}],"version-history":[{"count":0,"href":"https:\/\/www.budream.com\/es\/wp-json\/wp\/v2\/product\/128973\/revisions"}],"wp:featuredmedia":[{"embeddable":true,"href":"https:\/\/www.budream.com\/es\/wp-json\/wp\/v2\/media\/128969"}],"wp:attachment":[{"href":"https:\/\/www.budream.com\/es\/wp-json\/wp\/v2\/media?parent=128973"}],"wp:term":[{"taxonomy":"product_brand","embeddable":true,"href":"https:\/\/www.budream.com\/es\/wp-json\/wp\/v2\/product_brand?post=128973"},{"taxonomy":"product_cat","embeddable":true,"href":"https:\/\/www.budream.com\/es\/wp-json\/wp\/v2\/product_cat?post=128973"},{"taxonomy":"product_tag","embeddable":true,"href":"https:\/\/www.budream.com\/es\/wp-json\/wp\/v2\/product_tag?post=128973"}],"curies":[{"name":"wp","href":"https:\/\/api.w.org\/{rel}","templated":true}]}}