{"id":128983,"date":"2025-07-30T22:02:44","date_gmt":"2025-07-30T20:02:44","guid":{"rendered":"https:\/\/www.budream.com\/shop\/rewell-crema-pre-postal-cbd-100ml-250mg-cbd\/"},"modified":"2025-10-14T18:31:52","modified_gmt":"2025-10-14T16:31:52","slug":"rewell-crema-pre-postal-cbd-100ml-250mg-cbd","status":"publish","type":"product","link":"https:\/\/www.budream.com\/es\/shop\/rewell-crema-pre-postal-cbd-100ml-250mg-cbd\/","title":{"rendered":"REWELL &#8211; CREMA PRE-POSTAL CBD | 100ml 250mg CBD"},"content":{"rendered":"<p>\u00a1Nuevo envase de tubo ecol\u00f3gico, 100% reciclable y derivado de plantas!<br \/>Cuando los m\u00fasculos est\u00e1n sometidos a una actividad f\u00edsica intensa, la crema Pre-Post CBD de Rewell es ideal para un alivio inmediato.<\/p>\n<p>Gracias a sus componentes naturales, es adecuada para ayudar a los m\u00fasculos en la fase de calentamiento para prevenir torceduras\/esguinces o despu\u00e9s de un esfuerzo f\u00edsico para encontrar una sensaci\u00f3n de alivio, relaja los tejidos y alivia el dolor muscular al tiempo que reduce significativamente la inflamaci\u00f3n. Tambi\u00e9n tiene una alta funci\u00f3n antioxidante. Se absorbe r\u00e1pidamente y no es graso.<\/p>\n<p><\/p>\n<h2><strong>Modo de empleo:<br \/><\/strong><\/h2>\n<p>Aplicar el producto seg\u00fan necesidad y masajear hasta su absorci\u00f3n.<br \/>PRE: Masajear los m\u00fasculos durante el calentamiento, previene el riesgo de distensiones musculares y esguinces.<br \/>POST: Masajear despu\u00e9s del esfuerzo f\u00edsico, relaja los tejidos y alivia el dolor muscular.<br \/>Advertencias: PRODUCTO COSM\u00c9TICO. Uso externo. Evitar el contacto con los ojos. Mantener fuera del alcance de los ni\u00f1os.<\/p>\n<p><strong><br \/>Ingredientes:<br \/><\/strong><em>Agua, zumo de hoja de aloe barbadensis, aceite de semilla de helianthus annuus, alcohol cetear\u00edlico, glicerina, estearato de glicerilo se, aceite de glicina soja, extracto de flor de \u00e1rnica montana, extracto de resina de boswellia serrata, sulfato de glucosamina, alcohol benc\u00edlico, citrato de estearato de glicerilo, extracto de ra\u00edz de harpagophytum procumbens, acetato de tocoferilo, cannabidiol, mentol, goma xantana, parfum, dehidroacetato s\u00f3dico, lecitina, \u00e1cido l\u00e1ctico, diacetato de glutamato tetras\u00f3dico, caprilato de glicerilo, \u00e1cido dehidroac\u00e9tico, tocoferol, palmitato de ascorbilo, \u00e1cido c\u00edtrico, linalol, limoneno, citronelol.<\/em><strong><br \/><\/strong><\/p>\n","protected":false},"excerpt":{"rendered":"<p>\u00a1Nuevo envase de tubo ecol\u00f3gico, 100% reciclable y derivado de plantas!Cuando los m\u00fasculos est\u00e1n sometidos a una actividad f\u00edsica intensa,<\/p>\n","protected":false},"featured_media":128979,"comment_status":"open","ping_status":"closed","template":"","meta":[],"product_brand":[],"product_cat":[7914],"product_tag":[],"class_list":{"0":"post-128983","1":"product","2":"type-product","3":"status-publish","4":"has-post-thumbnail","6":"product_cat-cosmeticos","8":"first","9":"instock","10":"taxable","11":"shipping-taxable","12":"purchasable","13":"product-type-simple"},"_links":{"self":[{"href":"https:\/\/www.budream.com\/es\/wp-json\/wp\/v2\/product\/128983","targetHints":{"allow":["GET"]}}],"collection":[{"href":"https:\/\/www.budream.com\/es\/wp-json\/wp\/v2\/product"}],"about":[{"href":"https:\/\/www.budream.com\/es\/wp-json\/wp\/v2\/types\/product"}],"replies":[{"embeddable":true,"href":"https:\/\/www.budream.com\/es\/wp-json\/wp\/v2\/comments?post=128983"}],"version-history":[{"count":0,"href":"https:\/\/www.budream.com\/es\/wp-json\/wp\/v2\/product\/128983\/revisions"}],"wp:featuredmedia":[{"embeddable":true,"href":"https:\/\/www.budream.com\/es\/wp-json\/wp\/v2\/media\/128979"}],"wp:attachment":[{"href":"https:\/\/www.budream.com\/es\/wp-json\/wp\/v2\/media?parent=128983"}],"wp:term":[{"taxonomy":"product_brand","embeddable":true,"href":"https:\/\/www.budream.com\/es\/wp-json\/wp\/v2\/product_brand?post=128983"},{"taxonomy":"product_cat","embeddable":true,"href":"https:\/\/www.budream.com\/es\/wp-json\/wp\/v2\/product_cat?post=128983"},{"taxonomy":"product_tag","embeddable":true,"href":"https:\/\/www.budream.com\/es\/wp-json\/wp\/v2\/product_tag?post=128983"}],"curies":[{"name":"wp","href":"https:\/\/api.w.org\/{rel}","templated":true}]}}