{"id":128993,"date":"2025-07-30T22:03:09","date_gmt":"2025-07-30T20:03:09","guid":{"rendered":"https:\/\/www.budream.com\/shop\/rewell-gel-de-manos-protector-cbd-100ml-25mg-cbd-aloe-vera\/"},"modified":"2025-12-29T13:32:22","modified_gmt":"2025-12-29T11:32:22","slug":"rewell-gel-de-manos-protector-cbd-100ml-25mg-cbd-aloe-vera","status":"publish","type":"product","link":"https:\/\/www.budream.com\/es\/shop\/rewell-gel-de-manos-protector-cbd-100ml-25mg-cbd-aloe-vera\/","title":{"rendered":"REWELL &#8211; GEL DE MANOS PROTECTOR CBD | 100ml 25mg CBD + ALOE VERA"},"content":{"rendered":"<p>El Gel de Manos REWELL est\u00e1 formulado seg\u00fan una estudiada concentraci\u00f3n de alcohol y clorhexidina de alta acci\u00f3n higienizante adem\u00e1s de ALOE VERA y nada menos que 25mg de CBD para proteger la piel de irritaciones o sequedad aport\u00e1ndole mayor hidrataci\u00f3n.<br \/>M\u00e1xima protecci\u00f3n sin descuidar la piel de tus manos. \u00dasalo para limpiar y proteger tu piel cuando no tengas agua, jab\u00f3n ni nada.<\/p>\n<p><\/p>\n<h2><strong>Modo de empleo:<br \/><\/strong><\/h2>\n<p>Verter una peque\u00f1a cantidad de producto en la palma de las manos y distribuir, masajeando cuidadosamente, tambi\u00e9n en el dorso, hasta su total absorci\u00f3n, No necesita agua. Advertencias: PRODUCTO COSM\u00c9TICO. Uso externo. Evitar el contacto con los ojos. Mantener fuera del alcance de los ni\u00f1os.<\/p>\n<p><strong><br \/>Ingredientes:<br \/><\/strong><em>alcohol 70%, clorhexidina, Aloe vera, CBD 25mg Alcohol denat, aqua, hoja de aloe barbadensis Julce, hidroxietil acrilato\/sodlum acriloildimetil taurato copol\u00edmero, escualeno, cannabidiol, goma xantana, polisorbato 60, Ilmoneno, acetato de tocoferilo, aceite de c\u00e1scara de citrus limon, sorbitan Isostearate, dlgluconato de clorhexidina, \u00e1cido l\u00e1ctico, citral.<\/em><strong><br \/><\/strong><\/p>\n","protected":false},"excerpt":{"rendered":"<p>El Gel de Manos REWELL est\u00e1 formulado seg\u00fan una estudiada concentraci\u00f3n de alcohol y clorhexidina de alta acci\u00f3n higienizante adem\u00e1s<\/p>\n","protected":false},"featured_media":128989,"comment_status":"open","ping_status":"closed","template":"","meta":[],"product_brand":[],"product_cat":[7914],"product_tag":[],"class_list":{"0":"post-128993","1":"product","2":"type-product","3":"status-publish","4":"has-post-thumbnail","6":"product_cat-cosmeticos","8":"first","9":"instock","10":"taxable","11":"shipping-taxable","12":"purchasable","13":"product-type-simple"},"_links":{"self":[{"href":"https:\/\/www.budream.com\/es\/wp-json\/wp\/v2\/product\/128993","targetHints":{"allow":["GET"]}}],"collection":[{"href":"https:\/\/www.budream.com\/es\/wp-json\/wp\/v2\/product"}],"about":[{"href":"https:\/\/www.budream.com\/es\/wp-json\/wp\/v2\/types\/product"}],"replies":[{"embeddable":true,"href":"https:\/\/www.budream.com\/es\/wp-json\/wp\/v2\/comments?post=128993"}],"version-history":[{"count":0,"href":"https:\/\/www.budream.com\/es\/wp-json\/wp\/v2\/product\/128993\/revisions"}],"wp:featuredmedia":[{"embeddable":true,"href":"https:\/\/www.budream.com\/es\/wp-json\/wp\/v2\/media\/128989"}],"wp:attachment":[{"href":"https:\/\/www.budream.com\/es\/wp-json\/wp\/v2\/media?parent=128993"}],"wp:term":[{"taxonomy":"product_brand","embeddable":true,"href":"https:\/\/www.budream.com\/es\/wp-json\/wp\/v2\/product_brand?post=128993"},{"taxonomy":"product_cat","embeddable":true,"href":"https:\/\/www.budream.com\/es\/wp-json\/wp\/v2\/product_cat?post=128993"},{"taxonomy":"product_tag","embeddable":true,"href":"https:\/\/www.budream.com\/es\/wp-json\/wp\/v2\/product_tag?post=128993"}],"curies":[{"name":"wp","href":"https:\/\/api.w.org\/{rel}","templated":true}]}}