{"id":129088,"date":"2025-07-30T22:07:39","date_gmt":"2025-07-30T20:07:39","guid":{"rendered":"https:\/\/www.budream.com\/shop\/qnubu-prensa-hidraulica-rosina-pro-rot-placa-12x12cm-presion-10ton\/"},"modified":"2026-04-14T14:56:52","modified_gmt":"2026-04-14T12:56:52","slug":"qnubu-prensa-hidraulica-rosina-pro-rot-placa-12x12cm-presion-10ton","status":"publish","type":"product","link":"https:\/\/www.budream.com\/es\/shop\/qnubu-prensa-hidraulica-rosina-pro-rot-placa-12x12cm-presion-10ton\/","title":{"rendered":"QNUBU &#8211; PRENSA HIDRAULICA ROSINA PRO-ROT | PLACA 12x12cm PRESION 10TON."},"content":{"rendered":"<h2><strong>Prensa hidr\u00e1ulica Qnubu para la extracci\u00f3n de colofonia<\/strong><\/h2>\n<p>La extracci\u00f3n de colofonia fue la primera en descubrir que, alcanzando la temperatura adecuada, se puede extraer hasta el 80% de los principios activos de la planta.<\/p>\n<p>La t\u00e9cnica es muy sencilla, ya que consiste en ejercer presi\u00f3n sobre un cogollo colocado entre las cartulinas para que quede firmemente prensado entre el aluminio caliente de las placas.<\/p>\n<p>Una vez abierta la bolsa, se encuentra la resina adherida. No puede ser m\u00e1s c\u00f3modo.<\/p>\n<p>La placa es giratoria: se puede girar para facilitarte la extracci\u00f3n.<\/p>\n<h2><span style=\"text-decoration: underline\"><strong>Especificaciones t\u00e9cnicas prensa hidr\u00e1ulica profesional Qnubu 10 Toneladas:<\/strong><\/span><\/h2>\n<p>Presi\u00f3n: 10 Toneladas<br \/>Placa: 12x12cm<br \/>TIimer 0-999seg &#8211; Aviso ac\u00fastico<br \/>Voltaje: 220V<br \/>Consumo: 1400W\/h<br \/>Peso: 42Kg<\/p>\n<p>Especialmente dise\u00f1ado para extraer aceites y resinas sin utilizar disolventes, sino simplemente por presi\u00f3n y calentamiento.<\/p>\n","protected":false},"excerpt":{"rendered":"<p>Prensa hidr\u00e1ulica Qnubu para la extracci\u00f3n de colofonia La extracci\u00f3n de colofonia fue la primera en descubrir que, alcanzando la<\/p>\n","protected":false},"featured_media":129069,"comment_status":"open","ping_status":"closed","template":"","meta":[],"product_brand":[],"product_cat":[7948],"product_tag":[],"class_list":{"0":"post-129088","1":"product","2":"type-product","3":"status-publish","4":"has-post-thumbnail","6":"product_cat-headshop-es","8":"first","9":"instock","10":"taxable","11":"shipping-taxable","12":"purchasable","13":"product-type-simple"},"_links":{"self":[{"href":"https:\/\/www.budream.com\/es\/wp-json\/wp\/v2\/product\/129088","targetHints":{"allow":["GET"]}}],"collection":[{"href":"https:\/\/www.budream.com\/es\/wp-json\/wp\/v2\/product"}],"about":[{"href":"https:\/\/www.budream.com\/es\/wp-json\/wp\/v2\/types\/product"}],"replies":[{"embeddable":true,"href":"https:\/\/www.budream.com\/es\/wp-json\/wp\/v2\/comments?post=129088"}],"version-history":[{"count":1,"href":"https:\/\/www.budream.com\/es\/wp-json\/wp\/v2\/product\/129088\/revisions"}],"predecessor-version":[{"id":262673,"href":"https:\/\/www.budream.com\/es\/wp-json\/wp\/v2\/product\/129088\/revisions\/262673"}],"wp:featuredmedia":[{"embeddable":true,"href":"https:\/\/www.budream.com\/es\/wp-json\/wp\/v2\/media\/129069"}],"wp:attachment":[{"href":"https:\/\/www.budream.com\/es\/wp-json\/wp\/v2\/media?parent=129088"}],"wp:term":[{"taxonomy":"product_brand","embeddable":true,"href":"https:\/\/www.budream.com\/es\/wp-json\/wp\/v2\/product_brand?post=129088"},{"taxonomy":"product_cat","embeddable":true,"href":"https:\/\/www.budream.com\/es\/wp-json\/wp\/v2\/product_cat?post=129088"},{"taxonomy":"product_tag","embeddable":true,"href":"https:\/\/www.budream.com\/es\/wp-json\/wp\/v2\/product_tag?post=129088"}],"curies":[{"name":"wp","href":"https:\/\/api.w.org\/{rel}","templated":true}]}}