{"id":129103,"date":"2025-07-30T22:08:33","date_gmt":"2025-07-30T20:08:33","guid":{"rendered":"https:\/\/www.budream.com\/shop\/enecta-enectarol-cbg-semi-di-canapa-femminilizzati-certificata-10-000-semi\/"},"modified":"2025-12-22T23:10:49","modified_gmt":"2025-12-22T21:10:49","slug":"enecta-enectarol-cbg-semi-di-canapa-femminilizzati-certificata-10-000-semi","status":"publish","type":"product","link":"https:\/\/www.budream.com\/es\/shop\/enecta-enectarol-cbg-semi-di-canapa-femminilizzati-certificata-10-000-semi\/","title":{"rendered":"ENECTA &#8211; ENECTAROL (CBG) SEMILLAS DE C\u00c1\u00d1AMO FEMINIZADAS CERTIFICADAS | 10.000 SEMILLAS"},"content":{"rendered":"<p><strong>\u00a1Reserve ya sus semillas!<br \/><\/strong><br \/>Variedad de alto <strong>CBG<\/strong>, resultado de una rigurosa selecci\u00f3n y desarrollo. Esta planta es baja y tupida. Enectarol se caracteriza por flores medianas y compactas y los reflejos blancos brillantes que desprende la CBG.<\/p>\n<p><strong>Enectarol<\/strong> <strong>es una de las variedades con mejor rendimiento de CBG <\/strong>que ayudar\u00e1 a su negocio a triunfar en un mercado en auge. Sugerimos una <strong>densidad de 7.000 a 10.000 semillas por hect\u00e1rea<\/strong>.<\/p>\n<h2><strong>Caracter\u00edsticas de la semilla Enectarol<\/strong><\/h2>\n<ul style=\"list-style-type: disc\">\n<li><b>Porcentaje de germinaci\u00f3n: 95%.<br \/><\/b><\/li>\n<li><strong>Ciclo vegetativo<\/strong>: 100\/120 d\u00edas<\/li>\n<li><strong>Altura:<\/strong> 1-2 m<\/li>\n<li><strong>Floraci\u00f3n completa:<\/strong> Mediados &#8211; finales de septiembre<\/li>\n<li><strong>Producci\u00f3n media de inflorescencias por planta:<\/strong> 250gr.<\/li>\n<li><strong>Producci\u00f3n media de biomasa por hect\u00e1<\/strong> rea<strong>:<\/strong> 2000Kg &#8211; 2500Kg<\/li>\n<li><strong>CBD<\/strong>: 4-6%.<\/li>\n<li><strong>THC<\/strong>: &lt;0,1%.<\/li>\n<\/ul>\n<p><span class=\"s1\"><span class=\"s1\">Enecta ha desarrollado dos nuevas variedades de c\u00e1\u00f1amo industrial, ideales para cultivo en exterior, certificadas por la UE y con porcentajes de THC inferiores al 0,2%. Estas nuevas gen\u00e9ticas son una novedad \u00fanica porque tienen un alto contenido en cannabinoides y garantizan un alto porcentaje de germinaci\u00f3n, factores clave para una cosecha abundante con rendimientos consistentes y uniformes. La soluci\u00f3n perfecta para su cultivo, apta para necesidades industriales y de consumo.<\/p>\n<p>Un<strong>alto porcentaje de germinaci\u00f3n<\/strong> es esencial para una buena cosecha y representa un ahorro considerable para los cultivadores. La certificaci\u00f3n europea exige un porcentaje de germinaci\u00f3n del 70-80%, \u00a1estas gen\u00e9ticas alcanzan <strong>el 95%!<\/strong><\/p>\n<p>El rendimiento de sus cultivos ser\u00e1 mayor, gracias tambi\u00e9n a un porcentaje muy elevado de principios activos y conforme a la ley: <strong>el THC <\/strong><strong> es inferior al 0,2%<\/strong>.<br \/><\/span><\/span><\/p>\n<p class=\"p1\">La semilla es el punto de partida para el \u00e9xito del cultivo, pero tambi\u00e9n una importante herramienta de gesti\u00f3n de riesgos. La calidad de la semilla se garantiza mediante un largo proceso de producci\u00f3n que comienza con el establecimiento de la variedad de la semilla, la nutrici\u00f3n del cultivo y el control de la cosecha, y termina con la cosecha, el procesamiento, el control de calidad y el etiquetado.<\/p>\n<p class=\"p1\"><strong>Las semillas certificadas por Enecta<\/strong> est\u00e1n siempre <strong>garantizadas<\/strong>, son <strong>trazables<\/strong> y <strong>seguras<\/strong>. Tras haber desarrollado unas condiciones adecuadas de manipulaci\u00f3n y env\u00edo de las semillas, se aseguran de que los lotes de semillas est\u00e9n siempre <strong>frescos y se almacenen cuidadosamente.<\/strong><\/p>\n<p><strong><br \/><\/strong><\/p>\n","protected":false},"excerpt":{"rendered":"<p>\u00a1Reserve ya sus semillas!Variedad de alto CBG, resultado de una rigurosa selecci\u00f3n y desarrollo. Esta planta es baja y tupida.<\/p>\n","protected":false},"featured_media":129094,"comment_status":"open","ping_status":"closed","template":"","meta":[],"product_brand":[],"product_cat":[7953],"product_tag":[],"class_list":{"0":"post-129103","1":"product","2":"type-product","3":"status-publish","4":"has-post-thumbnail","6":"product_cat-seedshop-es","8":"first","9":"instock","10":"sale","11":"taxable","12":"shipping-taxable","13":"purchasable","14":"product-type-simple"},"_links":{"self":[{"href":"https:\/\/www.budream.com\/es\/wp-json\/wp\/v2\/product\/129103","targetHints":{"allow":["GET"]}}],"collection":[{"href":"https:\/\/www.budream.com\/es\/wp-json\/wp\/v2\/product"}],"about":[{"href":"https:\/\/www.budream.com\/es\/wp-json\/wp\/v2\/types\/product"}],"replies":[{"embeddable":true,"href":"https:\/\/www.budream.com\/es\/wp-json\/wp\/v2\/comments?post=129103"}],"version-history":[{"count":0,"href":"https:\/\/www.budream.com\/es\/wp-json\/wp\/v2\/product\/129103\/revisions"}],"wp:featuredmedia":[{"embeddable":true,"href":"https:\/\/www.budream.com\/es\/wp-json\/wp\/v2\/media\/129094"}],"wp:attachment":[{"href":"https:\/\/www.budream.com\/es\/wp-json\/wp\/v2\/media?parent=129103"}],"wp:term":[{"taxonomy":"product_brand","embeddable":true,"href":"https:\/\/www.budream.com\/es\/wp-json\/wp\/v2\/product_brand?post=129103"},{"taxonomy":"product_cat","embeddable":true,"href":"https:\/\/www.budream.com\/es\/wp-json\/wp\/v2\/product_cat?post=129103"},{"taxonomy":"product_tag","embeddable":true,"href":"https:\/\/www.budream.com\/es\/wp-json\/wp\/v2\/product_tag?post=129103"}],"curies":[{"name":"wp","href":"https:\/\/api.w.org\/{rel}","templated":true}]}}