{"id":129118,"date":"2025-07-30T22:09:05","date_gmt":"2025-07-30T20:09:05","guid":{"rendered":"https:\/\/www.budream.com\/shop\/vapman-embudo-de-llenado-embudo\/"},"modified":"2026-01-19T11:54:23","modified_gmt":"2026-01-19T09:54:23","slug":"vapman-embudo-de-llenado-embudo","status":"publish","type":"product","link":"https:\/\/www.budream.com\/es\/shop\/vapman-embudo-de-llenado-embudo\/","title":{"rendered":"VAPMAN &#8211; EMBUDO DE LLENADO | EMBUDO"},"content":{"rendered":"<p>Hecho a medida para rellenar f\u00e1cilmente sus hierbas, el embudo Vapman est\u00e1 fabricado en aluminio de alta calidad y se puede transportar c\u00f3modamente en maletas vapman.<\/p>\n<p>1 pieza.<\/p>\n","protected":false},"excerpt":{"rendered":"<p>Hecho a medida para rellenar f\u00e1cilmente sus hierbas, el embudo Vapman est\u00e1 fabricado en aluminio de alta calidad y se<\/p>\n","protected":false},"featured_media":129109,"comment_status":"open","ping_status":"closed","template":"","meta":[],"product_brand":[],"product_cat":[7908],"product_tag":[],"class_list":{"0":"post-129118","1":"product","2":"type-product","3":"status-publish","4":"has-post-thumbnail","6":"product_cat-vaporizadores","8":"first","9":"instock","10":"sale","11":"taxable","12":"shipping-taxable","13":"purchasable","14":"product-type-simple"},"_links":{"self":[{"href":"https:\/\/www.budream.com\/es\/wp-json\/wp\/v2\/product\/129118","targetHints":{"allow":["GET"]}}],"collection":[{"href":"https:\/\/www.budream.com\/es\/wp-json\/wp\/v2\/product"}],"about":[{"href":"https:\/\/www.budream.com\/es\/wp-json\/wp\/v2\/types\/product"}],"replies":[{"embeddable":true,"href":"https:\/\/www.budream.com\/es\/wp-json\/wp\/v2\/comments?post=129118"}],"version-history":[{"count":0,"href":"https:\/\/www.budream.com\/es\/wp-json\/wp\/v2\/product\/129118\/revisions"}],"wp:featuredmedia":[{"embeddable":true,"href":"https:\/\/www.budream.com\/es\/wp-json\/wp\/v2\/media\/129109"}],"wp:attachment":[{"href":"https:\/\/www.budream.com\/es\/wp-json\/wp\/v2\/media?parent=129118"}],"wp:term":[{"taxonomy":"product_brand","embeddable":true,"href":"https:\/\/www.budream.com\/es\/wp-json\/wp\/v2\/product_brand?post=129118"},{"taxonomy":"product_cat","embeddable":true,"href":"https:\/\/www.budream.com\/es\/wp-json\/wp\/v2\/product_cat?post=129118"},{"taxonomy":"product_tag","embeddable":true,"href":"https:\/\/www.budream.com\/es\/wp-json\/wp\/v2\/product_tag?post=129118"}],"curies":[{"name":"wp","href":"https:\/\/api.w.org\/{rel}","templated":true}]}}