{"id":129348,"date":"2025-07-30T22:15:57","date_gmt":"2025-07-30T20:15:57","guid":{"rendered":"https:\/\/www.budream.com\/shop\/qnubu-prensa-automatica-rosina-lion-20ton-doble-placa-76x25cm-y-15x20cm\/"},"modified":"2026-05-12T11:02:52","modified_gmt":"2026-05-12T09:02:52","slug":"qnubu-prensa-automatica-rosina-lion-20ton-doble-placa-76x25cm-y-15x20cm","status":"publish","type":"product","link":"https:\/\/www.budream.com\/es\/shop\/qnubu-prensa-automatica-rosina-lion-20ton-doble-placa-76x25cm-y-15x20cm\/","title":{"rendered":"QNUBU &#8211; PRENSA AUTOMATICA ROSINA LION | 20TON DOBLE PLACA 7,6x25cm Y 15x20cm"},"content":{"rendered":"<p>Rosin fue el primero en descubrir que alcanzando la temperatura adecuada se puede extraer hasta el 80% de los principios activos de la planta.<\/p>\n<p>La t\u00e9cnica es muy sencilla, ya que consiste en ejercer presi\u00f3n sobre un cogollo colocado entre las cartulinas para que quede firmemente presionado entre el aluminio caliente de las placas.<\/p>\n<p>Una vez abierta la bolsa, encontrar\u00e1 la resina adherida. No puede ser m\u00e1s c\u00f3modo.<\/p>\n<p><strong>ATENCI\u00d3N: La prensa autom\u00e1tica profesional de 20 toneladas se vende ahora con 2 pares de placas calientes: 7,6x25cm y 15x20cm<\/strong><\/p>\n<h2><strong><span style=\"text-decoration: underline\">Especificaciones T\u00e9cnicas Auto LION Qnubu 20 ton:<\/span><\/strong><\/h2>\n<ul style=\"list-style-type: disc\">\n<li>Presi\u00f3n: 20 Toneladas<\/li>\n<li>Placa: dos placas incluidas: 7.6x25cm y 15x20cm<\/li>\n<li>TIimer 0-999seg &#8211; Aviso ac\u00fastico<\/li>\n<li>Voltaje: 220V<\/li>\n<li>Consumo: 2200W<\/li>\n<li>Peso: 91Kg<\/li>\n<\/ul>\n<p>Especialmente dise\u00f1ado para extraer aceites y resinas sin utilizar disolventes, sino simplemente por presi\u00f3n y calentamiento.<\/p>\n","protected":false},"excerpt":{"rendered":"<p>Rosin fue el primero en descubrir que alcanzando la temperatura adecuada se puede extraer hasta el 80% de los principios<\/p>\n","protected":false},"featured_media":129319,"comment_status":"open","ping_status":"closed","template":"","meta":[],"product_brand":[],"product_cat":[7948],"product_tag":[],"class_list":{"0":"post-129348","1":"product","2":"type-product","3":"status-publish","4":"has-post-thumbnail","6":"product_cat-headshop-es","8":"first","9":"instock","10":"taxable","11":"shipping-taxable","12":"purchasable","13":"product-type-simple"},"aioseo_notices":[],"_links":{"self":[{"href":"https:\/\/www.budream.com\/es\/wp-json\/wp\/v2\/product\/129348","targetHints":{"allow":["GET"]}}],"collection":[{"href":"https:\/\/www.budream.com\/es\/wp-json\/wp\/v2\/product"}],"about":[{"href":"https:\/\/www.budream.com\/es\/wp-json\/wp\/v2\/types\/product"}],"replies":[{"embeddable":true,"href":"https:\/\/www.budream.com\/es\/wp-json\/wp\/v2\/comments?post=129348"}],"version-history":[{"count":1,"href":"https:\/\/www.budream.com\/es\/wp-json\/wp\/v2\/product\/129348\/revisions"}],"predecessor-version":[{"id":268414,"href":"https:\/\/www.budream.com\/es\/wp-json\/wp\/v2\/product\/129348\/revisions\/268414"}],"wp:featuredmedia":[{"embeddable":true,"href":"https:\/\/www.budream.com\/es\/wp-json\/wp\/v2\/media\/129319"}],"wp:attachment":[{"href":"https:\/\/www.budream.com\/es\/wp-json\/wp\/v2\/media?parent=129348"}],"wp:term":[{"taxonomy":"product_brand","embeddable":true,"href":"https:\/\/www.budream.com\/es\/wp-json\/wp\/v2\/product_brand?post=129348"},{"taxonomy":"product_cat","embeddable":true,"href":"https:\/\/www.budream.com\/es\/wp-json\/wp\/v2\/product_cat?post=129348"},{"taxonomy":"product_tag","embeddable":true,"href":"https:\/\/www.budream.com\/es\/wp-json\/wp\/v2\/product_tag?post=129348"}],"curies":[{"name":"wp","href":"https:\/\/api.w.org\/{rel}","templated":true}]}}