{"id":129358,"date":"2025-07-30T22:16:26","date_gmt":"2025-07-30T20:16:26","guid":{"rendered":"https:\/\/www.budream.com\/shop\/ueber-aphido-spray-bio-750ml\/"},"modified":"2025-10-14T18:44:23","modified_gmt":"2025-10-14T16:44:23","slug":"ueber-aphido-spray-bio-750ml","status":"publish","type":"product","link":"https:\/\/www.budream.com\/es\/shop\/ueber-aphido-spray-bio-750ml\/","title":{"rendered":"UEBER &#8211; APHIDO SPRAY BIO | 750ml"},"content":{"rendered":"<h2><strong>Extracto vegetal a base de rutaceae.<\/strong><\/h2>\n<p class=\"p1\">Producto de \u00faltima generaci\u00f3n, promueve el desarrollo adecuado y exuberante de las plantas.<\/p>\n<p class=\"p1\">Debido a su especial formulaci\u00f3n, el producto se utiliza en el control indirecto de Pulgones, Aleurodidae, Thrips y Psilla.<\/p>\n<p class=\"p1\">Los componentes del producto favorecen la acci\u00f3n repelente contra los insectos en el suelo o en la vegetaci\u00f3n. De esta forma los par\u00e1sitos no se alimentan y son eliminados de las zonas tratadas de forma natural y en total ausencia de residuos.<\/p>\n<p><strong><br \/>Tratamiento para:<\/strong> controlAfidos, Aleurodidae, Thrips y Psilla.<\/p>\n","protected":false},"excerpt":{"rendered":"<p>Extracto vegetal a base de rutaceae. Producto de \u00faltima generaci\u00f3n, promueve el desarrollo adecuado y exuberante de las plantas. Debido<\/p>\n","protected":false},"featured_media":129354,"comment_status":"open","ping_status":"closed","template":"","meta":[],"product_brand":[],"product_cat":[7930],"product_tag":[],"class_list":{"0":"post-129358","1":"product","2":"type-product","3":"status-publish","4":"has-post-thumbnail","6":"product_cat-antiparasitarios-y-defensa","8":"first","9":"outofstock","10":"taxable","11":"shipping-taxable","12":"purchasable","13":"product-type-simple"},"aioseo_notices":[],"_links":{"self":[{"href":"https:\/\/www.budream.com\/es\/wp-json\/wp\/v2\/product\/129358","targetHints":{"allow":["GET"]}}],"collection":[{"href":"https:\/\/www.budream.com\/es\/wp-json\/wp\/v2\/product"}],"about":[{"href":"https:\/\/www.budream.com\/es\/wp-json\/wp\/v2\/types\/product"}],"replies":[{"embeddable":true,"href":"https:\/\/www.budream.com\/es\/wp-json\/wp\/v2\/comments?post=129358"}],"version-history":[{"count":0,"href":"https:\/\/www.budream.com\/es\/wp-json\/wp\/v2\/product\/129358\/revisions"}],"wp:featuredmedia":[{"embeddable":true,"href":"https:\/\/www.budream.com\/es\/wp-json\/wp\/v2\/media\/129354"}],"wp:attachment":[{"href":"https:\/\/www.budream.com\/es\/wp-json\/wp\/v2\/media?parent=129358"}],"wp:term":[{"taxonomy":"product_brand","embeddable":true,"href":"https:\/\/www.budream.com\/es\/wp-json\/wp\/v2\/product_brand?post=129358"},{"taxonomy":"product_cat","embeddable":true,"href":"https:\/\/www.budream.com\/es\/wp-json\/wp\/v2\/product_cat?post=129358"},{"taxonomy":"product_tag","embeddable":true,"href":"https:\/\/www.budream.com\/es\/wp-json\/wp\/v2\/product_tag?post=129358"}],"curies":[{"name":"wp","href":"https:\/\/api.w.org\/{rel}","templated":true}]}}