{"id":129368,"date":"2025-07-30T22:16:54","date_gmt":"2025-07-30T20:16:54","guid":{"rendered":"https:\/\/www.budream.com\/shop\/vdl-forest-keeper-bomba-de-mochila-con-bateria-5l\/"},"modified":"2025-12-29T16:58:48","modified_gmt":"2025-12-29T14:58:48","slug":"vdl-forest-keeper-bomba-de-mochila-con-bateria-5l","status":"publish","type":"product","link":"https:\/\/www.budream.com\/es\/shop\/vdl-forest-keeper-bomba-de-mochila-con-bateria-5l\/","title":{"rendered":"VDL &#8211; FOREST KEEPER BOMBA DE MOCHILA CON BATERIA | 5l"},"content":{"rendered":"<p>La bomba de mochila <strong>Forest 5 Keeper<\/strong> es un pulverizador electr\u00f3nico con una autonom\u00eda de 120 min. Est\u00e1 dise\u00f1ado espec\u00edficamente para la aplicaci\u00f3n de l\u00edquidos como pesticidas, herbicidas o riego.<\/p>\n<p>Se carga mediante conexi\u00f3n USB (incluida), con indicador luminoso.<\/p>\n<p>La lanza est\u00e1 fabricada en acero inoxidable, lo que garantiza una larga vida \u00fatil sin da\u00f1ar el producto a aplicar. Dispone de una boquilla ajustable.<\/p>\n<p>Un pulverizador c\u00f3modo de usar, gracias a su bandolera acolchada que permite cargarlo sin problemas.<\/p>\n<h2>Caracter\u00edsticas t\u00e9cnicas Bomba de mochila Forest 5:<\/h2>\n<div class=\"row att-row\">\n<div class=\"col-6\">\n<ul style=\"list-style-type: disc\">\n<li>Capacidad (L) 5<\/li>\n<li>Dimensiones (cm) 239x141x408<\/li>\n<li>Peso (kg) 1<\/li>\n<li>Material Acero inoxidable<\/li>\n<li>Presi\u00f3n m\u00e1xima 2 bar<\/li>\n<li>Duraci\u00f3n de la bater\u00eda (h) Dos<\/li>\n<\/ul>\n<\/div>\n<\/div>\n","protected":false},"excerpt":{"rendered":"<p>La bomba de mochila Forest 5 Keeper es un pulverizador electr\u00f3nico con una autonom\u00eda de 120 min. Est\u00e1 dise\u00f1ado espec\u00edficamente<\/p>\n","protected":false},"featured_media":129364,"comment_status":"open","ping_status":"closed","template":"","meta":[],"product_brand":[],"product_cat":[7930],"product_tag":[],"class_list":{"0":"post-129368","1":"product","2":"type-product","3":"status-publish","4":"has-post-thumbnail","6":"product_cat-antiparasitarios-y-defensa","8":"first","9":"outofstock","10":"taxable","11":"shipping-taxable","12":"purchasable","13":"product-type-simple"},"aioseo_notices":[],"_links":{"self":[{"href":"https:\/\/www.budream.com\/es\/wp-json\/wp\/v2\/product\/129368","targetHints":{"allow":["GET"]}}],"collection":[{"href":"https:\/\/www.budream.com\/es\/wp-json\/wp\/v2\/product"}],"about":[{"href":"https:\/\/www.budream.com\/es\/wp-json\/wp\/v2\/types\/product"}],"replies":[{"embeddable":true,"href":"https:\/\/www.budream.com\/es\/wp-json\/wp\/v2\/comments?post=129368"}],"version-history":[{"count":0,"href":"https:\/\/www.budream.com\/es\/wp-json\/wp\/v2\/product\/129368\/revisions"}],"wp:featuredmedia":[{"embeddable":true,"href":"https:\/\/www.budream.com\/es\/wp-json\/wp\/v2\/media\/129364"}],"wp:attachment":[{"href":"https:\/\/www.budream.com\/es\/wp-json\/wp\/v2\/media?parent=129368"}],"wp:term":[{"taxonomy":"product_brand","embeddable":true,"href":"https:\/\/www.budream.com\/es\/wp-json\/wp\/v2\/product_brand?post=129368"},{"taxonomy":"product_cat","embeddable":true,"href":"https:\/\/www.budream.com\/es\/wp-json\/wp\/v2\/product_cat?post=129368"},{"taxonomy":"product_tag","embeddable":true,"href":"https:\/\/www.budream.com\/es\/wp-json\/wp\/v2\/product_tag?post=129368"}],"curies":[{"name":"wp","href":"https:\/\/api.w.org\/{rel}","templated":true}]}}