{"id":129438,"date":"2025-07-30T22:18:36","date_gmt":"2025-07-30T20:18:36","guid":{"rendered":"https:\/\/www.budream.com\/shop\/grenco-science-gpen-roam-vaporizador-para-extractos\/"},"modified":"2025-12-23T21:29:04","modified_gmt":"2025-12-23T19:29:04","slug":"grenco-science-gpen-roam-vaporizador-para-extractos","status":"publish","type":"product","link":"https:\/\/www.budream.com\/es\/shop\/grenco-science-gpen-roam-vaporizador-para-extractos\/","title":{"rendered":"GRENCO SCIENCE &#8211; GPEN ROAM | VAPORIZADOR PARA EXTRACTOS"},"content":{"rendered":"<p>GRENCO Science presenta <strong>Gpen Roam<\/strong>, un vaporizador port\u00e1til todo en uno intuitivamente dise\u00f1ado para proporcionar vaporizaci\u00f3n de extractos con un filtro de agua incorporado.<br \/><strong><strong><br \/><\/strong><\/strong><\/p>\n<h3><span style=\"text-decoration: underline\">Burbujeador incorporado<\/span><\/h3>\n<p>Equipado con un burbujeador de vidrio de borosilicato extra\u00edble y a prueba de derrames que filtra el vapor y lo refresca. \u00a1vaporizar extractos nunca volver\u00e1 a ser lo mismo! Un tanque <strong>100% de cuarzo<\/strong> y una potente bater\u00eda de iones de litio de 1.300 mAh completan el paquete.<strong><strong><\/p>\n<p><\/strong><\/strong><\/p>\n<h3><span style=\"text-decoration: underline\">Gestiona tu temperatura<\/span><\/h3>\n<p>El Gpen Roam <strong>se adapta a las preferencias de sabor y calor de cada usuario<\/strong> a trav\u00e9s de un control de temperatura digital ( 204&deg;- 425&deg; C ) y una pantalla LED de f\u00e1cil lectura, junto con una funci\u00f3n de retroalimentaci\u00f3n t\u00e1ctil (vibraci\u00f3n) que indica cuando el dispositivo est\u00e1 listo para su uso.<br \/>El Gpen Roam alcanza la temperatura programada en s\u00f3lo unos segundos para ofrecer caladas suaves y sabrosas de forma r\u00e1pida y sencilla.<\/p>\n<h3><span style=\"text-decoration: underline\">Dep\u00f3sito de cuarzo<\/span><\/h3>\n<p>El tanque de cuarzo del Roam no s\u00f3lo se calienta m\u00e1s r\u00e1pido, sino que tambi\u00e9n hace un trabajo fant\u00e1stico en la mejora del sabor de su material, incluso en el<strong>rango de alta temperatura<\/strong> de 315 &deg; C &#8211; 425 &deg; C.<br \/>Dise\u00f1ado con la portabilidad discreta en mente, el Roam est\u00e1 encerrado en una carcasa de aleaci\u00f3n de aluminio ligera pero duradera que protege completamente el tanque de cuarzo y el burbujeador de vidrio.<\/p>\n<p> La tecnolog\u00eda Pass-through permite utilizar el dispositivo mientras est\u00e1 enchufado, y todas las piezas del usuario se pueden<strong> extraer y limpiar f\u00e1cilmente<\/strong>; el G Pen Roam se recarga r\u00e1pidamente, se puede utilizar durante el proceso de carga y se mantiene con vida durante todo un d\u00eda.<br \/>Cada kit completo del G Pen Roam viene de serie dentro de un <strong>estuche de viaje de c\u00e1\u00f1amo<\/strong> con espacio para dos latas de concentrados y un bolsillo para accesorios que incluye un cable de carga micro USB y un dabber GPen para cargar concentrados.<\/p>\n<h2><span style=\"text-decoration: underline\">Caracter\u00edsticas Gpen Roam<\/span>:<\/h2>\n<ul style=\"list-style-type: disc\">\n<li>vaporizador para extractos;<\/li>\n<li>burbujeador incorporado;<\/li>\n<li>control digital de temperatura;<\/li>\n<li>pantalla LED;<\/li>\n<li>c\u00e1mara de vaporizaci\u00f3n de cuarzo;<\/li>\n<li>alto rango de temperatura;<\/li>\n<\/ul>\n<p><span style=\"font-size: 14pt\"><span style=\"text-decoration: underline\"><br \/><strong>Incluido en la caja<\/strong><\/span><strong>:<\/strong><br \/><\/span><\/p>\n<ul style=\"list-style-type: disc\">\n<li>1x GPen Roam<\/li>\n<li>1x Tanque de cuarzo<\/li>\n<li>1x tapa del tanque<\/li>\n<li>1x boquilla<\/li>\n<li>1x burbujeador de vidrio<\/li>\n<li>1x cable de carga Micro-USB<\/li>\n<li>1x estuche de viaje<\/li>\n<li>1x dabber GPEN<\/li>\n<\/ul>\n","protected":false},"excerpt":{"rendered":"<p>GRENCO Science presenta Gpen Roam, un vaporizador port\u00e1til todo en uno intuitivamente dise\u00f1ado para proporcionar vaporizaci\u00f3n de extractos con un<\/p>\n","protected":false},"featured_media":129389,"comment_status":"open","ping_status":"closed","template":"","meta":[],"product_brand":[],"product_cat":[1179],"product_tag":[],"class_list":{"0":"post-129438","1":"product","2":"type-product","3":"status-publish","4":"has-post-thumbnail","6":"product_cat-vaporizzatori","8":"first","9":"instock","10":"taxable","11":"shipping-taxable","12":"purchasable","13":"product-type-simple"},"aioseo_notices":[],"_links":{"self":[{"href":"https:\/\/www.budream.com\/es\/wp-json\/wp\/v2\/product\/129438","targetHints":{"allow":["GET"]}}],"collection":[{"href":"https:\/\/www.budream.com\/es\/wp-json\/wp\/v2\/product"}],"about":[{"href":"https:\/\/www.budream.com\/es\/wp-json\/wp\/v2\/types\/product"}],"replies":[{"embeddable":true,"href":"https:\/\/www.budream.com\/es\/wp-json\/wp\/v2\/comments?post=129438"}],"version-history":[{"count":0,"href":"https:\/\/www.budream.com\/es\/wp-json\/wp\/v2\/product\/129438\/revisions"}],"wp:featuredmedia":[{"embeddable":true,"href":"https:\/\/www.budream.com\/es\/wp-json\/wp\/v2\/media\/129389"}],"wp:attachment":[{"href":"https:\/\/www.budream.com\/es\/wp-json\/wp\/v2\/media?parent=129438"}],"wp:term":[{"taxonomy":"product_brand","embeddable":true,"href":"https:\/\/www.budream.com\/es\/wp-json\/wp\/v2\/product_brand?post=129438"},{"taxonomy":"product_cat","embeddable":true,"href":"https:\/\/www.budream.com\/es\/wp-json\/wp\/v2\/product_cat?post=129438"},{"taxonomy":"product_tag","embeddable":true,"href":"https:\/\/www.budream.com\/es\/wp-json\/wp\/v2\/product_tag?post=129438"}],"curies":[{"name":"wp","href":"https:\/\/api.w.org\/{rel}","templated":true}]}}