{"id":129448,"date":"2025-07-30T22:19:12","date_gmt":"2025-07-30T20:19:12","guid":{"rendered":"https:\/\/www.budream.com\/shop\/qnubu-papel-de-extraccion-de-rosas-10x10cm-100pcs\/"},"modified":"2026-04-14T15:01:28","modified_gmt":"2026-04-14T13:01:28","slug":"qnubu-papel-de-extraccion-de-rosas-10x10cm-100pcs","status":"publish","type":"product","link":"https:\/\/www.budream.com\/es\/shop\/qnubu-papel-de-extraccion-de-rosas-10x10cm-100pcs\/","title":{"rendered":"QNUBU &#8211; PAPEL DE EXTRACCI\u00d3N DE ROSAS | 10X10cm &#8211; 100pcs."},"content":{"rendered":"<p><strong>&#8216;Papel de extracci\u00f3n hecho por y para profesionales de la extracci\u00f3n&#8217;.<\/strong><\/p>\n<p>Cansados de tener que utilizar papel de horno de supermercado, que no resiste la presi\u00f3n y retiene parte de las extracciones, Qnubu decidi\u00f3 desarrollar un papel espec\u00edfico para utilizar con las prensas de extracci\u00f3n Rosin.<\/p>\n<h2><strong>El papel de extracci\u00f3n Qnubu ofrece:<\/strong><\/h2>\n<ul style=\"list-style-type: disc\">\n<li>Grosor<strong>:<\/strong> un papel grueso para soportar altas presiones.<\/li>\n<li><strong>Resistencia a las altas presiones.<\/strong><\/li>\n<li>Antiadherente: parte de la extracci\u00f3n ya no se perder\u00e1 en el papel de horno.<\/li>\n<li><strong>Resistente al calor.<\/strong><\/li>\n<li>Papel de calidad alimentaria<\/li>\n<li><strong>PRECORTADO PARA UN USO C\u00d3MODO<\/strong><\/li>\n<\/ul>\n<p><strong>Caracter\u00edsticas t\u00e9cnicas del papel de extracci\u00f3n Qnubu<\/strong><\/p>\n<ul style=\"list-style-type: disc\">\n<li>DIMENSIONES: 10X10 cm<\/li>\n<li>Antiadherente<\/li>\n<li>Doble silicona<\/li>\n<li>Sistema de corte incorporado<\/li>\n<li>CANTIDAD: 100 piezas<\/li>\n<\/ul>\n<p>Por fin, un papel para hornear creado espec\u00edficamente para su uso con m\u00e1quinas de impresi\u00f3n Rosin.<\/p>\n","protected":false},"excerpt":{"rendered":"<p>&#8216;Papel de extracci\u00f3n hecho por y para profesionales de la extracci\u00f3n&#8217;. Cansados de tener que utilizar papel de horno de<\/p>\n","protected":false},"featured_media":129444,"comment_status":"open","ping_status":"closed","template":"","meta":[],"product_brand":[],"product_cat":[7948],"product_tag":[],"class_list":{"0":"post-129448","1":"product","2":"type-product","3":"status-publish","4":"has-post-thumbnail","6":"product_cat-headshop-es","8":"first","9":"instock","10":"taxable","11":"shipping-taxable","12":"purchasable","13":"product-type-simple"},"aioseo_notices":[],"_links":{"self":[{"href":"https:\/\/www.budream.com\/es\/wp-json\/wp\/v2\/product\/129448","targetHints":{"allow":["GET"]}}],"collection":[{"href":"https:\/\/www.budream.com\/es\/wp-json\/wp\/v2\/product"}],"about":[{"href":"https:\/\/www.budream.com\/es\/wp-json\/wp\/v2\/types\/product"}],"replies":[{"embeddable":true,"href":"https:\/\/www.budream.com\/es\/wp-json\/wp\/v2\/comments?post=129448"}],"version-history":[{"count":1,"href":"https:\/\/www.budream.com\/es\/wp-json\/wp\/v2\/product\/129448\/revisions"}],"predecessor-version":[{"id":262713,"href":"https:\/\/www.budream.com\/es\/wp-json\/wp\/v2\/product\/129448\/revisions\/262713"}],"wp:featuredmedia":[{"embeddable":true,"href":"https:\/\/www.budream.com\/es\/wp-json\/wp\/v2\/media\/129444"}],"wp:attachment":[{"href":"https:\/\/www.budream.com\/es\/wp-json\/wp\/v2\/media?parent=129448"}],"wp:term":[{"taxonomy":"product_brand","embeddable":true,"href":"https:\/\/www.budream.com\/es\/wp-json\/wp\/v2\/product_brand?post=129448"},{"taxonomy":"product_cat","embeddable":true,"href":"https:\/\/www.budream.com\/es\/wp-json\/wp\/v2\/product_cat?post=129448"},{"taxonomy":"product_tag","embeddable":true,"href":"https:\/\/www.budream.com\/es\/wp-json\/wp\/v2\/product_tag?post=129448"}],"curies":[{"name":"wp","href":"https:\/\/api.w.org\/{rel}","templated":true}]}}