{"id":129478,"date":"2025-07-30T22:23:19","date_gmt":"2025-07-30T20:23:19","guid":{"rendered":"https:\/\/www.budream.com\/shop\/trituradora-de-plastico-4-piezas-52x28\/"},"modified":"2026-03-10T13:48:57","modified_gmt":"2026-03-10T11:48:57","slug":"trituradora-de-plastico-4-piezas-52x28","status":"publish","type":"product","link":"https:\/\/www.budream.com\/es\/shop\/trituradora-de-plastico-4-piezas-52x28\/","title":{"rendered":"TRITURADORA DE PL\u00c1STICO | 4 PIEZAS 52&#215;28"},"content":{"rendered":"<h2><span style=\"text-decoration: underline\">GRINDER DE PL\u00c1STICO:<\/span><\/h2>\n<ul style=\"list-style-type: disc\">\n<li>4 partes<\/li>\n<li>100% pl\u00e1stico<\/li>\n<li>di\u00e1metro 52 mm<\/li>\n<li>altura 28 mm<\/li>\n<li>colores surtidos<\/li>\n<\/ul>\n","protected":false},"excerpt":{"rendered":"<p>GRINDER DE PL\u00c1STICO: 4 partes 100% pl\u00e1stico di\u00e1metro 52 mm altura 28 mm colores surtidos<\/p>\n","protected":false},"featured_media":129474,"comment_status":"open","ping_status":"closed","template":"","meta":[],"product_brand":[],"product_cat":[7948],"product_tag":[],"class_list":{"0":"post-129478","1":"product","2":"type-product","3":"status-publish","4":"has-post-thumbnail","6":"product_cat-headshop-es","8":"first","9":"instock","10":"taxable","11":"shipping-taxable","12":"purchasable","13":"product-type-simple"},"aioseo_notices":[],"_links":{"self":[{"href":"https:\/\/www.budream.com\/es\/wp-json\/wp\/v2\/product\/129478","targetHints":{"allow":["GET"]}}],"collection":[{"href":"https:\/\/www.budream.com\/es\/wp-json\/wp\/v2\/product"}],"about":[{"href":"https:\/\/www.budream.com\/es\/wp-json\/wp\/v2\/types\/product"}],"replies":[{"embeddable":true,"href":"https:\/\/www.budream.com\/es\/wp-json\/wp\/v2\/comments?post=129478"}],"version-history":[{"count":0,"href":"https:\/\/www.budream.com\/es\/wp-json\/wp\/v2\/product\/129478\/revisions"}],"wp:featuredmedia":[{"embeddable":true,"href":"https:\/\/www.budream.com\/es\/wp-json\/wp\/v2\/media\/129474"}],"wp:attachment":[{"href":"https:\/\/www.budream.com\/es\/wp-json\/wp\/v2\/media?parent=129478"}],"wp:term":[{"taxonomy":"product_brand","embeddable":true,"href":"https:\/\/www.budream.com\/es\/wp-json\/wp\/v2\/product_brand?post=129478"},{"taxonomy":"product_cat","embeddable":true,"href":"https:\/\/www.budream.com\/es\/wp-json\/wp\/v2\/product_cat?post=129478"},{"taxonomy":"product_tag","embeddable":true,"href":"https:\/\/www.budream.com\/es\/wp-json\/wp\/v2\/product_tag?post=129478"}],"curies":[{"name":"wp","href":"https:\/\/api.w.org\/{rel}","templated":true}]}}